{"id":7209,"date":"2023-07-14T09:26:33","date_gmt":"2023-07-14T07:26:33","guid":{"rendered":"https:\/\/antykilion.pl\/?post_type=product&#038;p=7209"},"modified":"2026-03-12T09:43:11","modified_gmt":"2026-03-12T08:43:11","slug":"muzealny-zegar-james-crisp-croydon-xviii-w","status":"publish","type":"product","link":"https:\/\/antykilion.pl\/en\/product\/muzealny-zegar-james-crisp-croydon-xviii-w\/","title":{"rendered":"Muzealny zegar James Crisp Croydon, XVIII w"},"content":{"rendered":"","protected":false},"excerpt":{"rendered":"<p>Muzealny zegar James Crisp Croydon, XVIII w<\/p>\n<p>Zegar pod\u0142ogowy- szafowy<\/p>\n<p>Do\u0142em szeroka szafka coko\u0142owa na konsolowych nogach. Kolumna zegara prostopad\u0142o\u015bcienna z drzwiczkami oflankowanymi w naro\u017cach kanelowanymi \u0107wier\u0107kolumnami. Kaptur od frontu os\u0142oni\u0119ty oszklonymi, \u0142ukowatymi drzwiczkami, z par\u0105 kanelowanych kolumienek na bokach. Boczne \u015bcianki oszklone. G\u00f3ra rozbudowana, z a\u017curow\u0105 arkad\u0105; w zwie\u0144czeniu daszek ze sp\u0142ywami, z a\u017curowym \u201eg\u0142o\u015bnikiem\u201d od frontu. Na naro\u017cach i po\u015brodku daszka &#8211; mosi\u0119\u017cne sterczyny w formie waz z p\u0142omieniami. P\u0142yta tarczy mosi\u0119\u017cna, w centrum fakturowana, z na\u0142o\u017conym pier\u015bcieniem, z podzia\u0142em godzinowym rzymskim i minutowym arabskim. Wskaz\u00f3wki a\u017curowe. Kornery nak\u0142adane, a\u017curowe, z wici\u0105 akantow\u0105. W pod\u0142uczu &#8211; mi\u0119dzy a\u017curowymi aplikacjami &#8211; soczewkowata, kolista tarczka mosi\u0119\u017cna z grawerowanym napisem: \u201eDavid Rivers \/ London\u201d. Mechanizm bije godziny i p\u00f3\u0142godziny; na tarczy prostok\u0105tne okienko pozwala odczyta\u0107 wskazania kalendarza.<\/p>\n<p>Material: mahogany<\/p>\n<p>Wymiary: wys. 228 cm, szer. 46 cm, g\u0142\u0119b. 27 cm.<\/p>\n<p>Pochodzenie: Anglia, James Crisp Croydon, XVIII<\/p>\n<p>An extremely impressive example of the most luxurious English clock of the &quot;long case&quot; type<\/p>\n<p>Beautiful makes an impression !!!<\/p>","protected":false},"featured_media":7210,"comment_status":"closed","ping_status":"closed","template":"","meta":[],"product_cat":[52,51],"product_tag":[],"class_list":{"0":"post-7209","1":"product","2":"type-product","3":"status-publish","4":"has-post-thumbnail","6":"product_cat-zegary-stojace","7":"product_cat-zegary","9":"entry","10":"has-media","12":"first","13":"instock","14":"taxable","15":"shipping-taxable","16":"purchasable","17":"product-type-simple","18":"has-product-nav","19":"col","20":"span_1_of_3","21":"owp-content-center","22":"owp-thumbs-layout-horizontal","23":"owp-btn-normal","24":"owp-tabs-layout-horizontal"},"aioseo_notices":[],"_links":{"self":[{"href":"https:\/\/antykilion.pl\/en\/wp-json\/wp\/v2\/product\/7209","targetHints":{"allow":["GET"]}}],"collection":[{"href":"https:\/\/antykilion.pl\/en\/wp-json\/wp\/v2\/product"}],"about":[{"href":"https:\/\/antykilion.pl\/en\/wp-json\/wp\/v2\/types\/product"}],"replies":[{"embeddable":true,"href":"https:\/\/antykilion.pl\/en\/wp-json\/wp\/v2\/comments?post=7209"}],"wp:featuredmedia":[{"embeddable":true,"href":"https:\/\/antykilion.pl\/en\/wp-json\/wp\/v2\/media\/7210"}],"wp:attachment":[{"href":"https:\/\/antykilion.pl\/en\/wp-json\/wp\/v2\/media?parent=7209"}],"wp:term":[{"taxonomy":"product_cat","embeddable":true,"href":"https:\/\/antykilion.pl\/en\/wp-json\/wp\/v2\/product_cat?post=7209"},{"taxonomy":"product_tag","embeddable":true,"href":"https:\/\/antykilion.pl\/en\/wp-json\/wp\/v2\/product_tag?post=7209"}],"curies":[{"name":"wp","href":"https:\/\/api.w.org\/{rel}","templated":true}]}}