{"id":7234,"date":"2023-08-03T13:20:56","date_gmt":"2023-08-03T11:20:56","guid":{"rendered":"https:\/\/antykilion.pl\/?post_type=product&#038;p=7234"},"modified":"2023-08-03T13:20:56","modified_gmt":"2023-08-03T11:20:56","slug":"marco-i-sebastiano-ricci-rzymskie-ruiny-xvii-wiek","status":"publish","type":"product","link":"https:\/\/antykilion.pl\/en\/product\/marco-i-sebastiano-ricci-rzymskie-ruiny-xvii-wiek\/","title":{"rendered":"Marco i Sebastiano Ricci Rzymskie ruiny XVII wiek"},"content":{"rendered":"","protected":false},"excerpt":{"rendered":"<p>Marco i Sebastiano Ricci Rzymskie ruiny XVII wiek<\/p>\n<p>Udokumentowano, \u017ce Sebastiano Ricci i jego siostrzeniec Marco pracowali razem nad kilkoma obrazami, przy czym pierwszy malowa\u0142 postacie, a drugi t\u0142a krajobrazu lub elementy architektoniczne. Ujawnia to na przyk\u0142ad list Sebastiana do Ferdinanda de&#8217; Medici, Wielkiego Ksi\u0119cia Toskanii, we Florencji, datowany na 1 maja 1706 r., oraz w innym li\u015bcie Owena McSweeny&#8217;ego z 17 grudnia 1723 r. wst\u0119pna p\u0142atno\u015b\u0107 na rzecz dw\u00f3ch Ricci za alegoryczny grobowiec ksi\u0119cia Devonshire, podpisany przez obu artyst\u00f3w i datowany na 1725 r., obecnie w Barber Institute of Birmingham. Inne wsp\u00f3lne projekty s\u0105 potwierdzone w innych \u017ar\u00f3d\u0142ach. O tym, \u017ce nad jednym obrazem pracowa\u0142o kilku artyst\u00f3w, \u015bwiadcz\u0105 cz\u0119sto podw\u00f3jne podpisy lub same prace. Jednak p\u00f3j\u015bcie o krok dalej i przyj\u0119cie jako ustalonej zasady, \u017ce ka\u017cdy obraz przedstawiaj\u0105cy elementy architektoniczne lub pejza\u017ce autorstwa Sebastiano musi zawiera\u0107 r\u0119k\u0119 Marco, jest zbyt \u015bmia\u0142y. Starszy Ricci sam by\u0142 ca\u0142kiem zdolny do malowania architektury, gdy by\u0142o to wymagane: dowodem na to s\u0105 dwa p\u0142\u00f3tna przedstawiaj\u0105ce uczt\u0119 Baltazara oraz Ester\u0119 i Asahuerusa w Palazzo del Quirinale w Rzymie, zam\u00f3wione dla Palazzo Reale w Turynie w 1733 roku, trzy lata po \u015bmierci Marco .<\/p>\n<p>Marco Ricci (ur. 5 czerwca 1676 w Belluno, zm. 21 stycznia 1730 w Wenecji \u2013 w\u0142oski pejza\u017cysta, wedutysta, malarz teatralny i akwaforcista okresu rokoka.<\/p>\n<p>Bratanek malarza Sebastiana Ricciego, u kt\u00f3rego w Wenecji zapewne otrzyma\u0142 pierwsze wykszta\u0142cenie. W jego dzie\u0142ach wida\u0107 tak\u017ce wp\u0142yw dzia\u0142aj\u0105cego w Wenecji holenderskiego pejza\u017cysty Cavaliera Tempesty (ok. 1637-1701). W 1708 przyj\u0105\u0142 zaproszenie do pracy w Anglii jako malarz teatralny. R\u00f3wnie\u017c w Wenecji dzia\u0142a\u0142 na tym polu. Malowa\u0142 pejza\u017ce architektoniczne dla teatru oraz jako obrazy i krajobrazy nadrzeczne z dalek\u0105 perspektyw\u0105. Wywar\u0142 wp\u0142yw na rozw\u00f3j weneckiego malarstwa wedutowego w XVIII w., m.in. na tw\u00f3rczo\u015b\u0107 Canaletta.<\/p>\n<p>Du\u017c\u0105 wystaw\u0119 jego dzie\u0142 zorganizowano w Bassano w 1963.<\/p>\n<p>Wybrane dzie\u0142a<br \/>\nKraina sztorm\u00f3w \u2013 Budapeszt, Muzeum Sztuk Pi\u0119knych<br \/>\nM\u0142yn w dolinie \u2013 Drezno, Gemaeldegalerie<br \/>\nPejza\u017c po\u0142udniowy w wieczornym \u015bwietle \u2013 Berlin, Gemaeldegalerie<br \/>\nPejza\u017c z drog\u0105 \u2013 Warszawa, Muzeum Narodowe<br \/>\nPejza\u017c z okr\u0105g\u0142\u0105 \u015bwi\u0105tyni\u0105 &#8211; Drezno, Gemaeldegalerie<br \/>\nPejza\u017c z praczkami (ok. 1720) \u2013 Wenecja, Accademia<br \/>\nPejza\u017c z wo\u0142ami &#8211; Sarat\u00f3w, Muzeum Radiszczewa<br \/>\nPejza\u017c ze \u015bw. Hieronimem \u2013 Drezno, Gemaeldegalerie<br \/>\nPejza\u017c ze \u015bw. Magdalen\u0105 \u2013 Drezno, Gemaeldegalerie<br \/>\nPejza\u017c zimowy \u2013 Drezno, Gemaeldegalerie<br \/>\nPejza\u017c zimowy \u2013 Wenecja, Ca\u2019 Rezzonico<br \/>\nPraczki w dolinie \u2013 Drezno, Gemaeldegalerie<br \/>\nStudnia przy drodze \u2013 Drezno, Gemaeldegalerie<\/p>\n<p>Sebastiano Ricci (ur. przed 1 sierpnia 1659 (data chrztu) w Belluno, zm. 15 maja 1734 w Wenecji) \u2013 w\u0142oski malarz okresu rokoka, tw\u00f3rca malarstwa dekoracyjnego.<\/p>\n<p>Studiowa\u0142 w Wenecji u Federica Cervellego i Sebastiana Mazzoniego. Od p\u00f3\u017anych lat 70. pracowa\u0142 u Giovanniego dal Sole (1654-1719) w Bolonii. Wspierany przez ksi\u0119cia Ranuccia II Farnese, otrzymywa\u0142 liczne zlecenia w Rzymie, gdzie mieszka\u0142 przez wiele lat. Dzia\u0142a\u0142 tak\u017ce we Florencji, Mediolanie (gdzie zetkn\u0105\u0142 si\u0119 a Alessandrem Magnasco) oraz w Wenecji. Ponadto d\u0142u\u017cej przebywa\u0142 w Wiedniu (1701-3), ponownie we Florencji (1706-7) oraz w Londynie (1711-1716), gdzie pracowa\u0142 dla lorda Burlingtona. Do Wenecji powr\u00f3ci\u0142 w 1718.<\/p>\n<p>Wykonywa\u0142 obrazy sztalugowe i o\u0142tarzowe. Malowa\u0142 kompozycje religijne, mitologiczne i alegoryczne. Jego dzie\u0142a odznaczaj\u0105 si\u0119 efektami iluzjonistycznymi i jasn\u0105 palet\u0105 barwn\u0105.<\/p>\n<p>Jego bratanek Marco Ricci by\u0142 pejza\u017cyst\u0105.<\/p>\n<p>Wybrane dzie\u0142a<br \/>\nPapie\u017c Pawe\u0142 III przygotowuj\u0105cy sob\u00f3r trydencki \u2013 (1687-88), Piacenza, Museo Civico<br \/>\nAlegoria dnia: Po\u0142udnie \u2013 (1699-1704) Wenecja, Fundacja Querini Stampalia<br \/>\nBogowie olimpijscy (ok. 1700) \u2013 Berlin, Gemaeldegalerie<br \/>\nWniebowst\u0105pienie (1702) \u2013 Drezno, Gemaeldegalerie<br \/>\nWielkoduszno\u015b\u0107 Scypiona (ok. 1705) \u2013 Londyn, Royal Collection<br \/>\nUkaranie Amora (1706-7) \u2013 Florencja, Palazzo-Maruzelli-Fenzi<br \/>\nAlegoria Toskanii (1706) \u2013 Florencja, Uffizi<br \/>\nMadonna z Dzieci\u0105tkiem i \u015bwi\u0119tymi (1708) \u2013 Wenecja, San Giorgio Maggiore<br \/>\nZa\u015blubiny Bachusa i Ariadny (ok. 1711) \u2013 Pommersfelden, Kolekcja Grafa von Schoenborn<br \/>\nMedoro i Angelika (1713-29) \u2013 Sibiu, Brukenthal Museum<br \/>\nAlegoria Francji: Triumf m\u0105dro\u015bci nad ignorancj\u0105 (1718) \u2013 Pary\u017c, Luwr<br \/>\nZjawa nocna lub Sen Eskulapa (ok. 1718) \u2013 Wenecja, Accademia<br \/>\nBatszeba w k\u0105pieli (ok. 1720) \u2013 Budapeszt, Muzeum Sztuk Pi\u0119knych<br \/>\nOfiara dla Westy (1723) \u2013 Drezno, Gemaeldegalerie<br \/>\nZuzanna przed s\u0105dem Daniela (1724) \u2013 Turyn, Galleria Sabauda<br \/>\nBatszeba w k\u0105pieli (ok. 1725) \u2013 Berlin, Gemaeldegalerie<br \/>\nMoj\u017cesz wydobywaj\u0105cy wod\u0119 ze ska\u0142y (1726) \u2013 Turyn, Galleria Sabauda<br \/>\nChrystus na G\u00f3rze Oliwnej (ok. 1730) \u2013 Wiede\u0144, Kunsthistorisches Museum<br \/>\nEstera przed Aswerusem (ok. 1730) \u2013 Londyn, National Gallery<br \/>\nNiepokalane Pocz\u0119cie (1730) \u2013 Wenecja, San Vitale<br \/>\nAutoportret (1731) \u2013 Florencja, Uffizi<br \/>\nEstera przed Aswerusem (1733) \u2013 Rzym, Kwiryna\u0142<br \/>\nWniebowzi\u0119cie Marii \u2013 1733, olej na p\u0142\u00f3tnie, 95\u00a0\u00d7\u00a051,5\u00a0cm, Muzeum Sztuk Pi\u0119knych w Budapeszcie, Budapeszt<br \/>\nWniebowzi\u0119cie (1734) \u2013 Wiede\u0144, Karlskirche<br \/>\nNiezgoda pod\u017cegaj\u0105ca do walki dw\u00f3ch wojownik\u00f3w \u2013 Piacenza, Muso Civico<br \/>\nWniebowst\u0105pienie \u2013 Rzym, SS. XII Apostoli<\/p>\n<p>Technique: oil on canvas<\/p>\n<p>Stan: bardzo dobry, po konserwacji zachowawczej zosta\u0142 oczyszczony i dosta\u0142 nowy werniks<\/p>\n<p>Sygnatura: obraz przypisywany malarzom, ale bezwzgl\u0119dnie to ich praca<\/p>\n<p>Wymiary:\u00a0 p\u0142\u00f3tna 88 cm na 108 cm\u00a0 z ram\u0105 oko\u0142o\u00a0 90 cm na 110 cm obraz wielkoformatowy ob\u0142\u0119dny!!!<\/p>\n<p>Do ka\u017cdego przedmiotu Galeria wystawia certyfikat.<\/p>\n<p>Bardzo dobre malarstwo obraz robi ogromne wra\u017cenie !!!<\/p>","protected":false},"featured_media":7235,"comment_status":"closed","ping_status":"closed","template":"","meta":[],"product_cat":[41,39,40],"product_tag":[],"class_list":{"0":"post-7234","1":"product","2":"type-product","3":"status-publish","4":"has-post-thumbnail","6":"product_cat-malarstwo-dawne","7":"product_cat-dziela-sztuki","8":"product_cat-malarstwo","10":"entry","11":"has-media","13":"first","14":"instock","15":"taxable","16":"shipping-taxable","17":"purchasable","18":"product-type-simple","19":"has-product-nav","20":"col","21":"span_1_of_3","22":"owp-content-center","23":"owp-thumbs-layout-horizontal","24":"owp-btn-normal","25":"owp-tabs-layout-horizontal"},"aioseo_notices":[],"_links":{"self":[{"href":"https:\/\/antykilion.pl\/en\/wp-json\/wp\/v2\/product\/7234","targetHints":{"allow":["GET"]}}],"collection":[{"href":"https:\/\/antykilion.pl\/en\/wp-json\/wp\/v2\/product"}],"about":[{"href":"https:\/\/antykilion.pl\/en\/wp-json\/wp\/v2\/types\/product"}],"replies":[{"embeddable":true,"href":"https:\/\/antykilion.pl\/en\/wp-json\/wp\/v2\/comments?post=7234"}],"wp:featuredmedia":[{"embeddable":true,"href":"https:\/\/antykilion.pl\/en\/wp-json\/wp\/v2\/media\/7235"}],"wp:attachment":[{"href":"https:\/\/antykilion.pl\/en\/wp-json\/wp\/v2\/media?parent=7234"}],"wp:term":[{"taxonomy":"product_cat","embeddable":true,"href":"https:\/\/antykilion.pl\/en\/wp-json\/wp\/v2\/product_cat?post=7234"},{"taxonomy":"product_tag","embeddable":true,"href":"https:\/\/antykilion.pl\/en\/wp-json\/wp\/v2\/product_tag?post=7234"}],"curies":[{"name":"wp","href":"https:\/\/api.w.org\/{rel}","templated":true}]}}