{"id":7243,"date":"2023-08-03T14:17:22","date_gmt":"2023-08-03T12:17:22","guid":{"rendered":"https:\/\/antykilion.pl\/?post_type=product&#038;p=7243"},"modified":"2023-08-03T14:17:22","modified_gmt":"2023-08-03T12:17:22","slug":"annibale-carracci-w-typ-pejzaz-z-wodospadem","status":"publish","type":"product","link":"https:\/\/antykilion.pl\/en\/product\/annibale-carracci-w-typ-pejzaz-z-wodospadem\/","title":{"rendered":"Annibale Carracci w typ.  Pejza\u017c z wodospadem  !!!"},"content":{"rendered":"","protected":false},"excerpt":{"rendered":"<p>Annibale Carracci w typ. Pejza\u017c z wodospadem !!<\/p>\n<p>Annibale Carracci (ur. 2 listopada[1] 1560 w Bolonii, zm. 15 lipca 1609 w Rzymie) \u2013 w\u0142oski malarz, rysownik, grafik i freskant okresu wczesnego baroku, g\u0142\u00f3wny przedstawiciel szko\u0142y bolo\u0144skiej, wsp\u00f3\u0142za\u0142o\u017cyciel Akademii Carraccich, tw\u00f3rca nowo\u017cytnej karykatury, brat Agostina Carracciego, kuzyn Ludovica Carracciego.<\/p>\n<p>Curriculum vitae<\/p>\n<p>Pochodzi\u0142 z rodziny rzemie\u015blniczej. By\u0142 synem krawca Antonia. Prawdopodobnie kszta\u0142ci\u0142 si\u0119 u bolo\u0144skich manieryst\u00f3w Bartolomea Passarottiego i Prospera Fontany. Dzia\u0142a\u0142 w Bolonii i Rzymie. Podr\u00f3\u017cowa\u0142 do Parmy (1584\u20131585) i Wenecji (1587).<\/p>\n<p>W 1583 przedstawi\u0142 publicznie swoj\u0105 pierwsz\u0105 kompozycj\u0119 \u2013 obraz o\u0142tarzowy Ukrzy\u017cowanie przeznaczony dla niewielkiego ko\u015bcio\u0142a San Niccol\u00f2 w Bolonii. By\u0142 wsp\u00f3\u0142autorem malowide\u0142 \u015bciennych w pa\u0142acach Bolonii: Fava (Dzieje Europy i Dzieje Jazona &#8211; 1583\u20131584, Dzieje Eneasza &#8211; ok. 1586), Magnani Salem (Historia za\u0142o\u017cenia Rzymu &#8211; ok. 1589\u20131590) oraz Sampieri Talon (Sceny biblijne &#8211; 1593\u20131594).<\/p>\n<p>Wraz z bratem Agostino i kuzynem Ludovico za\u0142o\u017cy\u0142 w 1585 Akademi\u0119 Bolo\u0144sk\u0105. W 1595 wyjecha\u0142 na sta\u0142e do Rzymu na wezwanie kardyna\u0142a Odoardo Farnese, gdzie wykona\u0142 freski w jego pa\u0142acu. W 1602 opracowa\u0142 kartony do cyklu malowide\u0142 dla rzymskiej kaplicy Herrera de San Giacomo degli Spagnioli.<\/p>\n<p>Nie przywi\u0105zywa\u0142 wagi do s\u0142awy i pieni\u0119dzy (przestrzega\u0142 brata: \u201ePami\u0119taj, Agostino, \u017ce jeste\u015b synem krawca\u201d). Nie za\u0142o\u017cy\u0142 rodziny i nie mia\u0142 dzieci. Zmar\u0142 w wieku 49 lat. Zosta\u0142 pochowany w Panteonie obok Rafaela.<\/p>\n<p>Jego uczniami i wsp\u00f3\u0142pracownikami byli m.in. Francesco Albani, Domenichino, Giovanni Lanfranco, Sisto Badalocchio oraz nie\u015blubny syn Agostina Carracciego \u2013 Antonio.<\/p>\n<p>Caravaggio nazywa\u0142 go \u201ezdolnym cz\u0142owiekiem\u201d i \u201edobrym malarzem\u201d. Zdaniem Berniniego, \u201eskupia\u0142 w sobie wszystko, co dobre: pe\u0142n\u0105 wdzi\u0119ku lini\u0119 Rafaela, gruntown\u0105 anatomi\u0119 Micha\u0142a Anio\u0142a, elegancki spos\u00f3b malowania Correggia, koloryt Tycjana i fantazj\u0119 Giulia Romano i Mategni\u201d[2].<\/p>\n<p>Creation<\/p>\n<p>Nawi\u0105zuj\u0105c do wzor\u00f3w dojrza\u0142ego renesansu reprezentowa\u0142 nurt klasyczny w malarstwie barokowym. Malowa\u0142 du\u017ce obrazy o\u0142tarzowe, obrazy sztalugowe o tematyce religijnej, mitologicznej i alegorycznej, kompozycje rodzajowe, portrety (m.in. liczne autoportrety), akty i pejza\u017ce. Tworzy\u0142 pod wp\u0142ywem Leonarda da Vinci, Rafaela, Tycjana, Correggia i Veronesego. Zapocz\u0105tkowa\u0142 typ pejza\u017cu idealnego (Ucieczka do Egiptu), wywieraj\u0105c du\u017cy wp\u0142yw na rozw\u00f3j tego gatunku w XVII w. (Domenichino, Nicolas Poussin, Claude Lorrain). W swoich kompozycjach religijnych umiej\u0119tnie \u0142\u0105czy\u0142 wenecki koloryzm, toska\u0144ski rysunek i lombardzki naturalizm. Pogodzi\u0142 dwa odmienne podej\u015bcia do istoty malarstwa, nie przyznaj\u0105c pierwsze\u0144stwa ani kolorowi (model wenecki), ani rysunkowi (model rzymski i florencki).<\/p>\n<p>By\u0142 znakomitym rysownikiem. W 1630 ukaza\u0142 si\u0119 jego cykl rysunk\u00f3w rodzajowych Arti di Bolonia. Najwi\u0119ksze zbiory jego studi\u00f3w i szkic\u00f3w znajduj\u0105 si\u0119 dzisiaj w Luwrze i Windsorze.<\/p>\n<p>Freski w Palazzo Farnese<\/p>\n<p>Najwybitniejszym jego dzie\u0142em s\u0105 freski w rzymskim Palazzo Farnese, przedstawiaj\u0105ce sceny mitologiczne powi\u0105zane wsp\u00f3lnym tematem mi\u0142o\u015bci (1596-1601), wykonane na zlecenie kardyna\u0142a Odoarda Farnese. Program scen mitologicznych i alegorycznych do Camerino (niewielkiego prywatnego gabinetu) i Galerii Owidiusza opracowa\u0142 humanista Fulvio Orsini, pe\u0142ni\u0105cy funkcj\u0119 nadwornego bibliotekarza kardyna\u0142a. Na sklepieniu Galerii znalaz\u0142y si\u0119 epizody zaczerpni\u0119te g\u0142\u00f3wnie z Metamorfoz Owidiusza. Poszczeg\u00f3lne sceny umieszczone w w\u0105skim pomieszczeniu o wymiarch 20 x 6 m z p\u00f3\u0142kolistym sklepieniem kolebkowym zosta\u0142y wpisane w iluzjonistycznie potraktowan\u0105 architektoniczn\u0105 struktur\u0119, dope\u0142nion\u0105 antycznymi ornamentami i medalionami (quadri riportati). G\u0142\u00f3wne malowid\u0142o na plafonie przedstawia oba b\u00f3stwa, Bachusa i Ariadn\u0119, na rydwanach ci\u0105gni\u0119tych przez lamparty i koz\u0142y. Przed nimi na o\u015ble jedzie pijany Sylen podtrzymywany przez nagich, ta\u0144cz\u0105cych i graj\u0105cych na r\u00f3\u017cnych instrumentach m\u0142odzie\u0144c\u00f3w. Triumfalny poch\u00f3d w\u0119druje na tle \u015bwietlistego pejza\u017cu. W realizacji monumentalnego malowid\u0142a pomagali mu dora\u017anie brat Agostino i m\u0142odzi, w\u00f3wczas jeszcze ma\u0142o znani, malarze bolo\u0144scy: Domenichino, Giovanni Lanfranco i Francesco Albani. Wystr\u00f3j Galerii Palazzo Farnese, obok fresk\u00f3w Micha\u0142a Anio\u0142a w kaplicy Syksty\u0144skiej i stanz Rafaela, nale\u017cy do najznakomitszych zespo\u0142\u00f3w malowide\u0142 \u015bciennych w Rzymie i wywar\u0142 decyduj\u0105cy wp\u0142yw na rozw\u00f3j dekoracyjnego malarstwa iluzjonistycznego drugiej po\u0142owy XVII w. we W\u0142oszech i Francji.<\/p>\n<p>Wybrane dzie\u0142a<\/p>\n<p>Op\u0142akiwanie Chrystusa &#8211; 1580, 191 x 156 cm, Ermita\u017c, Sankt Petersburg<br \/>\nG\u0142owa \u015bmiej\u0105cego si\u0119 m\u0142odzie\u0144ca &#8211; 1583, Galeria Borghese, Rzym<br \/>\nUkrzy\u017cowanie ze \u015bwi\u0119tymi- 1583, 305 x 210 cm, Santa Maria della Carit\u00e0, Bolonia<br \/>\n\u015aw. Sebastian &#8211; 1583-84, 186 x 107 cm, Galeria Obraz\u00f3w Starych Mistrz\u00f3w w Dre\u017anie<br \/>\nChrzest Chrystusa &#8211; 1584, San Gregorio, Bolonia<br \/>\nCia\u0142o Chrystusa &#8211; 1583-85, 77 x 89 cm, Staatsgalerie, Stuttgart<br \/>\nPieta (Zdj\u0119cie z krzy\u017ca z Matka Bo\u017c\u0105 i \u015bwi\u0119tymi Klar\u0105, Franciszkiem, Magdalen\u0105 i Janem) &#8211; 1585, Galleria Nazionale, Parma<br \/>\nMistyczne za\u015blubiny \u015bw. Katarzyny &#8211; 1585-87, Museo di Capodimonte, Neapol<br \/>\nPo\u0142\u00f3w ryb &#8211; ok. 1587, 136 x 253 cm, Luwr, Pary\u017c<br \/>\nWniebowzi\u0119cie Marii &#8211; 1587, 381 x 245 cm, Galeria Obraz\u00f3w Starych Mistrz\u00f3w w Dre\u017anie<br \/>\nPolowanie &#8211; 1585-88, 136 x 253 cm, Luwr, Pary\u017c<br \/>\nTronuj\u0105ca Madonna ze \u015bw. Mateuszem &#8211; 1588, 384 x 255 cm, Galeria Obraz\u00f3w Starych Mistrz\u00f3w w Dre\u017anie<br \/>\nWenus z satyrem i amorkami &#8211; ok. 1588, 112 x142 cm, Uffizi, Florencja<br \/>\n\u015aw. Franciszek z Asy\u017cu &#8211; 1585-90, Museo di Capodimonte, Neapol<br \/>\nDzieci dra\u017cni\u0105ce kota &#8211; 1588-90, 66 x 89 cm, Metropolitan Museum of Art, Nowy Jork<br \/>\nJedz\u0105cy fasol\u0119 &#8211; 1580-90, 57 x 68 cm, Galleria Colonna, Rzym<br \/>\nSklep rze\u017anika lub Jatka &#8211; 1580-90, 185 x 266 cm, Christ Church Picture Gallery, Oksford<br \/>\nMadonna z Dzieci\u0105tkiem i jask\u00f3\u0142k\u0105 &#8211; 1589-90, 101 x 85 cm, Galeria Obraz\u00f3w Starych Mistrz\u00f3w w Dre\u017anie<br \/>\nWenus i Adonis &#8211; 1590, 217 x 246 cm, Kunsthistorisches Museum, Wiede\u0144<br \/>\nWniebowzi\u0119cie Marii &#8211; ok. 1590, 130 x 97 cm, Prado, Madryt<br \/>\nPejza\u017c rzeczny &#8211; ok. 1590, 88,3 x 148,1 cm, National Gallery of Art, Waszyngton<br \/>\nCz\u0142owiek z ma\u0142p\u0105 &#8211; 1590-91, 68 x 58 cm, Uffizi, Florencja<br \/>\nMadonna z Dzieci\u0105tkiem i \u015bwi\u0119tymi (O\u0142tarz \u015bw. \u0141ukasza) &#8211; 1592, 401 x 226 cm, Luwr, Pary\u017c<br \/>\nPok\u0142on pasterzy &#8211; 1593, 85 x 63 cm, Galleria Nazionale d&#8217;Arte Antica, Rzym<br \/>\nAutoportret z ojcem artysty, bratem Agostino i jego synem Antonio &#8211; 1593, 60 x 48 cm, Pinakoteka Brera, Mediolan<br \/>\nPortret lutnisty Giulia Mascheroniego &#8211; 1593-94, 77 x 64 cm, Galeria Obraz\u00f3w Starych Mistrz\u00f3w w Dre\u017anie<br \/>\nChrystus i Samarytanka &#8211; 1593-94, 170 x 225 cm, Pinakoteka Brera, Mediolan<br \/>\nChrystus na krzy\u017cu &#8211; 1594, 33,8 x 23,4 cm, Gemaldegalerie, Berlin<br \/>\nJa\u0142mu\u017cna \u015bw. Rocha &#8211; 1594-95, 331 x 477 cm, Galeria Obraz\u00f3w Starych Mistrz\u00f3w w Dre\u017anie<br \/>\nAutoportret na sztalugach &#8211; 1595, 36,5 x 29,8 cm, Uffizi, Florencja<br \/>\nKoronacja Matki Boskiej &#8211; 1595, Metropolitan Museum of Art, Nowy Jork<br \/>\nWenus czesana przez trzy Gracje &#8211; 1590-95, 133 x 170,5 cm, National Gallery of Art, Waszyngton<br \/>\nWenus, Adonis i Kupido &#8211; ok. 1595, 212 x 268 cm, Prado, Madryt<br \/>\nWyb\u00f3r Herkulesa &#8211; ok. 1596, 167 x 273 cm, Museo di Capodimonte, Neapol<br \/>\nChrystus wyszydzany &#8211; ok. 1596, 60 x 69,5 cm, Pinacoteca Nazionale, Bolonia<br \/>\nChrystus w chwale &#8211; 1597-98, 194 x 142 cm, Galleria Palatina, Florencja<br \/>\nKuszenie \u015bw. Antoniego &#8211; 1597-98, 50 x 34 cm, National Gallery w Londynie<br \/>\nPejza\u017c z pokutuj\u0105c\u0105 Magdalen\u0105 &#8211; ok. 1598, 32 x 43 cm, Galeria Obraz\u00f3w Starych Mistrz\u00f3w w Dre\u017anie<br \/>\nG\u0142owa m\u0119\u017cczyzny &#8211; 1595-99, 46 x 37 cm, Galleria Palatina, Florencja<br \/>\nAutoportret z profilu &#8211; 1590-1600, Uffizi, Florencja<br \/>\nOfiara Abrahama &#8211; 1599-1600, 45 x 34 cm, Luwr, Pary\u017c<br \/>\nPieta &#8211; 1599-1600, 156 x 149 cm, Museo di Capodimonte, Neapol<br \/>\nTrzy Marie u grobu &#8211; ok. 1600, 121 x 145 cm, Ermita\u017c, Sankt Petersburg<br \/>\nWniebowzi\u0119cie Marii &#8211; 1600-1601, 245 x 155 cm, Santa Maria del Popolo, Rzym<br \/>\nChrystus ukazuj\u0105cy si\u0119 \u015bw. Piotrowi na Via Appia (Quo vadis, Domine?) &#8211; 1601-02, 77 x 56 cm, National Gallery w Londynie<br \/>\nRinaldo i Armida &#8211; 1601, Museo di Capodimonte, Neapol<br \/>\n\u015api\u0105ca Wenus &#8211; ok. 1602, 190 x 328 cm, Mus\u00e9e Cond\u00e9, Chantilly<br \/>\nUkamienowanie \u015bw. Szczepana &#8211; 1603-04, 41 x 53 cm, Luwr, Pary\u017c<br \/>\nM\u0119cze\u0144stwo \u015bw. Szczepana &#8211; 1603-04, 51 x 68 cm, Luwr, Pary\u017c<br \/>\nUcieczka do Egiptu &#8211; 1603, 122 x 230 cm, Galleria Doria Pamphilj, Rzym<br \/>\nOdpoczynek w czasie ucieczki do Egiptu &#8211; ok. 1604, \u015br. 82,5 cm, Ermita\u017c, Sankt Petersburg<br \/>\nAutoportret &#8211; ok. 1604, 42,5 x 30 cm, Ermita\u017c, Sankt Petersburg<br \/>\nAutoportret &#8211; prze\u0142om XVI\/XVII w., do wojny w zbiorach Ordynacja Zamojskiej w Warszawie, zaginiony<br \/>\nChrystus i Samarytanka przy studni &#8211; 1604-05, 60,5 x 146 cm, Kunsthistorisches Museum, Wiede\u0144<br \/>\nOp\u0142akiwanie Chrystusa &#8211; 1606, 92,8 x 103,2 cm, National Gallery w Londynie<br \/>\nPieta ze \u015bwi\u0119tymi Franciszkiem i Magdalen\u0105 &#8211; 1602-1607, 277 x 186 cm, Luwr, Pary\u017c<br \/>\nNarodziny Marii &#8211; 1605-1609, 279 x 159 cm, Luwr, Pary\u017c<br \/>\nKrajobraz z toalet\u0105 Wenus &#8211; 1605-1610, 89 x 99 cm, Pinacoteca Nazionale, Bolonia<br \/>\nMadonna z Dzieci\u0105tkiem i ma\u0142ym \u015bw. Janem &#8211; \u015br. 29 cm, Prado, Madryt<br \/>\nPejza\u017c z k\u0105pi\u0105cymi si\u0119 &#8211; 47 x 56 cm, Prado, Madryt<br \/>\nPortret brodatego m\u0119\u017cczyzny z profilu &#8211; 34 x 27 cm, Kunsthistorisches Museum, Wiede\u0144<br \/>\nPortret m\u0142odego m\u0119\u017cczyzny &#8211; 90,5 x 39 cm, Galleria Nazionale d&#8217;Arte Antica, Rzym<br \/>\n\u015aw. Ma\u0142gorzata &#8211; 239 x 134 cm, National Gallery of Australia, Canberra<\/p>\n<p>Technika: olej na p\u0142\u00f3tnie, koniec XVI w<\/p>\n<p>Stan: bardzo dobry, widoczne \u015blady czasu<\/p>\n<p>Sygnatura: obraz w typie Annibale Carracci z ca\u0142\u0105 pewno\u015bci\u0105 obraz klasy muzealnej<\/p>\n<p>Wymiary:\u00a0 p\u0142\u00f3tna 110 cm x 156 cm z ram\u0105 oko\u0142o\u00a0 125 cm na 171 cm obraz wielkoformatowy ob\u0142\u0119dny!!!<\/p>\n<p>Do ka\u017cdego przedmiotu Galeria wystawia certyfikat.<\/p>\n<p>Bardzo dobre malarstwo obraz robi ogromne wra\u017cenie !!!<\/p>","protected":false},"featured_media":7244,"comment_status":"closed","ping_status":"closed","template":"","meta":[],"product_cat":[41,39,40],"product_tag":[],"class_list":{"0":"post-7243","1":"product","2":"type-product","3":"status-publish","4":"has-post-thumbnail","6":"product_cat-malarstwo-dawne","7":"product_cat-dziela-sztuki","8":"product_cat-malarstwo","10":"entry","11":"has-media","13":"first","14":"instock","15":"taxable","16":"shipping-taxable","17":"purchasable","18":"product-type-simple","19":"has-product-nav","20":"col","21":"span_1_of_3","22":"owp-content-center","23":"owp-thumbs-layout-horizontal","24":"owp-btn-normal","25":"owp-tabs-layout-horizontal"},"aioseo_notices":[],"_links":{"self":[{"href":"https:\/\/antykilion.pl\/en\/wp-json\/wp\/v2\/product\/7243","targetHints":{"allow":["GET"]}}],"collection":[{"href":"https:\/\/antykilion.pl\/en\/wp-json\/wp\/v2\/product"}],"about":[{"href":"https:\/\/antykilion.pl\/en\/wp-json\/wp\/v2\/types\/product"}],"replies":[{"embeddable":true,"href":"https:\/\/antykilion.pl\/en\/wp-json\/wp\/v2\/comments?post=7243"}],"wp:featuredmedia":[{"embeddable":true,"href":"https:\/\/antykilion.pl\/en\/wp-json\/wp\/v2\/media\/7244"}],"wp:attachment":[{"href":"https:\/\/antykilion.pl\/en\/wp-json\/wp\/v2\/media?parent=7243"}],"wp:term":[{"taxonomy":"product_cat","embeddable":true,"href":"https:\/\/antykilion.pl\/en\/wp-json\/wp\/v2\/product_cat?post=7243"},{"taxonomy":"product_tag","embeddable":true,"href":"https:\/\/antykilion.pl\/en\/wp-json\/wp\/v2\/product_tag?post=7243"}],"curies":[{"name":"wp","href":"https:\/\/api.w.org\/{rel}","templated":true}]}}