{"id":7248,"date":"2023-08-06T12:59:12","date_gmt":"2023-08-06T10:59:12","guid":{"rendered":"https:\/\/antykilion.pl\/?post_type=product&#038;p=7248"},"modified":"2023-08-06T12:59:12","modified_gmt":"2023-08-06T10:59:12","slug":"frans-van-mieris-the-elder-atelier-kaprys-xvii-w","status":"publish","type":"product","link":"https:\/\/antykilion.pl\/en\/product\/frans-van-mieris-the-elder-atelier-kaprys-xvii-w\/","title":{"rendered":"Frans van Mieris the Elder atelier &#8211; Kaprys XVII w"},"content":{"rendered":"","protected":false},"excerpt":{"rendered":"<p>Frans van Mieris the Elder atelier  &#8211; Kaprys<\/p>\n<p>Alegoria odrzuconej mi\u0142o\u015bci lub alegoria dobrobytu ?<\/p>\n<p>Frans van Mieris Starszy (ur. 16 kwietnia 1635 w Lejdzie, zm. 12 marca 1681 tam\u017ce) &#8211; holenderski malarz barokowy.<\/p>\n<p>By\u0142 synem z\u0142otnika i szlifierza diament\u00f3w Jana Bastiansz. van Mierisa i jego \u017cony Christine Willemsdr. van Garbartijn. Pocz\u0105tkowo przygotowywa\u0142 si\u0119 do wykonywania zawodu ojca, jednak ostatecznie zainteresowa\u0142 si\u0119 malarstwem. Kr\u00f3tko uczy\u0142 si\u0119 u Gerarda Dou, w 1658 wst\u0105pi\u0142 do malarskiej gildii \u015bw. \u0141ukasza i pe\u0142ni\u0142 w niej odpowiedzialne funkcje m.in. kapitana i dziekana. W 1657 o\u017ceni\u0142 si\u0119 Cuner\u0105 van der Cock, z kt\u00f3r\u0105 mia\u0142 pi\u0119cioro dzieci. Jego dwaj synowie Jan (1660-1690) i Willem (1662\u20131747) oraz wnuk Frans (1689\u20131763) byli r\u00f3wnie\u017c utalentowanymi malarzami.<\/p>\n<p>Frans van Mieris przez ca\u0142e \u017cycie zwi\u0105zany by\u0142 z Lejd\u0105, malowa\u0142 g\u0142\u00f3wnie sceny rodzajowe i historyczne, a tak\u017ce portrety. Na jego styl najwi\u0119kszy wp\u0142yw mia\u0142 nauczyciel Gerard Dou, kt\u00f3ry powiedzia\u0142 o nim ksi\u0105\u017c\u0119 w\u015br\u00f3d moich uczni\u00f3w. Malarz przedstawia\u0142 zwykle eleganckie sceny z \u017cycia wy\u017cszych sfer Lejdy. Tworzy\u0142 najcz\u0119\u015bciej niewielkie, intymne przedstawienia odznaczaj\u0105ce si\u0119 wielk\u0105 dba\u0142o\u015bci\u0105 o szczeg\u00f3\u0142y i misternym wyko\u0144czeniem. Malowa\u0142 na drewnie i miedzi[1].<\/p>\n<p>Artysta mia\u0142 wielu mo\u017cnych i prominentnych protektor\u00f3w, w\u015br\u00f3d nich byli profesor Franciscus Sylvius, ksi\u0105\u017c\u0119 Cosimo III de&#8217; Medici i cesarz Leopold I Habsburg. Pomimo znacznych dochod\u00f3w Mieris stale tkwi\u0142 w d\u0142ugach i cz\u0119sto nie dotrzymywa\u0142 termin\u00f3w uko\u0144czenia obraz\u00f3w. Wed\u0142ug historiografa sztuki Arnolda Houbrakena by\u0142 zwyk\u0142ym pijakiem, pomimo alkoholizmu i kontrowersyjnego trybu \u017cycia zosta\u0142 pochowany w gotyckiej \u015bwi\u0105tyni Pieterskerk obok najzacniejszych obywateli Lejdy[2].<br \/>\nPrzypisy<\/p>\n<p>    Frans van Mieris w na stronach J. Paul Getty Museum,. [dost\u0119p 2009-05-30]. (ang.).<\/p>\n<p>Frans van Mieris w Essentialvermeer.com. [dost\u0119p 2009-05-30]. (ang.).<\/p>\n<p>Technika: olej na p\u0142\u00f3tnie, naklejony na desk\u0119 oko\u0142o po\u0142owy XVII w<\/p>\n<p>Stan: bardzo dobry, widoczne \u015blady czasu, przetarcia zabrudzenia<\/p>\n<p>Sygnatura: prawdopodobnie prawy dolny r\u00f3g, ponadto stara nalepka na rewersie zapewne z informacj\u0105 o arty\u015bcie i obrazie niestety trudna do odczytania<\/p>","protected":false},"featured_media":7249,"comment_status":"closed","ping_status":"closed","template":"","meta":[],"product_cat":[41,39,40],"product_tag":[],"class_list":{"0":"post-7248","1":"product","2":"type-product","3":"status-publish","4":"has-post-thumbnail","6":"product_cat-malarstwo-dawne","7":"product_cat-dziela-sztuki","8":"product_cat-malarstwo","10":"entry","11":"has-media","13":"first","14":"instock","15":"taxable","16":"shipping-taxable","17":"purchasable","18":"product-type-simple","19":"has-product-nav","20":"col","21":"span_1_of_3","22":"owp-content-center","23":"owp-thumbs-layout-horizontal","24":"owp-btn-normal","25":"owp-tabs-layout-horizontal"},"aioseo_notices":[],"_links":{"self":[{"href":"https:\/\/antykilion.pl\/en\/wp-json\/wp\/v2\/product\/7248","targetHints":{"allow":["GET"]}}],"collection":[{"href":"https:\/\/antykilion.pl\/en\/wp-json\/wp\/v2\/product"}],"about":[{"href":"https:\/\/antykilion.pl\/en\/wp-json\/wp\/v2\/types\/product"}],"replies":[{"embeddable":true,"href":"https:\/\/antykilion.pl\/en\/wp-json\/wp\/v2\/comments?post=7248"}],"wp:featuredmedia":[{"embeddable":true,"href":"https:\/\/antykilion.pl\/en\/wp-json\/wp\/v2\/media\/7249"}],"wp:attachment":[{"href":"https:\/\/antykilion.pl\/en\/wp-json\/wp\/v2\/media?parent=7248"}],"wp:term":[{"taxonomy":"product_cat","embeddable":true,"href":"https:\/\/antykilion.pl\/en\/wp-json\/wp\/v2\/product_cat?post=7248"},{"taxonomy":"product_tag","embeddable":true,"href":"https:\/\/antykilion.pl\/en\/wp-json\/wp\/v2\/product_tag?post=7248"}],"curies":[{"name":"wp","href":"https:\/\/api.w.org\/{rel}","templated":true}]}}