{"id":7294,"date":"2023-08-14T18:53:55","date_gmt":"2023-08-14T16:53:55","guid":{"rendered":"https:\/\/antykilion.pl\/?post_type=product&#038;p=7294"},"modified":"2023-09-13T18:24:44","modified_gmt":"2023-09-13T16:24:44","slug":"para-swiecznikow-w-stylu-ludwika-filipa-xix-w-1840-r","status":"publish","type":"product","link":"https:\/\/antykilion.pl\/en\/product\/para-swiecznikow-w-stylu-ludwika-filipa-xix-w-1840-r\/","title":{"rendered":"Para \u015bwiecznik\u00f3w w stylu Ludwika Filipa XIX w 1840 r"},"content":{"rendered":"","protected":false},"excerpt":{"rendered":"<p>Para \u015bwiecznik\u00f3w w stylu Ludwika Filipa XIX w 1840 r<br \/>\nPara \u015bwiecznik\u00f3w<\/p>\n<p>na 4 n\u00f3\u017ckach i wysoko uniesionej zw\u0119\u017caj\u0105cej si\u0119 ku g\u00f3rze stopie, przechodz\u0105cej w tralkowy trzon zako\u0144czony wazonow\u0105 tulejk\u0105 z profitk\u0105, ca\u0142o\u015b\u0107 bogato dekorowana ornamentem o motywach akantu, muszli, ceownik\u00f3w .<\/p>\n<p>Pochodzenie; Austria, Niemcy b\u0105d\u017a Polska na terenie Krakowa bardzo cz\u0119sto wykonywano wyroby z srebra pr\u00f3by 13 \u0142ut, Punca dodatkowa ma\u0142o czytelna.<\/p>\n<p>Very good condition<\/p>\n<p>Wymiary: Wysoko\u015b\u0107 23 cm, waga 312 g<\/p>\n<p>Do ka\u017cdego przedmiotu galeria na \u017cyczenie wystawia certyfikat.<\/p>","protected":false},"featured_media":7295,"comment_status":"closed","ping_status":"closed","template":"","meta":[],"product_cat":[47,46],"product_tag":[],"class_list":{"0":"post-7294","1":"product","2":"type-product","3":"status-publish","4":"has-post-thumbnail","6":"product_cat-oswietlenie","7":"product_cat-srebra-i-platery","9":"entry","10":"has-media","12":"first","13":"instock","14":"taxable","15":"shipping-taxable","16":"purchasable","17":"product-type-simple","18":"has-product-nav","19":"col","20":"span_1_of_3","21":"owp-content-center","22":"owp-thumbs-layout-horizontal","23":"owp-btn-normal","24":"owp-tabs-layout-horizontal"},"aioseo_notices":[],"_links":{"self":[{"href":"https:\/\/antykilion.pl\/en\/wp-json\/wp\/v2\/product\/7294","targetHints":{"allow":["GET"]}}],"collection":[{"href":"https:\/\/antykilion.pl\/en\/wp-json\/wp\/v2\/product"}],"about":[{"href":"https:\/\/antykilion.pl\/en\/wp-json\/wp\/v2\/types\/product"}],"replies":[{"embeddable":true,"href":"https:\/\/antykilion.pl\/en\/wp-json\/wp\/v2\/comments?post=7294"}],"wp:featuredmedia":[{"embeddable":true,"href":"https:\/\/antykilion.pl\/en\/wp-json\/wp\/v2\/media\/7295"}],"wp:attachment":[{"href":"https:\/\/antykilion.pl\/en\/wp-json\/wp\/v2\/media?parent=7294"}],"wp:term":[{"taxonomy":"product_cat","embeddable":true,"href":"https:\/\/antykilion.pl\/en\/wp-json\/wp\/v2\/product_cat?post=7294"},{"taxonomy":"product_tag","embeddable":true,"href":"https:\/\/antykilion.pl\/en\/wp-json\/wp\/v2\/product_tag?post=7294"}],"curies":[{"name":"wp","href":"https:\/\/api.w.org\/{rel}","templated":true}]}}