{"id":7348,"date":"2023-08-17T13:09:00","date_gmt":"2023-08-17T11:09:00","guid":{"rendered":"https:\/\/antykilion.pl\/?post_type=product&#038;p=7348"},"modified":"2024-10-18T19:47:58","modified_gmt":"2024-10-18T17:47:58","slug":"cukiernica-skrzynkowa-srebrnaw-stylu-barokowym-xix-w","status":"publish","type":"product","link":"https:\/\/antykilion.pl\/en\/product\/cukiernica-skrzynkowa-srebrnaw-stylu-barokowym-xix-w\/","title":{"rendered":"Cukiernica skrzynkowa srebrna,w stylu barokowym XIX w"},"content":{"rendered":"","protected":false},"excerpt":{"rendered":"<p>Cukiernica skrzynkowa srebrna,w stylu barokowym XIX w<\/p>\n<p>Cukiernica w formie owoidalnej szkatu\u0142y z nakrywk\u0105, wspartej na 4 kulistych n\u00f3\u017ckach.<\/p>\n<p>Wewn\u0105trz z\u0142ocona !!!<\/p>\n<p>Wymiary: wysoko\u015b\u0107 oko\u0142o 8,5 cm, d\u0142ugo\u015b\u0107 oko\u0142o 15 cm g\u0142\u0119boko\u015b\u0107 11 cm waga oko\u0142o 240 gr<\/p>\n<p>Srebro punce na rancie , pierwsza po\u0142owa XIX w<\/p>\n<p>Stan bardzo dobry oczywiste \u015blady u\u017cytkowania<br \/>\nn<br \/>\nDo ka\u017cdego przedmiotu galeria wystawia certyfikat<\/p>","protected":false},"featured_media":7349,"comment_status":"closed","ping_status":"closed","template":"","meta":[],"product_cat":[46],"product_tag":[],"class_list":{"0":"post-7348","1":"product","2":"type-product","3":"status-publish","4":"has-post-thumbnail","6":"product_cat-srebra-i-platery","8":"entry","9":"has-media","11":"first","12":"instock","13":"taxable","14":"shipping-taxable","15":"purchasable","16":"product-type-simple","17":"has-product-nav","18":"col","19":"span_1_of_3","20":"owp-content-center","21":"owp-thumbs-layout-horizontal","22":"owp-btn-normal","23":"owp-tabs-layout-horizontal"},"aioseo_notices":[],"_links":{"self":[{"href":"https:\/\/antykilion.pl\/en\/wp-json\/wp\/v2\/product\/7348","targetHints":{"allow":["GET"]}}],"collection":[{"href":"https:\/\/antykilion.pl\/en\/wp-json\/wp\/v2\/product"}],"about":[{"href":"https:\/\/antykilion.pl\/en\/wp-json\/wp\/v2\/types\/product"}],"replies":[{"embeddable":true,"href":"https:\/\/antykilion.pl\/en\/wp-json\/wp\/v2\/comments?post=7348"}],"wp:featuredmedia":[{"embeddable":true,"href":"https:\/\/antykilion.pl\/en\/wp-json\/wp\/v2\/media\/7349"}],"wp:attachment":[{"href":"https:\/\/antykilion.pl\/en\/wp-json\/wp\/v2\/media?parent=7348"}],"wp:term":[{"taxonomy":"product_cat","embeddable":true,"href":"https:\/\/antykilion.pl\/en\/wp-json\/wp\/v2\/product_cat?post=7348"},{"taxonomy":"product_tag","embeddable":true,"href":"https:\/\/antykilion.pl\/en\/wp-json\/wp\/v2\/product_tag?post=7348"}],"curies":[{"name":"wp","href":"https:\/\/api.w.org\/{rel}","templated":true}]}}