{"id":7385,"date":"2023-08-29T12:17:39","date_gmt":"2023-08-29T10:17:39","guid":{"rendered":"https:\/\/antykilion.pl\/?post_type=product&#038;p=7385"},"modified":"2023-08-29T12:17:39","modified_gmt":"2023-08-29T10:17:39","slug":"bola-do-ponczu-z-12-ma-szklanicami-krupp-berndorf-austria-secesja-obledna","status":"publish","type":"product","link":"https:\/\/antykilion.pl\/en\/product\/bola-do-ponczu-z-12-ma-szklanicami-krupp-berndorf-austria-secesja-obledna\/","title":{"rendered":"Bola do ponczu z 12-ma szklanicami Krupp Berndorf, Austria Secesja, ob\u0142\u0119dna"},"content":{"rendered":"","protected":false},"excerpt":{"rendered":"<p>Bola do ponczu z 12-ma szklanicami Krupp Berndorf, Austria Secesja, ob\u0142\u0119dna<\/p>\n<p>Okazja wyroby tej firmy sprzedawane s\u0105 na najlepszych aukcjach mi\u0119dzy innymi w\u00a0 w domu aukcyjnym Christies.<\/p>\n<p>Wymiary: wysoko\u015b\u0107 36 cm, \u015brednica 28 cm<\/p>\n<p>Materia\u0142: Plater , szk\u0142o<\/p>\n<p>Stan bardzo dobry orginalny wk\u0142ad<\/p>\n<p>Do ka\u017cdego przedmiotu galeria wystawia certyfikat<\/p>","protected":false},"featured_media":7386,"comment_status":"closed","ping_status":"closed","template":"","meta":[],"product_cat":[46],"product_tag":[],"class_list":{"0":"post-7385","1":"product","2":"type-product","3":"status-publish","4":"has-post-thumbnail","6":"product_cat-srebra-i-platery","8":"entry","9":"has-media","11":"first","12":"instock","13":"taxable","14":"shipping-taxable","15":"purchasable","16":"product-type-simple","17":"has-product-nav","18":"col","19":"span_1_of_3","20":"owp-content-center","21":"owp-thumbs-layout-horizontal","22":"owp-btn-normal","23":"owp-tabs-layout-horizontal"},"aioseo_notices":[],"_links":{"self":[{"href":"https:\/\/antykilion.pl\/en\/wp-json\/wp\/v2\/product\/7385","targetHints":{"allow":["GET"]}}],"collection":[{"href":"https:\/\/antykilion.pl\/en\/wp-json\/wp\/v2\/product"}],"about":[{"href":"https:\/\/antykilion.pl\/en\/wp-json\/wp\/v2\/types\/product"}],"replies":[{"embeddable":true,"href":"https:\/\/antykilion.pl\/en\/wp-json\/wp\/v2\/comments?post=7385"}],"wp:featuredmedia":[{"embeddable":true,"href":"https:\/\/antykilion.pl\/en\/wp-json\/wp\/v2\/media\/7386"}],"wp:attachment":[{"href":"https:\/\/antykilion.pl\/en\/wp-json\/wp\/v2\/media?parent=7385"}],"wp:term":[{"taxonomy":"product_cat","embeddable":true,"href":"https:\/\/antykilion.pl\/en\/wp-json\/wp\/v2\/product_cat?post=7385"},{"taxonomy":"product_tag","embeddable":true,"href":"https:\/\/antykilion.pl\/en\/wp-json\/wp\/v2\/product_tag?post=7385"}],"curies":[{"name":"wp","href":"https:\/\/api.w.org\/{rel}","templated":true}]}}