{"id":7407,"date":"2023-09-07T11:40:29","date_gmt":"2023-09-07T09:40:29","guid":{"rendered":"https:\/\/antykilion.pl\/?post_type=product&#038;p=7407"},"modified":"2026-03-14T13:07:06","modified_gmt":"2026-03-14T12:07:06","slug":"szyfoniera-tzw-6-dniowka-eklektyczna-xix-w-1880-r-piekna","status":"publish","type":"product","link":"https:\/\/antykilion.pl\/en\/product\/szyfoniera-tzw-6-dniowka-eklektyczna-xix-w-1880-r-piekna\/","title":{"rendered":"Szyfoniera, tzw 6- dni\u00f3wka eklektyczna XIX w 1880 r Pi\u0119kna"},"content":{"rendered":"","protected":false},"excerpt":{"rendered":"<p>Szyfoniera, tzw 6- dni\u00f3wka eklektyczna XIX w 1880 r Pi\u0119kna<\/p>\n<p>o prostych bokach i froncie z sze\u015bcioma szufladami, z kt\u00f3rych lica proste ozdobione listwami, wsparta na czterech n\u00f3\u017ckach, przednich w formie sp\u0142aszczonych kul, tylnych graniastych. Front na bokach uj\u0119ty p\u00f3\u0142kolumnami z\u00a0 bogatych tralek, w g\u00f3rnej partii kanelowanymi, zwie\u0144czonymi kapitelami.<\/p>\n<p>Szyfoniery s\u0142u\u017cy\u0142y do przechowywania bielizny. Prezentowany mebel jest bardzo wysokiej klasy wykonany w stylu eklektycznym.<\/p>\n<p>Pochodzenie: Europa \u015brodkowa- Polska<\/p>\n<p>Stan\u00a0 bardzo dobry, widoczne \u015blady u\u017cytkowania nie zachowa\u0142 si\u0119 klucz ale to nie problem<\/p>\n<p>Wymiary: wysoko\u015b\u0107 132 cm, d\u0142ugo\u015b\u0107 80 cm, g\u0142\u0119boko\u015b\u0107 oko\u0142o 50 cm<\/p>\n<p>Materia\u0142: forniry orzech i orzech Kaukazki<\/p>","protected":false},"featured_media":7408,"comment_status":"closed","ping_status":"closed","template":"","meta":[],"product_cat":[26,17,35],"product_tag":[],"class_list":{"0":"post-7407","1":"product","2":"type-product","3":"status-publish","4":"has-post-thumbnail","6":"product_cat-komody","7":"product_cat-meble","8":"product_cat-szyfoniery","10":"entry","11":"has-media","13":"first","14":"instock","15":"taxable","16":"shipping-taxable","17":"purchasable","18":"product-type-simple","19":"has-product-nav","20":"col","21":"span_1_of_3","22":"owp-content-center","23":"owp-thumbs-layout-horizontal","24":"owp-btn-normal","25":"owp-tabs-layout-horizontal"},"aioseo_notices":[],"_links":{"self":[{"href":"https:\/\/antykilion.pl\/en\/wp-json\/wp\/v2\/product\/7407","targetHints":{"allow":["GET"]}}],"collection":[{"href":"https:\/\/antykilion.pl\/en\/wp-json\/wp\/v2\/product"}],"about":[{"href":"https:\/\/antykilion.pl\/en\/wp-json\/wp\/v2\/types\/product"}],"replies":[{"embeddable":true,"href":"https:\/\/antykilion.pl\/en\/wp-json\/wp\/v2\/comments?post=7407"}],"wp:featuredmedia":[{"embeddable":true,"href":"https:\/\/antykilion.pl\/en\/wp-json\/wp\/v2\/media\/7408"}],"wp:attachment":[{"href":"https:\/\/antykilion.pl\/en\/wp-json\/wp\/v2\/media?parent=7407"}],"wp:term":[{"taxonomy":"product_cat","embeddable":true,"href":"https:\/\/antykilion.pl\/en\/wp-json\/wp\/v2\/product_cat?post=7407"},{"taxonomy":"product_tag","embeddable":true,"href":"https:\/\/antykilion.pl\/en\/wp-json\/wp\/v2\/product_tag?post=7407"}],"curies":[{"name":"wp","href":"https:\/\/api.w.org\/{rel}","templated":true}]}}