{"id":7459,"date":"2023-09-13T13:22:45","date_gmt":"2023-09-13T11:22:45","guid":{"rendered":"https:\/\/antykilion.pl\/?post_type=product&#038;p=7459"},"modified":"2023-09-13T13:23:10","modified_gmt":"2023-09-13T11:23:10","slug":"7459","status":"publish","type":"product","link":"https:\/\/antykilion.pl\/en\/product\/7459\/","title":{"rendered":"Serwis 12 os\u00f3b Rosenthal clasic rose okazja 38 cz\u0119\u015bci!!!"},"content":{"rendered":"","protected":false},"excerpt":{"rendered":"<p>Serwis 12 os\u00f3b Rosenthal clasic rose okazja 38 cz\u0119\u015bci!!!<\/p>\n<p>included in the website<\/p>\n<p>12 spodk\u00f3w pod fili\u017canki 14, 5 cm<\/p>\n<p>12 talerzyk\u00f3w deserowych 17,5 cm<\/p>\n<p>12 fili\u017canek \u015brednica bez ucha 6,5 cm<\/p>\n<p>1 cukiernica wysoko\u015b\u0107 11 cm<\/p>\n<p>1 mlecznik wysoko\u015b\u0107 10,5 cm<\/p>\n<p>Pi\u0119kna klasyka z XX wieku !!!<\/p>\n<p>stan: bardzo dobry<\/p>\n<p>okazjonalna cena !!!<\/p>\n<p>brak dzbanka, kt\u00f3ry \u0142atwo mo\u017cna dokupi\u0107 st\u0105d bardzo okazjonalna cena!!!<\/p>","protected":false},"featured_media":7460,"comment_status":"closed","ping_status":"closed","template":"","meta":[],"product_cat":[50],"product_tag":[],"class_list":{"0":"post-7459","1":"product","2":"type-product","3":"status-publish","4":"has-post-thumbnail","6":"product_cat-porcelana-i-fajans","8":"entry","9":"has-media","11":"first","12":"instock","13":"taxable","14":"shipping-taxable","15":"purchasable","16":"product-type-simple","17":"has-product-nav","18":"col","19":"span_1_of_3","20":"owp-content-center","21":"owp-thumbs-layout-horizontal","22":"owp-btn-normal","23":"owp-tabs-layout-horizontal"},"aioseo_notices":[],"_links":{"self":[{"href":"https:\/\/antykilion.pl\/en\/wp-json\/wp\/v2\/product\/7459","targetHints":{"allow":["GET"]}}],"collection":[{"href":"https:\/\/antykilion.pl\/en\/wp-json\/wp\/v2\/product"}],"about":[{"href":"https:\/\/antykilion.pl\/en\/wp-json\/wp\/v2\/types\/product"}],"replies":[{"embeddable":true,"href":"https:\/\/antykilion.pl\/en\/wp-json\/wp\/v2\/comments?post=7459"}],"wp:featuredmedia":[{"embeddable":true,"href":"https:\/\/antykilion.pl\/en\/wp-json\/wp\/v2\/media\/7460"}],"wp:attachment":[{"href":"https:\/\/antykilion.pl\/en\/wp-json\/wp\/v2\/media?parent=7459"}],"wp:term":[{"taxonomy":"product_cat","embeddable":true,"href":"https:\/\/antykilion.pl\/en\/wp-json\/wp\/v2\/product_cat?post=7459"},{"taxonomy":"product_tag","embeddable":true,"href":"https:\/\/antykilion.pl\/en\/wp-json\/wp\/v2\/product_tag?post=7459"}],"curies":[{"name":"wp","href":"https:\/\/api.w.org\/{rel}","templated":true}]}}