{"id":7486,"date":"2023-09-13T15:34:00","date_gmt":"2023-09-13T13:34:00","guid":{"rendered":"https:\/\/antykilion.pl\/?post_type=product&#038;p=7486"},"modified":"2023-09-13T18:25:40","modified_gmt":"2023-09-13T16:25:40","slug":"talerzyki-rosenthal-owocowo-deserowe-12-osob-piekne","status":"publish","type":"product","link":"https:\/\/antykilion.pl\/en\/product\/talerzyki-rosenthal-owocowo-deserowe-12-osob-piekne\/","title":{"rendered":"Talerzyki rosenthal owocowo deserowe 12 os\u00f3b pi\u0119kne !!!"},"content":{"rendered":"","protected":false},"excerpt":{"rendered":"<p>Talerzyki rosenthal owocowo deserowe 12 os\u00f3b pi\u0119kne !!!<\/p>\n<p>Rosenthal Selb Bavaria Maria von Ph. Rosenthal z 1928 r<\/p>\n<p>12 talerzyk\u00f3w \u015brednica 17 cm<\/p>\n<p>stan: bardzo dobry jeden ma ma\u0142y czip wielko\u015bci 2 milimetr\u00f3w od spodniej strony<\/p>\n<p>okazjonalna cena !!!<\/p>","protected":false},"featured_media":7487,"comment_status":"closed","ping_status":"closed","template":"","meta":[],"product_cat":[50],"product_tag":[],"class_list":{"0":"post-7486","1":"product","2":"type-product","3":"status-publish","4":"has-post-thumbnail","6":"product_cat-porcelana-i-fajans","8":"entry","9":"has-media","11":"first","12":"instock","13":"taxable","14":"shipping-taxable","15":"purchasable","16":"product-type-simple","17":"has-product-nav","18":"col","19":"span_1_of_3","20":"owp-content-center","21":"owp-thumbs-layout-horizontal","22":"owp-btn-normal","23":"owp-tabs-layout-horizontal"},"aioseo_notices":[],"_links":{"self":[{"href":"https:\/\/antykilion.pl\/en\/wp-json\/wp\/v2\/product\/7486","targetHints":{"allow":["GET"]}}],"collection":[{"href":"https:\/\/antykilion.pl\/en\/wp-json\/wp\/v2\/product"}],"about":[{"href":"https:\/\/antykilion.pl\/en\/wp-json\/wp\/v2\/types\/product"}],"replies":[{"embeddable":true,"href":"https:\/\/antykilion.pl\/en\/wp-json\/wp\/v2\/comments?post=7486"}],"wp:featuredmedia":[{"embeddable":true,"href":"https:\/\/antykilion.pl\/en\/wp-json\/wp\/v2\/media\/7487"}],"wp:attachment":[{"href":"https:\/\/antykilion.pl\/en\/wp-json\/wp\/v2\/media?parent=7486"}],"wp:term":[{"taxonomy":"product_cat","embeddable":true,"href":"https:\/\/antykilion.pl\/en\/wp-json\/wp\/v2\/product_cat?post=7486"},{"taxonomy":"product_tag","embeddable":true,"href":"https:\/\/antykilion.pl\/en\/wp-json\/wp\/v2\/product_tag?post=7486"}],"curies":[{"name":"wp","href":"https:\/\/api.w.org\/{rel}","templated":true}]}}