{"id":7538,"date":"2023-09-17T15:51:23","date_gmt":"2023-09-17T13:51:23","guid":{"rendered":"https:\/\/antykilion.pl\/?post_type=product&#038;p=7538"},"modified":"2023-09-17T15:51:23","modified_gmt":"2023-09-17T13:51:23","slug":"piekna-karafka-i-szklanice-bohemia-xix-w","status":"publish","type":"product","link":"https:\/\/antykilion.pl\/en\/product\/piekna-karafka-i-szklanice-bohemia-xix-w\/","title":{"rendered":"Pi\u0119kna karafka i szklanice Bohemia XIX w"},"content":{"rendered":"","protected":false},"excerpt":{"rendered":"<p>Pi\u0119kna karafka i szklanice Bohemia XIX w<\/p>\n<p>Bohemia to czeska huta szk\u0142a, kt\u00f3ra od 1845 roku zajmuje si\u0119 produkcj\u0105 wyrob\u00f3w szklanych najwy\u017cszej jako\u015bci. Cechy charakterystyczne produkt\u00f3w marki, to ponadczasowa elegancja, kt\u00f3ra nigdy nie wychodzi z mody.<\/p>\n<p>Technika: Szk\u0142o warstwowe, barwione w masie; dekoracyjne z motywem winoro\u015bli<\/p>\n<p>Stan: bardzo dobry, jedna ze szklanic wyczuwany pod palcem milimetrowy chip niewidoczny, karafka od spodu zapewne jaki\u015b b\u0142\u0105d przy odlaniu bez znaczenia dla ca\u0142o\u015bci<\/p>\n<p>Wymiary: wysoko\u015b\u0107 karafka 30 cm szklanice 17 i 12 cm<\/p>\n<p>Bardzo okazjonalna cena Polecam !!!<\/p>","protected":false},"featured_media":7539,"comment_status":"closed","ping_status":"closed","template":"","meta":[],"product_cat":[49],"product_tag":[],"class_list":{"0":"post-7538","1":"product","2":"type-product","3":"status-publish","4":"has-post-thumbnail","6":"product_cat-szklo","8":"entry","9":"has-media","11":"first","12":"instock","13":"taxable","14":"shipping-taxable","15":"purchasable","16":"product-type-simple","17":"has-product-nav","18":"col","19":"span_1_of_3","20":"owp-content-center","21":"owp-thumbs-layout-horizontal","22":"owp-btn-normal","23":"owp-tabs-layout-horizontal"},"aioseo_notices":[],"_links":{"self":[{"href":"https:\/\/antykilion.pl\/en\/wp-json\/wp\/v2\/product\/7538","targetHints":{"allow":["GET"]}}],"collection":[{"href":"https:\/\/antykilion.pl\/en\/wp-json\/wp\/v2\/product"}],"about":[{"href":"https:\/\/antykilion.pl\/en\/wp-json\/wp\/v2\/types\/product"}],"replies":[{"embeddable":true,"href":"https:\/\/antykilion.pl\/en\/wp-json\/wp\/v2\/comments?post=7538"}],"wp:featuredmedia":[{"embeddable":true,"href":"https:\/\/antykilion.pl\/en\/wp-json\/wp\/v2\/media\/7539"}],"wp:attachment":[{"href":"https:\/\/antykilion.pl\/en\/wp-json\/wp\/v2\/media?parent=7538"}],"wp:term":[{"taxonomy":"product_cat","embeddable":true,"href":"https:\/\/antykilion.pl\/en\/wp-json\/wp\/v2\/product_cat?post=7538"},{"taxonomy":"product_tag","embeddable":true,"href":"https:\/\/antykilion.pl\/en\/wp-json\/wp\/v2\/product_tag?post=7538"}],"curies":[{"name":"wp","href":"https:\/\/api.w.org\/{rel}","templated":true}]}}