{"id":7564,"date":"2023-09-19T11:41:41","date_gmt":"2023-09-19T09:41:41","guid":{"rendered":"https:\/\/antykilion.pl\/?post_type=product&#038;p=7564"},"modified":"2025-08-18T12:28:08","modified_gmt":"2025-08-18T10:28:08","slug":"lampka-salonowa-gabinetowa-elektryczna-w-stylu-empirowy","status":"publish","type":"product","link":"https:\/\/antykilion.pl\/en\/product\/lampka-salonowa-gabinetowa-elektryczna-w-stylu-empirowy\/","title":{"rendered":"Lampa salonowa\/gabinetowa, elektryczna, w stylu empirowy"},"content":{"rendered":"","protected":false},"excerpt":{"rendered":"<p>Lampa salonowa\/gabinetowa, elektryczna, w stylu empirowy<\/p>\n<p>Podstawa na lwich \u0141apach<\/p>\n<p>Materia\u0142: kompozycja metali, br\u0105z z\u0142ocony<\/p>\n<p>Wymiary: wys. 54 cm z aba\u017curem,<\/p>\n<p>Pochodzenie: Francja,<\/p>\n<p>Very good condition<\/p>","protected":false},"featured_media":7565,"comment_status":"closed","ping_status":"closed","template":"","meta":[],"product_cat":[47],"product_tag":[],"class_list":{"0":"post-7564","1":"product","2":"type-product","3":"status-publish","4":"has-post-thumbnail","6":"product_cat-oswietlenie","8":"entry","9":"has-media","11":"first","12":"instock","13":"taxable","14":"shipping-taxable","15":"purchasable","16":"product-type-simple","17":"has-product-nav","18":"col","19":"span_1_of_3","20":"owp-content-center","21":"owp-thumbs-layout-horizontal","22":"owp-btn-normal","23":"owp-tabs-layout-horizontal"},"aioseo_notices":[],"_links":{"self":[{"href":"https:\/\/antykilion.pl\/en\/wp-json\/wp\/v2\/product\/7564","targetHints":{"allow":["GET"]}}],"collection":[{"href":"https:\/\/antykilion.pl\/en\/wp-json\/wp\/v2\/product"}],"about":[{"href":"https:\/\/antykilion.pl\/en\/wp-json\/wp\/v2\/types\/product"}],"replies":[{"embeddable":true,"href":"https:\/\/antykilion.pl\/en\/wp-json\/wp\/v2\/comments?post=7564"}],"wp:featuredmedia":[{"embeddable":true,"href":"https:\/\/antykilion.pl\/en\/wp-json\/wp\/v2\/media\/7565"}],"wp:attachment":[{"href":"https:\/\/antykilion.pl\/en\/wp-json\/wp\/v2\/media?parent=7564"}],"wp:term":[{"taxonomy":"product_cat","embeddable":true,"href":"https:\/\/antykilion.pl\/en\/wp-json\/wp\/v2\/product_cat?post=7564"},{"taxonomy":"product_tag","embeddable":true,"href":"https:\/\/antykilion.pl\/en\/wp-json\/wp\/v2\/product_tag?post=7564"}],"curies":[{"name":"wp","href":"https:\/\/api.w.org\/{rel}","templated":true}]}}