{"id":7570,"date":"2023-09-19T12:34:58","date_gmt":"2023-09-19T10:34:58","guid":{"rendered":"https:\/\/antykilion.pl\/?post_type=product&#038;p=7570"},"modified":"2025-10-14T14:10:16","modified_gmt":"2025-10-14T12:10:16","slug":"lampa-art-deco-z-tancerka-1920-30-obledna","status":"publish","type":"product","link":"https:\/\/antykilion.pl\/en\/product\/lampa-art-deco-z-tancerka-1920-30-obledna\/","title":{"rendered":"Lampa art deco z tancerk\u0105 1920\/30 ob\u0142\u0119dna !!!"},"content":{"rendered":"","protected":false},"excerpt":{"rendered":"<p>Lampa art deco z tancerk\u0105 1920\/30 ob\u0142\u0119dna !!!<\/p>\n<p>lampa z figura m\u0142odej kobiety ta\u0144cz\u0105cej. Rze\u017aba zachwyca lekko\u015bci\u0105. Poza taneczna, ta chwila wyj\u0105tkowej r\u00f3wnowagi jest podkre\u015blona przez podstaw\u0119 w formie schodkowej piramidy. Dynamizuj\u0105ca kolorystyka &#8211; zastosowano dope\u0142niaj\u0105ce si\u0119 z\u0142oto i biel.<\/p>\n<p>Art deco, lata 20-30. XX w.<\/p>\n<p>Lapa sygnowana widoczna na zdj\u0119ciu<\/p>\n<p>Materia\u0142:\u00a0Br\u0105z patynowany na zielono, podstawa marmurowa.<\/p>\n<p>Wymiary: wys. 55 cm z aba\u017curem, aba\u017cur zam\u00f3wiony nowy czekamy na niego<\/p>\n<p>Very good condition<\/p>","protected":false},"featured_media":7571,"comment_status":"closed","ping_status":"closed","template":"","meta":[],"product_cat":[47],"product_tag":[],"class_list":{"0":"post-7570","1":"product","2":"type-product","3":"status-publish","4":"has-post-thumbnail","6":"product_cat-oswietlenie","8":"entry","9":"has-media","11":"first","12":"instock","13":"taxable","14":"shipping-taxable","15":"purchasable","16":"product-type-simple","17":"has-product-nav","18":"col","19":"span_1_of_3","20":"owp-content-center","21":"owp-thumbs-layout-horizontal","22":"owp-btn-normal","23":"owp-tabs-layout-horizontal"},"aioseo_notices":[],"_links":{"self":[{"href":"https:\/\/antykilion.pl\/en\/wp-json\/wp\/v2\/product\/7570","targetHints":{"allow":["GET"]}}],"collection":[{"href":"https:\/\/antykilion.pl\/en\/wp-json\/wp\/v2\/product"}],"about":[{"href":"https:\/\/antykilion.pl\/en\/wp-json\/wp\/v2\/types\/product"}],"replies":[{"embeddable":true,"href":"https:\/\/antykilion.pl\/en\/wp-json\/wp\/v2\/comments?post=7570"}],"wp:featuredmedia":[{"embeddable":true,"href":"https:\/\/antykilion.pl\/en\/wp-json\/wp\/v2\/media\/7571"}],"wp:attachment":[{"href":"https:\/\/antykilion.pl\/en\/wp-json\/wp\/v2\/media?parent=7570"}],"wp:term":[{"taxonomy":"product_cat","embeddable":true,"href":"https:\/\/antykilion.pl\/en\/wp-json\/wp\/v2\/product_cat?post=7570"},{"taxonomy":"product_tag","embeddable":true,"href":"https:\/\/antykilion.pl\/en\/wp-json\/wp\/v2\/product_tag?post=7570"}],"curies":[{"name":"wp","href":"https:\/\/api.w.org\/{rel}","templated":true}]}}