{"id":7583,"date":"2023-09-28T09:44:23","date_gmt":"2023-09-28T07:44:23","guid":{"rendered":"https:\/\/antykilion.pl\/?post_type=product&#038;p=7583"},"modified":"2026-03-14T12:37:06","modified_gmt":"2026-03-14T11:37:06","slug":"biurko-w-stylu-chippendale-xviii-xix-w-obledne","status":"publish","type":"product","link":"https:\/\/antykilion.pl\/en\/product\/biurko-w-stylu-chippendale-xviii-xix-w-obledne\/","title":{"rendered":"Biurko w stylu Chippendale XVIII\/XIX w ob\u0142\u0119dne"},"content":{"rendered":"","protected":false},"excerpt":{"rendered":"<p>Biurko w stylu Chippendale XVIII\/XIX w ob\u0142\u0119dne<\/p>\n<p>Biurko<\/p>\n<p>wolnostoj\u0105ce, dwustronne, z prostok\u0105tnym blatem o zaokr\u0105glonych naro\u017cach, z czterema szufladami, roz\u0142o\u017conymi po dwie na bokach, z szuflad\u0105 pod blatem i obustronnym miejscem na kolana po\u015brodku, wsparte na czterech kabriolowych n\u00f3\u017ckach, zako\u0144czonych kul\u0105 w szponach.<\/p>\n<p>Masywne biurko, a zarazem malutkie z form\u0105 i elementami dekoracji z wzor\u00f3w mebli projektowanych przez Thomasa Chippendale w 2 po\u0142. XVIII wieku. Zalet\u0105 jest du\u017ca powierzchnia blatu i wyko\u0144czenie fornirem na wszystkich bokach, dzi\u0119ki czemu mo\u017cna je u\u017cywa\u0107 w dowolnym ustawieniu.<\/p>\n<p>Stan: bardzo dobry, na blacie lekko widoczne miejsce od szklanki oraz po bokach uszkodzenie forniru praktycznie widoczne i nie rzutuj\u0105ce na ca\u0142o\u015bci pi\u0119kna mebla<\/p>\n<p>Materia\u0142: Materia\u0142: d\u0119bina, fornir &#8211; orzech, maho\u0144<\/p>\n<p>Wymiary: wys. 72 cm, szer. 105 cm, g\u0142\u0119b. 64 cm<\/p>\n<p>Pochodzenie: Europa Anglia?<\/p>","protected":false},"featured_media":7918,"comment_status":"closed","ping_status":"closed","template":"","meta":[],"product_cat":[17,31],"product_tag":[],"class_list":{"0":"post-7583","1":"product","2":"type-product","3":"status-publish","4":"has-post-thumbnail","6":"product_cat-meble","7":"product_cat-sekretery-sekretarzyki-biurka","9":"entry","10":"has-media","12":"first","13":"instock","14":"taxable","15":"shipping-taxable","16":"purchasable","17":"product-type-simple","18":"has-product-nav","19":"col","20":"span_1_of_3","21":"owp-content-center","22":"owp-thumbs-layout-horizontal","23":"owp-btn-normal","24":"owp-tabs-layout-horizontal"},"aioseo_notices":[],"_links":{"self":[{"href":"https:\/\/antykilion.pl\/en\/wp-json\/wp\/v2\/product\/7583","targetHints":{"allow":["GET"]}}],"collection":[{"href":"https:\/\/antykilion.pl\/en\/wp-json\/wp\/v2\/product"}],"about":[{"href":"https:\/\/antykilion.pl\/en\/wp-json\/wp\/v2\/types\/product"}],"replies":[{"embeddable":true,"href":"https:\/\/antykilion.pl\/en\/wp-json\/wp\/v2\/comments?post=7583"}],"wp:featuredmedia":[{"embeddable":true,"href":"https:\/\/antykilion.pl\/en\/wp-json\/wp\/v2\/media\/7918"}],"wp:attachment":[{"href":"https:\/\/antykilion.pl\/en\/wp-json\/wp\/v2\/media?parent=7583"}],"wp:term":[{"taxonomy":"product_cat","embeddable":true,"href":"https:\/\/antykilion.pl\/en\/wp-json\/wp\/v2\/product_cat?post=7583"},{"taxonomy":"product_tag","embeddable":true,"href":"https:\/\/antykilion.pl\/en\/wp-json\/wp\/v2\/product_tag?post=7583"}],"curies":[{"name":"wp","href":"https:\/\/api.w.org\/{rel}","templated":true}]}}