{"id":7601,"date":"2023-10-25T11:45:25","date_gmt":"2023-10-25T09:45:25","guid":{"rendered":"https:\/\/antykilion.pl\/?post_type=product&#038;p=7601"},"modified":"2024-07-01T21:56:14","modified_gmt":"2024-07-01T19:56:14","slug":"serwantka-biedermeier-zylkowana-xix-w-1820-r-cudna","status":"publish","type":"product","link":"https:\/\/antykilion.pl\/en\/product\/serwantka-biedermeier-zylkowana-xix-w-1820-r-cudna\/","title":{"rendered":"Serwantka biedermeier \u017cy\u0142kowana XIX w, 1820 r Cudna!!!"},"content":{"rendered":"","protected":false},"excerpt":{"rendered":"<p>Serwantka biedermeier<\/p>\n<p>o prostych bokach i froncie, z schodkowym zwie\u0144czeniu, przeszklona z trzech stron, zamykana jednoskrzyd\u0142owo, wsparta na czterech podk\u0142adkach. Skrzyd\u0142o drzwi na bokach uj\u0119te toczonymi kolumnami. z zwie\u0144czeniem korynckim\u00a0 Boki i front podzielone dwoma poziomymi szprosami na trzy pola. We wn\u0119trzu cztery p\u00f3\u0142ki. Na tylnej \u015bciance wn\u0119trza lustro; Na ca\u0142o\u015bci mebla intarsje w postaci \u017cy\u0142kowania !!!<\/p>\n<p>Serwantka bardzo wysokiej klasy!!!<\/p>\n<p>Pochodzenie: Europa \u015brodkowa- Polska\u00a0<\/p>\n<p>Stan\u00a0 bardzo dobry orginalny !!!, widoczne \u015blady u\u017cytkowania co jest ogromn\u0105 rzadko\u015bci\u0105 na dzisiejsze czasy !!!<\/p>\n<p>Wymiary: wysoko\u015b\u0107 155 cm, d\u0142ugo\u015b\u0107 84 cm, g\u0142\u0119boko\u015b\u0107 oko\u0142o 45 cm<\/p>\n<p>Materia\u0142: fornir maho\u0144 piramidalny \u017cy\u0142kowania\u00a0 jasnym fornirem<\/p>\n<p>Ogromna rzadko\u015b\u0107 !!!<\/p>","protected":false},"featured_media":7602,"comment_status":"closed","ping_status":"closed","template":"","meta":[],"product_cat":[17,37],"product_tag":[],"class_list":{"0":"post-7601","1":"product","2":"type-product","3":"status-publish","4":"has-post-thumbnail","6":"product_cat-meble","7":"product_cat-witryny-serwantki","9":"entry","10":"has-media","12":"first","13":"instock","14":"taxable","15":"shipping-taxable","16":"purchasable","17":"product-type-simple","18":"has-product-nav","19":"col","20":"span_1_of_3","21":"owp-content-center","22":"owp-thumbs-layout-horizontal","23":"owp-btn-normal","24":"owp-tabs-layout-horizontal"},"aioseo_notices":[],"_links":{"self":[{"href":"https:\/\/antykilion.pl\/en\/wp-json\/wp\/v2\/product\/7601","targetHints":{"allow":["GET"]}}],"collection":[{"href":"https:\/\/antykilion.pl\/en\/wp-json\/wp\/v2\/product"}],"about":[{"href":"https:\/\/antykilion.pl\/en\/wp-json\/wp\/v2\/types\/product"}],"replies":[{"embeddable":true,"href":"https:\/\/antykilion.pl\/en\/wp-json\/wp\/v2\/comments?post=7601"}],"wp:featuredmedia":[{"embeddable":true,"href":"https:\/\/antykilion.pl\/en\/wp-json\/wp\/v2\/media\/7602"}],"wp:attachment":[{"href":"https:\/\/antykilion.pl\/en\/wp-json\/wp\/v2\/media?parent=7601"}],"wp:term":[{"taxonomy":"product_cat","embeddable":true,"href":"https:\/\/antykilion.pl\/en\/wp-json\/wp\/v2\/product_cat?post=7601"},{"taxonomy":"product_tag","embeddable":true,"href":"https:\/\/antykilion.pl\/en\/wp-json\/wp\/v2\/product_tag?post=7601"}],"curies":[{"name":"wp","href":"https:\/\/api.w.org\/{rel}","templated":true}]}}