{"id":7633,"date":"2023-11-01T10:11:19","date_gmt":"2023-11-01T09:11:19","guid":{"rendered":"https:\/\/antykilion.pl\/?post_type=product&#038;p=7633"},"modified":"2026-03-14T12:43:51","modified_gmt":"2026-03-14T11:43:51","slug":"zlocone-fotele-w-stylu-napoleona-iii-xix-w-1870-r","status":"publish","type":"product","link":"https:\/\/antykilion.pl\/en\/product\/zlocone-fotele-w-stylu-napoleona-iii-xix-w-1870-r\/","title":{"rendered":"Z\u0142ocone fotele w stylu Napoleona III XIX w \u00a01870 r"},"content":{"rendered":"","protected":false},"excerpt":{"rendered":"<p>Z\u0142ocone fotele w stylu Napoleona III XIX w \u00a01870 r<\/p>\n<p>wy\u015bcie\u0142ane na siedzeniu, oparciu i pod\u0142okietnikach, o prostok\u0105tnych oparciach i trapezoidalnych siedzeniach, falistych od frontu i u g\u00f3ry, wsparte na czterech nogach przednich w formie tralek, zako\u0144czonych rolkami, tylnych graniastych, gi\u0119tych do ty\u0142u. Boczne ramiki fotela w formie tralek. G\u00f3rne ramiaki oparcia profilowane, zako\u0144czone sterczynami w formie palm na bokach, ze zwie\u0144czeniem wypi\u0119trzonym po\u015brodku i wkl\u0119s\u0142ym na bokach, dekorowanym li\u015b\u0107mi z kartuszem w centrum. W miejscach po\u0142\u0105cze\u0144 kostki z rautami. Por\u0119cze foteli faliste, wsparte na analogicznych wspornikach.<\/p>\n<p>Meble wykonane w stylu Napoleona III o charakterystycznej dla tego okresu formie i elementach zdobniczych zaczerpni\u0119tych z kilku styl\u00f3w historycznych.<\/p>\n<p>Prawdziwa gratka dla kolekcjonera ze wzgl\u0119du na rzadki i zabytkowy charakter dzie\u0142a sztuki u\u017cytkowej. Wyposa\u017cenie Zamk\u00f3w, Pa\u0142acy i bogatych rezydencji.<\/p>\n<p>Pochodzenie: Europa\u00a0 Francja, Polska ?<\/p>\n<p>Stan\u00a0 bardzo dobry orginalny !!!, widoczne \u015blady u\u017cytkowania na por\u0119czach przetarcia materia\u0142u<\/p>\n<p>Wymiary:\u00a0 102 cm,\u00a0 wysoko\u015b\u0107 siedziska 47, d\u0142ugo\u015b\u0107\u00a0 oko\u0142o 60 cm, g\u0142\u0119boko\u015b\u0107 oko\u0142o\u00a0 60 cm<\/p>\n<p>Materia\u0142: drzewo z\u0142ocone Buczyna?<\/p>\n<p>Ogromna rzadko\u015b\u0107 !!!<\/p>","protected":false},"featured_media":7634,"comment_status":"closed","ping_status":"closed","template":"","meta":[],"product_cat":[24,17],"product_tag":[],"class_list":{"0":"post-7633","1":"product","2":"type-product","3":"status-publish","4":"has-post-thumbnail","6":"product_cat-fotele","7":"product_cat-meble","9":"entry","10":"has-media","12":"first","13":"instock","14":"taxable","15":"shipping-taxable","16":"purchasable","17":"product-type-simple","18":"has-product-nav","19":"col","20":"span_1_of_3","21":"owp-content-center","22":"owp-thumbs-layout-horizontal","23":"owp-btn-normal","24":"owp-tabs-layout-horizontal"},"aioseo_notices":[],"_links":{"self":[{"href":"https:\/\/antykilion.pl\/en\/wp-json\/wp\/v2\/product\/7633","targetHints":{"allow":["GET"]}}],"collection":[{"href":"https:\/\/antykilion.pl\/en\/wp-json\/wp\/v2\/product"}],"about":[{"href":"https:\/\/antykilion.pl\/en\/wp-json\/wp\/v2\/types\/product"}],"replies":[{"embeddable":true,"href":"https:\/\/antykilion.pl\/en\/wp-json\/wp\/v2\/comments?post=7633"}],"wp:featuredmedia":[{"embeddable":true,"href":"https:\/\/antykilion.pl\/en\/wp-json\/wp\/v2\/media\/7634"}],"wp:attachment":[{"href":"https:\/\/antykilion.pl\/en\/wp-json\/wp\/v2\/media?parent=7633"}],"wp:term":[{"taxonomy":"product_cat","embeddable":true,"href":"https:\/\/antykilion.pl\/en\/wp-json\/wp\/v2\/product_cat?post=7633"},{"taxonomy":"product_tag","embeddable":true,"href":"https:\/\/antykilion.pl\/en\/wp-json\/wp\/v2\/product_tag?post=7633"}],"curies":[{"name":"wp","href":"https:\/\/api.w.org\/{rel}","templated":true}]}}