{"id":7646,"date":"2023-11-01T10:48:14","date_gmt":"2023-11-01T09:48:14","guid":{"rendered":"https:\/\/antykilion.pl\/?post_type=product&#038;p=7646"},"modified":"2026-03-14T12:40:16","modified_gmt":"2026-03-14T11:40:16","slug":"fotele-w-stylu-neorokoko-xix-w-1880-r-piekne","status":"publish","type":"product","link":"https:\/\/antykilion.pl\/en\/product\/fotele-w-stylu-neorokoko-xix-w-1880-r-piekne\/","title":{"rendered":"Fotele w stylu Neorokoko XIX w 1880 r Pi\u0119kne !!!"},"content":{"rendered":"","protected":false},"excerpt":{"rendered":"<p>Fotele w stylu Neorokoko XIX w 1880 r Pi\u0119kne !!!<\/p>\n<p>pary foteli &#8211; ber\u017cer, g\u0142\u0119bokich, o profilowanych i falistych elementach szkieletu dekorowanych p\u0142askorze\u017abionymi li\u015b\u0107mi i kwiatkami, wy\u015bcie\u0142anych na oparciu, siedzeniu i bokach, wspartych na esowatych n\u00f3\u017ckach.\u00a0 Oparcia foteli prostok\u0105tne, o falistym zarysie, lekko odchylone. Por\u0119cze cofni\u0119te, r\u00f3wnie\u017c odchylone na boki. Siedzenia z ty\u0142u zaokr\u0105glone na bokach i od frontu faliste.<\/p>\n<p>Forma i dekoracja siedzisk wzorowana na modelach mebli francuskich wykonywanych ok. po\u0142. XVIII w. W epoce rokoka wprowadzono mi\u0119kkie i wygodne siedziska, zwi\u0119kszaj\u0105ce komfort siedzenia.<\/p>\n<p>Prawdziwa gratka dla kolekcjonera ze wzgl\u0119du na rzadki i zabytkowy charakter dzie\u0142a sztuki u\u017cytkowej. Wyposa\u017cenie Zamk\u00f3w, Pa\u0142acy i bogatych rezydencji.<\/p>\n<p>Pochodzenie: Europa\u00a0 Francja, Polska ?<\/p>\n<p>Stan\u00a0 bardzo dobry orginalny !!!, widoczne \u015blady u\u017cytkowania materia\u0142 do czyszczenia<\/p>\n<p>Wymiary:\u00a0 101 cm,\u00a0 wysoko\u015b\u0107 siedziska 40, d\u0142ugo\u015b\u0107\u00a0 oko\u0142o 70 cm, g\u0142\u0119boko\u015b\u0107 oko\u0142o\u00a0 60 cm<\/p>\n<p>Material: walnut<\/p>\n<p>Ogromna rzadko\u015b\u0107 !!!<\/p>","protected":false},"featured_media":7647,"comment_status":"closed","ping_status":"closed","template":"","meta":[],"product_cat":[24,17],"product_tag":[],"class_list":{"0":"post-7646","1":"product","2":"type-product","3":"status-publish","4":"has-post-thumbnail","6":"product_cat-fotele","7":"product_cat-meble","9":"entry","10":"has-media","12":"first","13":"instock","14":"taxable","15":"shipping-taxable","16":"purchasable","17":"product-type-simple","18":"has-product-nav","19":"col","20":"span_1_of_3","21":"owp-content-center","22":"owp-thumbs-layout-horizontal","23":"owp-btn-normal","24":"owp-tabs-layout-horizontal"},"aioseo_notices":[],"_links":{"self":[{"href":"https:\/\/antykilion.pl\/en\/wp-json\/wp\/v2\/product\/7646","targetHints":{"allow":["GET"]}}],"collection":[{"href":"https:\/\/antykilion.pl\/en\/wp-json\/wp\/v2\/product"}],"about":[{"href":"https:\/\/antykilion.pl\/en\/wp-json\/wp\/v2\/types\/product"}],"replies":[{"embeddable":true,"href":"https:\/\/antykilion.pl\/en\/wp-json\/wp\/v2\/comments?post=7646"}],"wp:featuredmedia":[{"embeddable":true,"href":"https:\/\/antykilion.pl\/en\/wp-json\/wp\/v2\/media\/7647"}],"wp:attachment":[{"href":"https:\/\/antykilion.pl\/en\/wp-json\/wp\/v2\/media?parent=7646"}],"wp:term":[{"taxonomy":"product_cat","embeddable":true,"href":"https:\/\/antykilion.pl\/en\/wp-json\/wp\/v2\/product_cat?post=7646"},{"taxonomy":"product_tag","embeddable":true,"href":"https:\/\/antykilion.pl\/en\/wp-json\/wp\/v2\/product_tag?post=7646"}],"curies":[{"name":"wp","href":"https:\/\/api.w.org\/{rel}","templated":true}]}}