{"id":7660,"date":"2023-11-02T12:17:03","date_gmt":"2023-11-02T11:17:03","guid":{"rendered":"https:\/\/antykilion.pl\/?post_type=product&#038;p=7660"},"modified":"2023-11-02T15:48:15","modified_gmt":"2023-11-02T14:48:15","slug":"cukiernica-skrzynkowa-na-kluczyk-wroclaw-1849-1861-mistrz-robert-haertel","status":"publish","type":"product","link":"https:\/\/antykilion.pl\/en\/product\/cukiernica-skrzynkowa-na-kluczyk-wroclaw-1849-1861-mistrz-robert-haertel\/","title":{"rendered":"Cukiernica skrzynkowa na kluczyk Wroc\u0142aw 1849 &#8211; 1861, mistrz Robert Haertel"},"content":{"rendered":"","protected":false},"excerpt":{"rendered":"<p>Cukiernica skrzynkowa na kluczyk Wroc\u0142aw 1849 &#8211; 1861, mistrz Robert Haertel<\/p>\n<p>Cukiernica skrzynkowa na kluczyk zosta\u0142a wykonana w Wroc\u0142awiu ze srebra 13 lut pr\u00f3by 750\/1000, cecha probiercza miasta Wroc\u0142awia &#8211; G\u0142owa \u015bw. Jana Chrzciciela oraz &#8217;13&#8217; (cz\u0119\u015bciowo starta), \u00a0monogram z\u0142otnika R.H. &#8211; Robert Haertel &#8211; czynny we Wroc\u0142awiu (1840-1882), dodatkowo Litera T w okr\u0105g\u0142ym polu &#8211; znak porbierza z okresu 1849-61<\/p>\n<p>Cukiernica na czterech kulistych n\u00f3\u017ckach. Prostok\u0105tny, wypuk\u0142y kszta\u0142t z prostymi fa\u0142dami wzd\u0142u\u017cnymi<\/p>\n<p>Wymiary:d\u0142ugo\u015b\u0107 14, szeroko\u015b\u0107 10, wysoko\u015b\u0107 10 cm, waga ok. 350 gram.<\/p>\n<p>Key available.<\/p>\n<p>Silver February 13, trial 750\/1000<\/p>\n<p>Beautiful and unique !!!<\/p>","protected":false},"featured_media":7661,"comment_status":"closed","ping_status":"closed","template":"","meta":[],"product_cat":[46],"product_tag":[],"class_list":{"0":"post-7660","1":"product","2":"type-product","3":"status-publish","4":"has-post-thumbnail","6":"product_cat-srebra-i-platery","8":"entry","9":"has-media","11":"first","12":"instock","13":"taxable","14":"shipping-taxable","15":"purchasable","16":"product-type-simple","17":"has-product-nav","18":"col","19":"span_1_of_3","20":"owp-content-center","21":"owp-thumbs-layout-horizontal","22":"owp-btn-normal","23":"owp-tabs-layout-horizontal"},"aioseo_notices":[],"_links":{"self":[{"href":"https:\/\/antykilion.pl\/en\/wp-json\/wp\/v2\/product\/7660","targetHints":{"allow":["GET"]}}],"collection":[{"href":"https:\/\/antykilion.pl\/en\/wp-json\/wp\/v2\/product"}],"about":[{"href":"https:\/\/antykilion.pl\/en\/wp-json\/wp\/v2\/types\/product"}],"replies":[{"embeddable":true,"href":"https:\/\/antykilion.pl\/en\/wp-json\/wp\/v2\/comments?post=7660"}],"wp:featuredmedia":[{"embeddable":true,"href":"https:\/\/antykilion.pl\/en\/wp-json\/wp\/v2\/media\/7661"}],"wp:attachment":[{"href":"https:\/\/antykilion.pl\/en\/wp-json\/wp\/v2\/media?parent=7660"}],"wp:term":[{"taxonomy":"product_cat","embeddable":true,"href":"https:\/\/antykilion.pl\/en\/wp-json\/wp\/v2\/product_cat?post=7660"},{"taxonomy":"product_tag","embeddable":true,"href":"https:\/\/antykilion.pl\/en\/wp-json\/wp\/v2\/product_tag?post=7660"}],"curies":[{"name":"wp","href":"https:\/\/api.w.org\/{rel}","templated":true}]}}