{"id":7674,"date":"2023-11-02T14:53:44","date_gmt":"2023-11-02T13:53:44","guid":{"rendered":"https:\/\/antykilion.pl\/?post_type=product&#038;p=7674"},"modified":"2023-11-02T14:53:44","modified_gmt":"2023-11-02T13:53:44","slug":"cukiernica-skrzynkowa-breslau-wroclaw-friedrich-wilhelm-schulz-1835-r","status":"publish","type":"product","link":"https:\/\/antykilion.pl\/en\/product\/cukiernica-skrzynkowa-breslau-wroclaw-friedrich-wilhelm-schulz-1835-r\/","title":{"rendered":"Cukiernica skrzynkowa  Breslau- Wroc\u0142aw, Friedrich Wilhelm Schulz 1835 r"},"content":{"rendered":"","protected":false},"excerpt":{"rendered":"<p>Cukiernica skrzynkowa \u00a0Breslau- Wroc\u0142aw, Friedrich Wilhelm Schulz 1835 r<\/p>\n<p>Cukiernica skrzynkowa na kluczyk zosta\u0142a wykonana w Wroc\u0142awiu ze srebra 13 lut pr\u00f3by 750\/1000, cecha probiercza miasta Wroc\u0142awia &#8211; G\u0142owa \u015bw. Jana Chrzciciela oraz &#8217;13&#8217; ?(cz\u0119\u015bciowo starta),\u00a0 w prostok\u0105cie \u00a0Friedrich Wilhelm Schulz- czynny we Wroc\u0142awiu (1804-1849), dodatkowo Litera R w okr\u0105g\u0142ym polu &#8211; znak porbierza z okresu (1834-39)<\/p>\n<p>Cukiernica na czterech n\u00f3\u017ckach zako\u0144czonych lwimi \u0142apami, a u nasady ornamentem ro\u015blinnym i palmetami; prostopad\u0142o\u015bcienna dekorowana szerokim pasem dekoracji z wici winnej \u0142ozy z gronami; nakrywka na zawiasie ozdobiona aplikacjami siedz\u0105cym lwem.<\/p>\n<p>Wymiary:d\u0142ugo\u015b\u0107 15, szeroko\u015b\u0107 10,5, wysoko\u015b\u0107 10 cm, waga ok. 510 gram.<\/p>\n<p>Key available.<\/p>\n<p>Silver February 13, trial 750\/1000<\/p>\n<p>Beautiful and unique !!!<\/p>","protected":false},"featured_media":7675,"comment_status":"closed","ping_status":"closed","template":"","meta":[],"product_cat":[46],"product_tag":[],"class_list":{"0":"post-7674","1":"product","2":"type-product","3":"status-publish","4":"has-post-thumbnail","6":"product_cat-srebra-i-platery","8":"entry","9":"has-media","11":"first","12":"instock","13":"taxable","14":"shipping-taxable","15":"purchasable","16":"product-type-simple","17":"has-product-nav","18":"col","19":"span_1_of_3","20":"owp-content-center","21":"owp-thumbs-layout-horizontal","22":"owp-btn-normal","23":"owp-tabs-layout-horizontal"},"aioseo_notices":[],"_links":{"self":[{"href":"https:\/\/antykilion.pl\/en\/wp-json\/wp\/v2\/product\/7674","targetHints":{"allow":["GET"]}}],"collection":[{"href":"https:\/\/antykilion.pl\/en\/wp-json\/wp\/v2\/product"}],"about":[{"href":"https:\/\/antykilion.pl\/en\/wp-json\/wp\/v2\/types\/product"}],"replies":[{"embeddable":true,"href":"https:\/\/antykilion.pl\/en\/wp-json\/wp\/v2\/comments?post=7674"}],"wp:featuredmedia":[{"embeddable":true,"href":"https:\/\/antykilion.pl\/en\/wp-json\/wp\/v2\/media\/7675"}],"wp:attachment":[{"href":"https:\/\/antykilion.pl\/en\/wp-json\/wp\/v2\/media?parent=7674"}],"wp:term":[{"taxonomy":"product_cat","embeddable":true,"href":"https:\/\/antykilion.pl\/en\/wp-json\/wp\/v2\/product_cat?post=7674"},{"taxonomy":"product_tag","embeddable":true,"href":"https:\/\/antykilion.pl\/en\/wp-json\/wp\/v2\/product_tag?post=7674"}],"curies":[{"name":"wp","href":"https:\/\/api.w.org\/{rel}","templated":true}]}}