{"id":7698,"date":"2023-11-05T11:23:07","date_gmt":"2023-11-05T10:23:07","guid":{"rendered":"https:\/\/antykilion.pl\/?post_type=product&#038;p=7698"},"modified":"2024-01-03T13:18:45","modified_gmt":"2024-01-03T12:18:45","slug":"zaprzeg-konny-troika-edward-pierzynski-piekny-okazja","status":"publish","type":"product","link":"https:\/\/antykilion.pl\/en\/product\/zaprzeg-konny-troika-edward-pierzynski-piekny-okazja\/","title":{"rendered":"Zaprz\u0119g konny, Troika Edward Pierzy\u0144ski, Pi\u0119kny! okazja !"},"content":{"rendered":"","protected":false},"excerpt":{"rendered":"<p>Zaprz\u0119g konny, Troika Edward Pierzy\u0144ski, Pi\u0119kny! okazja !<\/p>\n<p>Technique: oil on canvas<\/p>\n<p>Very good condition<\/p>\n<p>Signature: lower right corner<\/p>\n<p>Wymiary: p\u0142\u00f3tno 61 cm na 91 cm + szeroka rama<\/p>\n<p>Below, information about the artist.<\/p>\n<p>Edward Pierzy\u0144ski urodzony w 1922 roku. Znany malarz polski, batalista. Tworzy\u0142 g\u0142\u00f3wnie kompozycje olejne. Najcz\u0119\u015bciej si\u0119ga\u0142 po tematy batalistyczne, sceny z walk polskich wojsk lub zimowe sceny ukazuj\u0105ce konne zaprz\u0119gi lub napady wilk\u00f3w na sanie.<\/p>","protected":false},"featured_media":7699,"comment_status":"closed","ping_status":"closed","template":"","meta":[],"product_cat":[41,39,40],"product_tag":[],"class_list":{"0":"post-7698","1":"product","2":"type-product","3":"status-publish","4":"has-post-thumbnail","6":"product_cat-malarstwo-dawne","7":"product_cat-dziela-sztuki","8":"product_cat-malarstwo","10":"entry","11":"has-media","13":"first","14":"instock","15":"taxable","16":"shipping-taxable","17":"purchasable","18":"product-type-simple","19":"has-product-nav","20":"col","21":"span_1_of_3","22":"owp-content-center","23":"owp-thumbs-layout-horizontal","24":"owp-btn-normal","25":"owp-tabs-layout-horizontal"},"aioseo_notices":[],"_links":{"self":[{"href":"https:\/\/antykilion.pl\/en\/wp-json\/wp\/v2\/product\/7698","targetHints":{"allow":["GET"]}}],"collection":[{"href":"https:\/\/antykilion.pl\/en\/wp-json\/wp\/v2\/product"}],"about":[{"href":"https:\/\/antykilion.pl\/en\/wp-json\/wp\/v2\/types\/product"}],"replies":[{"embeddable":true,"href":"https:\/\/antykilion.pl\/en\/wp-json\/wp\/v2\/comments?post=7698"}],"wp:featuredmedia":[{"embeddable":true,"href":"https:\/\/antykilion.pl\/en\/wp-json\/wp\/v2\/media\/7699"}],"wp:attachment":[{"href":"https:\/\/antykilion.pl\/en\/wp-json\/wp\/v2\/media?parent=7698"}],"wp:term":[{"taxonomy":"product_cat","embeddable":true,"href":"https:\/\/antykilion.pl\/en\/wp-json\/wp\/v2\/product_cat?post=7698"},{"taxonomy":"product_tag","embeddable":true,"href":"https:\/\/antykilion.pl\/en\/wp-json\/wp\/v2\/product_tag?post=7698"}],"curies":[{"name":"wp","href":"https:\/\/api.w.org\/{rel}","templated":true}]}}