{"id":7707,"date":"2023-11-05T20:46:51","date_gmt":"2023-11-05T19:46:51","guid":{"rendered":"https:\/\/antykilion.pl\/?post_type=product&#038;p=7707"},"modified":"2023-11-26T19:51:04","modified_gmt":"2023-11-26T18:51:04","slug":"gortzius-geldorp-1553-1618-chrystus-zbawiciel-swiata-atelier-po-ekspertyzie-muzealnej-klasy-dzielo","status":"publish","type":"product","link":"https:\/\/antykilion.pl\/en\/product\/gortzius-geldorp-1553-1618-chrystus-zbawiciel-swiata-atelier-po-ekspertyzie-muzealnej-klasy-dzielo\/","title":{"rendered":"Gortzius Geldorp (1553\u20131618),  Chrystus Zbawiciel \u015awiata atelier po ekspertyzie. Muzealnej klasy dzie\u0142o !!!"},"content":{"rendered":"","protected":false},"excerpt":{"rendered":"<p>Gortzius Geldorp (1553\u20131618),  Chrystus Zbawiciel \u015awiata \u015bwiata atelier po ekspertyzie. Muzealnej klasy dzie\u0142o !!!<\/p>\n<p>Prawdopodobnie powsta\u0142o kilka obraz\u00f3w przedstawiaj\u0105cych Chrystusa Jako Zbawiciela \u015awiata.<\/p>\n<p>Wszystkie bli\u017aniacze tylko twarz inna. Przedstawiona tutaj praca jest chyba naj\u0142adniejsz\u0105.<\/p>\n<p>Pierwsza udokumentowana jako atelier to: <\/p>\n<p> Obraz zakupiony przez kr\u00f3la Wilhelma I dla Mauritshuis, 1831; d\u0142ugoterminowo wypo\u017cyczony do Holenderskiego Instytutu Dziedzictwa <\/p>\n<p>Kulturowego, 1955?-1987<\/p>\n<p>Technika: olej na desce<\/p>\n<p>Condition: very good after maintenance<\/p>\n<p>Ekspertyza Pracowni laboratoryjno- konserwatorskiej w Krakowie przez Magister Barbar\u0119 Sow\u0119<\/p>\n<p>Obraz &#8220;Chrystus&#8221;<\/p>\n<p>przypisywany szkole Gortziusa Geldorpa, olej na desce 41,5 x 54 cm XVII w.<\/p>\n<p>Badania laboratoryjne pr\u00f3bek warstw malarskich.<\/p>\n<p>Do bada\u0144 otrzymano pr\u00f3bki warstwy malarskiej pobrane z obrazu. Identyfikacj\u0119 pigment\u00f3w<\/p>\n<p>przeprowadzono metod\u0105 mikroskopow\u0105 (mikroskop USB, Levenhuk DTX 90, powi\u0119kszenia<\/p>\n<p>50 \u2013 200 x) oraz mikrochemiczn\u0105, przy pomocy reakcji charakterystycznych dla<\/p>\n<p>poszczeg\u00f3lnych kation\u00f3w<\/p>\n<p>Sygnatura: prawdopodobnie prawy g\u00f3rny r\u00f3g widoczne \u015blady na pod\u015bwietleniu UV <\/p>\n<p>Stratygrafia:<\/p>\n<p>1. warstwa malarska<\/p>\n<p>2. warstwa ciemnoszara, podmalowanie<\/p>\n<p>3. bia\u0142a zaprawa<\/p>\n<p>W obr\u0119bie warstwy malarskiej widoczna biel z domieszk\u0105 drobnych cz\u0105stek czerni oraz &#8211;<\/p>\n<p>sporadycznie &#8211; czerwieni. Pr\u00f3bka rozpuszcza si\u0119 cz\u0119\u015bciowo w HCl. Reakcja z KI oraz reakcja<\/p>\n<p>mikrokrystaliczna z octanem miedzi i KNO2 wykaza\u0142a obecno\u015b\u0107 jon\u00f3w Pb+2.<\/p>\n<p>Wykryto biel o\u0142owiow\u0105 z domieszkami czerni i \u015bladowo &#8211; pojedynczymi kryszta\u0142kami<\/p>\n<p>czerwieni. (prawdopodobnie cynobru)<\/p>\n<p>Pr\u00f3bka nr 2. czerwie\u0144 z szaty Chrystusa<\/p>\n<p>Na przekroju widoczna warstwa czerwieni na ciemnoszarej warstwie, na zaprawie.<\/p>\n<p>Pr\u00f3bka czerwieni odbarwia si\u0119 w znacznej cz\u0119\u015bci w HCl. W roztworze pozostaj\u0105 kryszta\u0142ki<\/p>\n<p>intensywnej czerwieni odporne na dzia\u0142anie st\u0119\u017conych kwas\u00f3w i zasad.<\/p>\n<p>Reakcja z KI oraz reakcja mikrokrystaliczna z octanem miedzi i KNO2 wykaza\u0142a obecno\u015b\u0107<\/p>\n<p>jon\u00f3w Pb+2.<\/p>\n<p>Wykryto mini\u0119 z dodatkiem cynobru.<\/p>\n<p>Pr\u00f3bka nr 3. karnacja, szyja<\/p>\n<p>Na przekroju widoczna warstwa czerwieni na ciemnoszarej warstwie, na zaprawie.<\/p>\n<p>Pr\u00f3bka czerwieni odbarwia si\u0119 w znacznej cz\u0119\u015bci w HCl. W roztworze pozostaj\u0105 kryszta\u0142ki<\/p>\n<p>intensywnej czerwieni odporne na dzia\u0142anie st\u0119\u017conych kwas\u00f3w i zasad.<\/p>\n<p>Reakcja z KI oraz reakcja mikrokrystaliczna z octanem miedzi i KNO2 wykaza\u0142a obecno\u015b\u0107<\/p>\n<p>jon\u00f3w Pb+2.<\/p>\n<p>Wykryto mini\u0119 z dodatkiem cynobru.<\/p>\n<p>Pr\u00f3bka nr 3. karnacja, szyja<\/p>\n<p>Na zaprawie widoczna warstwa ciemnoszara (jak w pr\u00f3bkach 1 i 2) , na niej &#8211; warstwa<\/p>\n<p>malarska &#8211; biel z domieszkami czerni.. Na powierzchni &#8211; cienka warstwa szarobr\u0105zowa,<\/p>\n<p>nier\u00f3wnomiernie roz\u0142o\u017cona (umbra z \u015bladowymi domieszkami czerni).<\/p>\n<p>W warstwie bieli zidentyfikowano biel o\u0142owiow\u0105.<\/p>\n<p>Pr\u00f3bka nr 4. suknia pod szyj\u0105<\/p>\n<p>Na przekroju (fot A) na zaprawie widoczna ciemna, szarobr\u0105zowa warstwa; na zdj\u0119ciu<\/p>\n<p>odwrocia pr\u00f3bki (fot .B), przy kraw\u0119dzi \u0142uski &#8211; miodowa, transparentna. Zaprawa rozpuszcza<\/p>\n<p>si\u0119 w HCl z wydzieleniem CO2, warstwa br\u0105zowa rozpuszcza si\u0119 cz\u0119\u015bciowo w NaOH.<\/p>\n<p>W pr\u00f3bce wykryto pigment \u017celazowy, nie wykryto bieli o\u0142owiowej.<\/p>\n<p>Prawdopodobnie jest to werniks z domieszk\u0105 pigmentu \u017celazowego<\/p>\n<p>Wnioski ko\u0144cowe<\/p>\n<p>Na podstawie bada\u0144 ustalono, \u017ce pigmenty sa pochodzenia naturalnego. G\u0142\u00f3wne pigmenty to<\/p>\n<p>pigmenty z domieszk\u0105 o\u0142owiu: cynober, biel o\u0142owiana oraz pigmenty \u017celazowe. Spos\u00f3b<\/p>\n<p>malowania, technologia oraz u\u017cyte pigmenty wskazuj\u0105 na bardzo dobry warsztat malarski<\/p>\n<p>wykorzystuj\u0105cy techniki dawnych mistrz\u00f3w. Oszcz\u0119dna kolorystyka w postaci kilku kolor\u00f3w<\/p>\n<p>bazowych utrudnia precyzyjniejsze wydatowanie. We fluorescencji \u015bwiat\u0142a UV widoczne<\/p>\n<p>pozosta\u0142o\u015bci pierwotnego werniksu \u017cywicznego, kt\u00f3ry delikatnie \u015bwieci na kolor zielonkawy.<\/p>\n<p>Wymiary: deska wysoko\u015b\u0107 54 cm na 41,5 cm<\/p>\n<p>Below, information about the artist.<\/p>\n<p>Gortzius Geldorp[1] (1553\u20131618) by\u0142 flamandzkim artyst\u0105 renesansu dzia\u0142aj\u0105cym w Niemczech, gdzie wyr\u00f3\u017cni\u0142 si\u0119 malowid\u0142ami portretowymi.<br \/>\n\u017bycie<\/p>\n<p>Gortzius Geldorp urodzi\u0142 si\u0119 w Leuven. Wczesny flamandzki biograf Karel van Mander poinformowa\u0142, \u017ce Geldorp najpierw nauczy\u0142 si\u0119 malowa\u0107<\/p>\n<p>od Fransa Franckena I, a p\u00f3\u017aniej od Fransa Pourbusa Starszego. Frans Pourbus Starszy by\u0142 wybitnym portrecist\u0105 we Flandrii. Frans Francken<\/p>\n<p> I i Frans Pourbus Starszy byli uczniami Fransa Florisa, czo\u0142owego malarza renesansu w Antwerpii.<\/p>\n<p>Geldorp zosta\u0142 nadwornym malarzem ksi\u0119cia Terra Nova Carlo d&#8217;Aragona Tagliavia, kt\u00f3remu towarzyszy\u0142 w podr\u00f3\u017cach. Uda\u0142 si\u0119 do Kolonii z<\/p>\n<p> ksi\u0119ciem, kt\u00f3ry bra\u0142 udzia\u0142 w negocjacjach pokojowych z Republik\u0105 Holendersk\u0105. Geldorp pozosta\u0142 w mie\u015bcie, pozostaj\u0105c towarzyszem ksi\u0119cia<\/p>\n<p> w jego podr\u00f3\u017cach. W 1610 r. Geldorp obj\u0105\u0142 siedzib\u0119 Barthela Bruyna M\u0142odszego w radzie miejskiej Kolonii.[3] Geldorp by\u0142 odnosz\u0105cym <\/p>\n<p>sukcesy portrecist\u0105 pracuj\u0105cym dla arystokracji i innych wybitnych mecenas\u00f3w.<\/p>\n<p>Wenus, czyli m\u0142oda kobieta en deshabill\u00e9<\/p>\n<p>Geldorp zmar\u0142 w Kolonii w wieku oko\u0142o 65 lat. Jego synem by\u0142 malarz Georg Geldorp dzia\u0142aj\u0105cy g\u0142\u00f3wnie w Anglii.[5] Malarz Melchior Geldorp<\/p>\n<p> pracuj\u0105cy w Kolonii by\u0142 prawdopodobnie jego synem lub siostrze\u0144cem.<\/p>\n<p>Praca<\/p>\n<p>Geldorp zajmowa\u0142 si\u0119 g\u0142\u00f3wnie portretami indywidualnymi i grupowymi. Van Mander wspomina tak\u017ce o niekt\u00f3rych obrazach historycznych, takich<\/p>\n<p> jak Diana, Zuzanna, Ewangelista, Historia Estery i Ahasverusa oraz dwa popiersia Chrystusa i Marii. Te obrazy historyczne zazwyczaj <\/p>\n<p>przybieraj\u0105 form\u0119 portretowego przedstawienia \u015bwi\u0119tego lub postaci biblijnej lub mitologicznej. Przyk\u0142adem jest Wenus, czyli m\u0142oda kobieta<\/p>\n<p> en deshabill\u00e9 (wyprzeda\u017c Sotheby&#8217;s w Londynie z 2 maja 2018 r., pozycja 27), kt\u00f3ra przedstawia Wenus w formie portretu p\u00f3\u0142nagiej <\/p>\n<p>kobiety.[7]<\/p>\n<p>Znanych jest 70 jego dzie\u0142, w wi\u0119kszo\u015bci malowanych na desce. Seria dziewi\u0119ciu portret\u00f3w rodzinnych znajduje si\u0119 w zbiorach Rijksmuseum w<\/p>\n<p> Amsterdamie.[4]<\/p>\n<p>Mia\u0142 genialn\u0105 i mocn\u0105 palet\u0119, w kt\u00f3rej dominowa\u0142y br\u0105zy. Jego p\u00f3\u017aniejsze prace charakteryzuj\u0105 si\u0119 mi\u0119kkimi przej\u015bciami i niebieskawym<\/p>\n<p> odcieniem nadgarstk\u00f3w i szyi swoich bohater\u00f3w.<\/p>\n<p>Portret m\u0119\u017cczyzny<\/p>\n<p>Niekt\u00f3re z jego obraz\u00f3w zosta\u0142y wygrawerowane przez Crispijna van de Passe.<\/p>\n<p>Bibliografia<\/p>\n<p>Odmiany nazw: Gortzius Gelsdorp, Gortzius Gualdorp, Gortzius Geldrop, Gortzius Geldorp<\/p>\n<p>Gortzius Geldorp w Schilderboeck Karela van Mandera , 1604 (w j\u0119zyku niderlandzkim)<\/p>\n<p>Wilhelm Adolf Schmidt: Geldorp, Gortzius. W: Allgemeine Deutsche Biographie (ADB). Tom 8, Duncker &#038; Humblot, Leipzig 1878, s. 531\u2013533 (w<\/p>\n<p> j\u0119zyku niemieckim)<\/p>\n<p>Kr\u0105g Gortziusa Geldorpa (Leuven 1533\u20131618 Kolonia), Portret czteroletniego dziecka Zarchiwizowane 26 czerwca 2018 r. w Wayback Machine w<\/p>\n<p> Isherwood Fine Art<\/p>\n<p>Gortzius Geldorp w RKD (w j\u0119zyku niderlandzkim)<\/p>\n<p>Melchior Geldorp w RKD (w j\u0119zyku niderlandzkim)<\/p>\n<p>Gortzius Geldorp, Venus, czyli m\u0142oda kobieta en deshabill\u00e9 w Sotheby&#8217;s<\/p>\n<p>     Th\u00e9ophile Thor\u00e9, \u00c9tudes sur les peintres hollandais et flamands. Galerie d\u2019Arenberg \u00e0 Bruxelles: avec le katalog kompletny de la Collection par W. B\u00fcrger, Pary\u017c, J. Renouard, 1859, in-8\u00b0, 185-V s., s. 88\u201389. (po francusku)<\/p>","protected":false},"featured_media":7842,"comment_status":"closed","ping_status":"closed","template":"","meta":[],"product_cat":[41,39,40],"product_tag":[],"class_list":{"0":"post-7707","1":"product","2":"type-product","3":"status-publish","4":"has-post-thumbnail","6":"product_cat-malarstwo-dawne","7":"product_cat-dziela-sztuki","8":"product_cat-malarstwo","10":"entry","11":"has-media","13":"first","14":"instock","15":"taxable","16":"shipping-taxable","17":"purchasable","18":"product-type-simple","19":"has-product-nav","20":"col","21":"span_1_of_3","22":"owp-content-center","23":"owp-thumbs-layout-horizontal","24":"owp-btn-normal","25":"owp-tabs-layout-horizontal"},"aioseo_notices":[],"_links":{"self":[{"href":"https:\/\/antykilion.pl\/en\/wp-json\/wp\/v2\/product\/7707","targetHints":{"allow":["GET"]}}],"collection":[{"href":"https:\/\/antykilion.pl\/en\/wp-json\/wp\/v2\/product"}],"about":[{"href":"https:\/\/antykilion.pl\/en\/wp-json\/wp\/v2\/types\/product"}],"replies":[{"embeddable":true,"href":"https:\/\/antykilion.pl\/en\/wp-json\/wp\/v2\/comments?post=7707"}],"wp:featuredmedia":[{"embeddable":true,"href":"https:\/\/antykilion.pl\/en\/wp-json\/wp\/v2\/media\/7842"}],"wp:attachment":[{"href":"https:\/\/antykilion.pl\/en\/wp-json\/wp\/v2\/media?parent=7707"}],"wp:term":[{"taxonomy":"product_cat","embeddable":true,"href":"https:\/\/antykilion.pl\/en\/wp-json\/wp\/v2\/product_cat?post=7707"},{"taxonomy":"product_tag","embeddable":true,"href":"https:\/\/antykilion.pl\/en\/wp-json\/wp\/v2\/product_tag?post=7707"}],"curies":[{"name":"wp","href":"https:\/\/api.w.org\/{rel}","templated":true}]}}