{"id":7737,"date":"2023-11-09T09:28:14","date_gmt":"2023-11-09T08:28:14","guid":{"rendered":"https:\/\/antykilion.pl\/?post_type=product&#038;p=7737"},"modified":"2023-11-09T09:28:14","modified_gmt":"2023-11-09T08:28:14","slug":"cukiernica-skrzynkowa-prusy-zachodnie-danzig-elbing-marienburg-ok-1785r","status":"publish","type":"product","link":"https:\/\/antykilion.pl\/en\/product\/cukiernica-skrzynkowa-prusy-zachodnie-danzig-elbing-marienburg-ok-1785r\/","title":{"rendered":"Cukiernica skrzynkowa Prusy Zachodnie (Danzig-Elbing-Marienburg) ok. 1785r"},"content":{"rendered":"","protected":false},"excerpt":{"rendered":"<p>Cukiernica skrzynkowa Prusy Zachodnie (Danzig-Elbing-Marienburg) ok. 1785r<\/p>\n<p>Cukiernica  typu &#8220;Blumenrokoko&#8221; zosta\u0142a wykonana w Prusach Zachodnich (Danzig-Elbing-Marienburg) ok. 1785r. w srebrze pr\u00f3by zapewne13 \u0142ut\u00f3w, zapewne. Brak znak\u00f3w z\u0142otniczych pierwotnych mo\u017ce wskazywa\u0107 na ich usuni\u0119cie (naprawa) lub sprzeda\u017c poza o\u015brodek z\u0142otniczy (export out of Prussia) ale wtedy powinien widnie\u0107 znak warsztatowy. Srebro nie mia\u0142o prawa zaistnie\u0107 bez tego znaku pod rygorem kar, \u0142\u0105cznie z wydalenie z cechu np. w Gda\u0144sku.  M\u00f3g\u0142 to by\u0107 wyr\u00f3b z materia\u0142u powierzonego (i tak zapewne jest ale nie do ko\u0144ca) ale wtedy tak\u017ce musia\u0142by widnie\u0107 znak warsztatowy (wi\u0119cej ni\u017c jeden). Wed\u0142ug mnie jest to Danzig sprzedany na &#8220;lewo&#8221; albo o\u015bcienny o\u015brodek np. Elbing, gdzie nie by\u0142o takich restrykcji z powodu bardziej &#8220;kameralnego&#8221; cechu z\u0142otnik\u00f3w. Brak znaku kontrybucyjnego (1809-1812) mo\u017ce \u015bwiadczy\u0107 o tym, \u017ce obiekt by\u0142 w tym okresie, ju\u017c poza Kr\u00f3lestwem Prus.<\/p>\n<p>W latach 1925-35 puszka zosta\u0142a zakupiona w Niemczech, zapewne na aukcji lub licytacji przez antykwariusza we Francji (Pary\u017c). Po 2020r. puszka ta zosta\u0142a przywieziona z Francji (Pary\u017c) do Polski.<\/p>\n<p>Znak wwozowy (dwukrotnie wybity z powodu b\u0142\u0119du, z uwagi na &#8220;twarde&#8221; srebro):<\/p>\n<p>France import mark: 07.1893-1970 \u201eswan\u201d (doube) on \u201elarge beak-irons\u201d=Paris ca. 1930-1935<\/p>\n<p>(from non constracting country= Germany).<\/p>\n<p>Cukiernica na czterech n\u00f3\u017ckach zako\u0144czonych lwimi \u0142apami, a u nasady ornamentem ro\u015blinnym i palmetami; prostopad\u0142o\u015bcienna dekorowana szerokim pasem dekoracji z wici winnej \u0142ozy z gronami; nakrywka na zawiasie ozdobiona aplikacjami siedz\u0105cym lwem.<\/p>\n<p>Wymiary: d\u0142ugo\u015b\u0107 15, szeroko\u015b\u0107 11, wysoko\u015b\u0107 14 cm, waga ok. 400 gram.<\/p>\n<p>Silver February 13, trial 750\/1000<\/p>\n<p>Beautiful and unique !!!<\/p>","protected":false},"featured_media":7734,"comment_status":"closed","ping_status":"closed","template":"","meta":[],"product_cat":[46],"product_tag":[],"class_list":{"0":"post-7737","1":"product","2":"type-product","3":"status-publish","4":"has-post-thumbnail","6":"product_cat-srebra-i-platery","8":"entry","9":"has-media","11":"first","12":"instock","13":"taxable","14":"shipping-taxable","15":"purchasable","16":"product-type-simple","17":"has-product-nav","18":"col","19":"span_1_of_3","20":"owp-content-center","21":"owp-thumbs-layout-horizontal","22":"owp-btn-normal","23":"owp-tabs-layout-horizontal"},"aioseo_notices":[],"_links":{"self":[{"href":"https:\/\/antykilion.pl\/en\/wp-json\/wp\/v2\/product\/7737","targetHints":{"allow":["GET"]}}],"collection":[{"href":"https:\/\/antykilion.pl\/en\/wp-json\/wp\/v2\/product"}],"about":[{"href":"https:\/\/antykilion.pl\/en\/wp-json\/wp\/v2\/types\/product"}],"replies":[{"embeddable":true,"href":"https:\/\/antykilion.pl\/en\/wp-json\/wp\/v2\/comments?post=7737"}],"wp:featuredmedia":[{"embeddable":true,"href":"https:\/\/antykilion.pl\/en\/wp-json\/wp\/v2\/media\/7734"}],"wp:attachment":[{"href":"https:\/\/antykilion.pl\/en\/wp-json\/wp\/v2\/media?parent=7737"}],"wp:term":[{"taxonomy":"product_cat","embeddable":true,"href":"https:\/\/antykilion.pl\/en\/wp-json\/wp\/v2\/product_cat?post=7737"},{"taxonomy":"product_tag","embeddable":true,"href":"https:\/\/antykilion.pl\/en\/wp-json\/wp\/v2\/product_tag?post=7737"}],"curies":[{"name":"wp","href":"https:\/\/api.w.org\/{rel}","templated":true}]}}