{"id":7801,"date":"2023-11-18T12:11:35","date_gmt":"2023-11-18T11:11:35","guid":{"rendered":"https:\/\/antykilion.pl\/?post_type=product&#038;p=7801"},"modified":"2023-11-18T12:11:35","modified_gmt":"2023-11-18T11:11:35","slug":"malowniczy-pejzaz-letni-carl-ludwig-scheins-1808-1879-obledny","status":"publish","type":"product","link":"https:\/\/antykilion.pl\/en\/product\/malowniczy-pejzaz-letni-carl-ludwig-scheins-1808-1879-obledny\/","title":{"rendered":"Malowniczy pejza\u017c letni Carl Ludwig Scheins 1808-1879 ob\u0142\u0119dny !!!"},"content":{"rendered":"","protected":false},"excerpt":{"rendered":"<p>Malowniczy pejza\u017c letni Carl Ludwig Scheins 1808-1879 ob\u0142\u0119dny !!!<\/p>\n<p>Carl Ludwig Scheins (urodzony 14 wrze\u015bnia 1808 w Auchen; \u2020 23 pa\u017adziernika 1879 w D\u00fcsseldorfie) by\u0142 niemieckim malarzem pejza\u017cyst\u00f3w szko\u0142y d\u00fcsseldorfskiej. \u017byj i dzia\u0142aj Carl Ludwig Scheins, kt\u00f3ry dorasta\u0142 w Auchen, jako m\u0142ody cz\u0142owiek przeprowadzi\u0142 si\u0119 do D\u00fcsseldorfu, gdzie studiowa\u0142 malarstwo na tamtejszej Akademii Sztuki w D\u00fcsseldorfie. W latach 1830-1837 specjalizowa\u0142 si\u0119 w malarstwie pejza\u017cowym i ucz\u0119szcza\u0142 do klasy mistrzowskiej Johanna Wilhelma Schirmera.[1] Nale\u017cy do kr\u0119gu szko\u0142y malarskiej w D\u00fcsseldorfie, o czym wspomina\u0142 w 1836 roku archiwista i pisarz Johann Josef Scotti[2], a p\u00f3\u017aniej Wolfgang M\u00fcller von K\u00f6nigswinter w swoim albumie artystycznym z D\u00fcsseldorfu. Muzeum Suermondt-Ludwig w Akwizgranie, gdzie eksponowane s\u0105 wybrane eksponaty z tej szko\u0142y malarstwa (opr\u00f3cz obraz\u00f3w Scheinsa, m.in. dzie\u0142 Schirmera, Oswalda i Andreasa Achenbach\u00f3w oraz Caspara Scheurena), wyznacza go tak\u017ce do tego \u015brodowisko artystyczne.[3] W 1840 roku Carl Ludwig Scheins zosta\u0142 odznaczony Medalem Za Zas\u0142ugi dla Artyst\u00f3w Zagranicznych na wystawie sztuki w Antwerpii. W swoich pejza\u017cach wida\u0107, \u017ce Scheins skrupulatnie zajmowa\u0142 si\u0119 projektowaniem i sezonowym wygl\u0105dem natury. Zw\u0142aszcza jego przedstawienia wszelkiego rodzaju drzew charakteryzuj\u0105 si\u0119 dok\u0142adnym, niemal anatomicznym kszta\u0142tem. Przedstawienie poszczeg\u00f3lnych budynk\u00f3w, cmentarzy, ruin i innych budowli stoj\u0105cych w krajobrazie ukazuje u Scheinsa wysoki stopie\u0144 wra\u017cliwo\u015bci architektonicznej. Jego pejza\u017ce uzupe\u0142niaj\u0105 ludzie i zwierz\u0119ta, kt\u00f3re jakby przez przypadek wykonuj\u0105 swoje specyficzne czynno\u015bci w momencie powstania obrazu i tym samym o\u017cywiaj\u0105 obraz, nie b\u0119d\u0105c znacz\u0105co na pierwszym planie.[4] Niemniej jednak wiele jego dzie\u0142, zw\u0142aszcza zimowe krajobrazy[5], emanuje pewn\u0105 melancholi\u0105 w og\u00f3lnym wra\u017ceniu dzi\u0119ki sprytnemu zastosowaniu r\u00f3\u017cnych element\u00f3w o\u015bwietleniowych, jak to opisuje Wolfgang M\u00fcller.<\/p>\n<p>Bardzo malowniczy i dekoracyjny obraz !<\/p>\n<p>Bardzo dobrze notowany na naszych Polskich i zagranicznych Aukcjach Dzie\u0142 Sztuki<\/p>\n<p>Okazja !!!<\/p>\n<p>Technique: oil on canvas<\/p>\n<p>Stan: bardzo dobry,<\/p>\n<p>Sygnatura:Widoczna na zdj\u0119ciu<\/p>\n<p>Wymiary:\u00a0 p\u0142\u00f3tno 80 cm na 106 cm z ram\u0105 100 cm na 126 cm<\/p>\n<p>Do ka\u017cdego przedmiotu Galeria wystawia certyfikat.<\/p>","protected":false},"featured_media":7802,"comment_status":"closed","ping_status":"closed","template":"","meta":[],"product_cat":[41,39,40],"product_tag":[],"class_list":{"0":"post-7801","1":"product","2":"type-product","3":"status-publish","4":"has-post-thumbnail","6":"product_cat-malarstwo-dawne","7":"product_cat-dziela-sztuki","8":"product_cat-malarstwo","10":"entry","11":"has-media","13":"first","14":"instock","15":"taxable","16":"shipping-taxable","17":"purchasable","18":"product-type-simple","19":"has-product-nav","20":"col","21":"span_1_of_3","22":"owp-content-center","23":"owp-thumbs-layout-horizontal","24":"owp-btn-normal","25":"owp-tabs-layout-horizontal"},"aioseo_notices":[],"_links":{"self":[{"href":"https:\/\/antykilion.pl\/en\/wp-json\/wp\/v2\/product\/7801","targetHints":{"allow":["GET"]}}],"collection":[{"href":"https:\/\/antykilion.pl\/en\/wp-json\/wp\/v2\/product"}],"about":[{"href":"https:\/\/antykilion.pl\/en\/wp-json\/wp\/v2\/types\/product"}],"replies":[{"embeddable":true,"href":"https:\/\/antykilion.pl\/en\/wp-json\/wp\/v2\/comments?post=7801"}],"wp:featuredmedia":[{"embeddable":true,"href":"https:\/\/antykilion.pl\/en\/wp-json\/wp\/v2\/media\/7802"}],"wp:attachment":[{"href":"https:\/\/antykilion.pl\/en\/wp-json\/wp\/v2\/media?parent=7801"}],"wp:term":[{"taxonomy":"product_cat","embeddable":true,"href":"https:\/\/antykilion.pl\/en\/wp-json\/wp\/v2\/product_cat?post=7801"},{"taxonomy":"product_tag","embeddable":true,"href":"https:\/\/antykilion.pl\/en\/wp-json\/wp\/v2\/product_tag?post=7801"}],"curies":[{"name":"wp","href":"https:\/\/api.w.org\/{rel}","templated":true}]}}