{"id":7847,"date":"2024-01-03T10:52:32","date_gmt":"2024-01-03T09:52:32","guid":{"rendered":"https:\/\/antykilion.pl\/?post_type=product&#038;p=7847"},"modified":"2024-01-03T10:52:33","modified_gmt":"2024-01-03T09:52:33","slug":"paul-bril-malowniczy-widok-ruin-zamku-z-pasterzami-1595-rok-obledny","status":"publish","type":"product","link":"https:\/\/antykilion.pl\/en\/product\/paul-bril-malowniczy-widok-ruin-zamku-z-pasterzami-1595-rok-obledny\/","title":{"rendered":"Paul Bril malowniczy widok ruin zamku z pasterzami 1595 rok, ob\u0142\u0119dny!"},"content":{"rendered":"","protected":false},"excerpt":{"rendered":"<p>Paul Bril malowniczy widok ruin zamku z pasterzami\u00a0 ob\u0142\u0119dny!<\/p>\n<p>\u0141\u0105czenie r\u00f3\u017cnorodnych wra\u017ce\u0144 krajobrazowych na jednym obrazie to jedna z typowych cech malarza Paula Brila, kt\u00f3ry przeprowadzi\u0142 si\u0119 do Rzymu ju\u017c w 1582 roku. Pomimo wp\u0142ywu malarstwa w\u0142oskiego zachowa\u0142 efekty t\u0142a pejza\u017cowego sk\u0105panego w jasnej turkusowej zieleni, powszechnej od czas\u00f3w Brueghela. Obraz ten charakteryzuje si\u0119 tak\u017ce pomys\u0142owym podzia\u0142em na r\u00f3\u017cne obszary widzenia. Kompozycj\u0119 podzielono na trzy p\u0142aszczyzny: ruiny zamku, kt\u00f3re wznosz\u0105 si\u0119 na zacienionym, zadrzewionym wzg\u00f3rzu, centralny widok ukazuje pasterzy. Po prawej widok na szeroki w\u0105w\u00f3z, kt\u00f3ry w niebieskiej perspektywie lotniczej rozci\u0105ga si\u0119 w d\u00f3\u0142, otoczony ska\u0142\u0105, z kt\u00f3rej wznosi si\u0119 zniszczona architektura, ale tak\u017ce osoby poruszaj\u0105ce si\u0119 w d\u00f3\u0142. . Ta r\u00f3\u017cnorodno\u015b\u0107 aspekt\u00f3w krajobrazu, ale tak\u017ce celowo r\u00f3\u017cne efekty \u015bwietlne, nadaj\u0105 obrazowi wysoki poziom \u017cywotno\u015bci. Mo\u017cna zaobserwowa\u0107 subtelne r\u00f3\u017cnice w o\u015bwietleniu: podczas gdy po prawej stronie zdj\u0119cia dominuje poranny ch\u0142\u00f3d, niebo w lewym g\u00f3rnym rogu wydaje si\u0119 by\u0107 cieplejsze jak poranek. Nie bez pewnego wyrafinowania malarz na pierwszym planie po lewej stronie ukazuje ustawione tak blisko siebie postacie sztafa\u017cu, tak r\u00f3\u017cnie o\u015bwietlone, co wida\u0107 tak\u017ce w pozosta\u0142ych partiach obrazu. Bril wywar\u0142 ju\u017c za \u017cycia wp\u0142yw na wielu malarzy, zw\u0142aszcza w Rzymie, takich jak Holender Cornelis van Poelenburgh (1586-1667) czy frankfurcki Adam Elsheimer (1574\/78-1610\/20). AR (1290669) (1) (11)<\/p>\n<p>Bardzo malowniczy i dekoracyjny obraz !<\/p>\n<p>Ogromna rzadko\u015b\u0107 !!!<\/p>\n<p>Okazja !!!<\/p>\n<p>Technique: oil on canvas<\/p>\n<p>Stan: bardzo dobry, po dawnej konserwacji p\u0142\u00f3tno naklejone na sklejk\u0119<\/p>\n<p>Sygnatura: nieznaleziona Paul Bril, oko\u0142o 1553\/54 Breda \u2013 1626 Rzym, przypisany<\/p>\n<p>Wymiary:\u00a0 p\u0142\u00f3tno 60 cm na 75 cm z ram\u0105 66 cm na 81 cm<\/p>\n<p>Prace przypisane temu malarzowi\u00a0 kszta\u0142tuj\u0105 si\u0119 powy\u017cej 35 000 euro !!!<\/p>\n<p>Do ka\u017cdego przedmiotu Galeria wystawia certyfikat.<\/p>","protected":false},"featured_media":7848,"comment_status":"closed","ping_status":"closed","template":"","meta":[],"product_cat":[41,39,40],"product_tag":[],"class_list":{"0":"post-7847","1":"product","2":"type-product","3":"status-publish","4":"has-post-thumbnail","6":"product_cat-malarstwo-dawne","7":"product_cat-dziela-sztuki","8":"product_cat-malarstwo","10":"entry","11":"has-media","13":"first","14":"instock","15":"taxable","16":"shipping-taxable","17":"purchasable","18":"product-type-simple","19":"has-product-nav","20":"col","21":"span_1_of_3","22":"owp-content-center","23":"owp-thumbs-layout-horizontal","24":"owp-btn-normal","25":"owp-tabs-layout-horizontal"},"aioseo_notices":[],"_links":{"self":[{"href":"https:\/\/antykilion.pl\/en\/wp-json\/wp\/v2\/product\/7847","targetHints":{"allow":["GET"]}}],"collection":[{"href":"https:\/\/antykilion.pl\/en\/wp-json\/wp\/v2\/product"}],"about":[{"href":"https:\/\/antykilion.pl\/en\/wp-json\/wp\/v2\/types\/product"}],"replies":[{"embeddable":true,"href":"https:\/\/antykilion.pl\/en\/wp-json\/wp\/v2\/comments?post=7847"}],"wp:featuredmedia":[{"embeddable":true,"href":"https:\/\/antykilion.pl\/en\/wp-json\/wp\/v2\/media\/7848"}],"wp:attachment":[{"href":"https:\/\/antykilion.pl\/en\/wp-json\/wp\/v2\/media?parent=7847"}],"wp:term":[{"taxonomy":"product_cat","embeddable":true,"href":"https:\/\/antykilion.pl\/en\/wp-json\/wp\/v2\/product_cat?post=7847"},{"taxonomy":"product_tag","embeddable":true,"href":"https:\/\/antykilion.pl\/en\/wp-json\/wp\/v2\/product_tag?post=7847"}],"curies":[{"name":"wp","href":"https:\/\/api.w.org\/{rel}","templated":true}]}}