{"id":7853,"date":"2024-01-03T12:28:25","date_gmt":"2024-01-03T11:28:25","guid":{"rendered":"https:\/\/antykilion.pl\/?post_type=product&#038;p=7853"},"modified":"2024-01-03T12:28:26","modified_gmt":"2024-01-03T11:28:26","slug":"portret-mezczyzny-w-szlafroku-xvii-w","status":"publish","type":"product","link":"https:\/\/antykilion.pl\/en\/product\/portret-mezczyzny-w-szlafroku-xvii-w\/","title":{"rendered":"Portret m\u0119\u017cczyzny w szlafroku, XVII w !!!"},"content":{"rendered":"","protected":false},"excerpt":{"rendered":"<p>Portret m\u0119\u017cczyzny w szlafroku, XVII w !!!<\/p>\n<p>Bardzo dekoracyjny obraz !<\/p>\n<p>Okazja !!!<\/p>\n<p>Technique: oil on canvas<\/p>\n<p>Stan: bardzo dobry, po dawnej konserwacji, obraz prze\u015bwietlony jedynie punktowe bardzo drobne uzupe\u0142nienia malatury, p\u0142\u00f3tno naklejone na sklejk\u0119<\/p>\n<p>Sygnatura: nie znaleziono<\/p>\n<p>Wymiary: p\u0142\u00f3tno 88 cm na 72 cm z ram\u0105 103 cm na 87 cm<\/p>\n<p>Obraz oprawiony w przepi\u0119kn\u0105 i cenn\u0105 ram\u0119 z epoki rze\u017abion\u0105 w orzechu !!!<\/p>\n<p>Do ka\u017cdego przedmiotu Galeria wystawia certyfikat.<\/p>","protected":false},"featured_media":7854,"comment_status":"closed","ping_status":"closed","template":"","meta":[],"product_cat":[41,39,40],"product_tag":[],"class_list":{"0":"post-7853","1":"product","2":"type-product","3":"status-publish","4":"has-post-thumbnail","6":"product_cat-malarstwo-dawne","7":"product_cat-dziela-sztuki","8":"product_cat-malarstwo","10":"entry","11":"has-media","13":"first","14":"instock","15":"taxable","16":"shipping-taxable","17":"purchasable","18":"product-type-simple","19":"has-product-nav","20":"col","21":"span_1_of_3","22":"owp-content-center","23":"owp-thumbs-layout-horizontal","24":"owp-btn-normal","25":"owp-tabs-layout-horizontal"},"aioseo_notices":[],"_links":{"self":[{"href":"https:\/\/antykilion.pl\/en\/wp-json\/wp\/v2\/product\/7853","targetHints":{"allow":["GET"]}}],"collection":[{"href":"https:\/\/antykilion.pl\/en\/wp-json\/wp\/v2\/product"}],"about":[{"href":"https:\/\/antykilion.pl\/en\/wp-json\/wp\/v2\/types\/product"}],"replies":[{"embeddable":true,"href":"https:\/\/antykilion.pl\/en\/wp-json\/wp\/v2\/comments?post=7853"}],"wp:featuredmedia":[{"embeddable":true,"href":"https:\/\/antykilion.pl\/en\/wp-json\/wp\/v2\/media\/7854"}],"wp:attachment":[{"href":"https:\/\/antykilion.pl\/en\/wp-json\/wp\/v2\/media?parent=7853"}],"wp:term":[{"taxonomy":"product_cat","embeddable":true,"href":"https:\/\/antykilion.pl\/en\/wp-json\/wp\/v2\/product_cat?post=7853"},{"taxonomy":"product_tag","embeddable":true,"href":"https:\/\/antykilion.pl\/en\/wp-json\/wp\/v2\/product_tag?post=7853"}],"curies":[{"name":"wp","href":"https:\/\/api.w.org\/{rel}","templated":true}]}}