{"id":7893,"date":"2024-01-06T17:33:56","date_gmt":"2024-01-06T16:33:56","guid":{"rendered":"https:\/\/antykilion.pl\/?post_type=product&#038;p=7893"},"modified":"2024-01-06T17:33:56","modified_gmt":"2024-01-06T16:33:56","slug":"sekretera-w-manierze-francuskiej-styl-lud-xvi-xviii-w-okolo-1760-obledna","status":"publish","type":"product","link":"https:\/\/antykilion.pl\/en\/product\/sekretera-w-manierze-francuskiej-styl-lud-xvi-xviii-w-okolo-1760-obledna\/","title":{"rendered":"Sekretera w manierze francuskiej, styl Lud XVI, XVIII w oko\u0142o 1760 ob\u0142\u0119dna!"},"content":{"rendered":"","protected":false},"excerpt":{"rendered":"<p>Sekretera w manierze francuskiej, styl Lud XVI, XVIII w oko\u0142o 1760 ob\u0142\u0119dna!<\/p>\n<p>sekretera wsparta na 4 graniastych, zbie\u017cnych n\u00f3\u017ckach; do\u0142em szafka 2-drzwiowa o jednej p\u00f3\u0142ce, wy\u017cej blat pisarski, odchylany ,obity suknem, kryj\u0105cy wn\u0119trze z szufladkami, p\u00f3\u0142eczkami. U g\u00f3ry szuflada. Dekoracja mebla w konwencji geometrycznej, osadzonymi w pasach \u017cy\u0142kowanych obramowa\u0144.<\/p>\n<p>Stan: bardzo dobry wr\u0119cz idealny na stan orginalny !!! widoczne \u015blady u\u017cytkowania gdzieniegdzie po bokach rozeschni\u0119cia w niczym nie przeszkadzaj\u0105ce zawsze na meblach z tej epoki.<\/p>\n<p>Pochodzenie: Szwajcaria ?<\/p>\n<p>Materia\u0142: maho\u0144 intarsje cytryn, tulipanowiec, bukszpan<\/p>\n<p>Wymiary: d\u0142ugo\u015b\u0107 93 cm, g\u0142\u0119boko\u015b\u0107 46 cm, wysoko\u015b\u0107 150 cm<\/p>\n<p>Polecam bardzo atrakcyjna cena mebla, warto zainwestowa\u0107, mebel klasy muzealnej !!!<\/p>","protected":false},"featured_media":7894,"comment_status":"closed","ping_status":"closed","template":"","meta":[],"product_cat":[17,31],"product_tag":[],"class_list":{"0":"post-7893","1":"product","2":"type-product","3":"status-publish","4":"has-post-thumbnail","6":"product_cat-meble","7":"product_cat-sekretery-sekretarzyki-biurka","9":"entry","10":"has-media","12":"first","13":"instock","14":"taxable","15":"shipping-taxable","16":"purchasable","17":"product-type-simple","18":"has-product-nav","19":"col","20":"span_1_of_3","21":"owp-content-center","22":"owp-thumbs-layout-horizontal","23":"owp-btn-normal","24":"owp-tabs-layout-horizontal"},"aioseo_notices":[],"_links":{"self":[{"href":"https:\/\/antykilion.pl\/en\/wp-json\/wp\/v2\/product\/7893","targetHints":{"allow":["GET"]}}],"collection":[{"href":"https:\/\/antykilion.pl\/en\/wp-json\/wp\/v2\/product"}],"about":[{"href":"https:\/\/antykilion.pl\/en\/wp-json\/wp\/v2\/types\/product"}],"replies":[{"embeddable":true,"href":"https:\/\/antykilion.pl\/en\/wp-json\/wp\/v2\/comments?post=7893"}],"wp:featuredmedia":[{"embeddable":true,"href":"https:\/\/antykilion.pl\/en\/wp-json\/wp\/v2\/media\/7894"}],"wp:attachment":[{"href":"https:\/\/antykilion.pl\/en\/wp-json\/wp\/v2\/media?parent=7893"}],"wp:term":[{"taxonomy":"product_cat","embeddable":true,"href":"https:\/\/antykilion.pl\/en\/wp-json\/wp\/v2\/product_cat?post=7893"},{"taxonomy":"product_tag","embeddable":true,"href":"https:\/\/antykilion.pl\/en\/wp-json\/wp\/v2\/product_tag?post=7893"}],"curies":[{"name":"wp","href":"https:\/\/api.w.org\/{rel}","templated":true}]}}