{"id":7904,"date":"2024-01-06T19:09:47","date_gmt":"2024-01-06T18:09:47","guid":{"rendered":"https:\/\/antykilion.pl\/?post_type=product&#038;p=7904"},"modified":"2024-01-06T20:00:42","modified_gmt":"2024-01-06T19:00:42","slug":"stol-konsolowy-neorenesansowy-xix-w-z-paziami-trzymajacymi-rogi-obfitosci","status":"publish","type":"product","link":"https:\/\/antykilion.pl\/en\/product\/stol-konsolowy-neorenesansowy-xix-w-z-paziami-trzymajacymi-rogi-obfitosci\/","title":{"rendered":"St\u00f3\u0142 konsolowy neorenesansowy XIX w z paziami trzymaj\u0105cymi rogi obfito\u015bci !"},"content":{"rendered":"","protected":false},"excerpt":{"rendered":"<p>St\u00f3\u0142 konsolowy neorenesansowy XIX w z paziami trzymaj\u0105cymi rogi obfito\u015bci !<\/p>\n<p>Masywny st\u00f3\u0142 z prostok\u0105tnym blatem na brzegach rze\u017abiony po \u015brodku marmur,  wspartym na dw\u00f3ch kr\u00f3tkich bokach na pe\u0142nych bogato rze\u017abionych podporach w formie pazi trzymaj\u0105cych rogi obfito\u015bci, spi\u0119tych pod blatem desk\u0105 rze\u017abion\u0105.<\/p>\n<p>Stan: bardzo dobry wr\u0119cz idealny na stan orginalny !!! drobne ubytki po bokach niewidoczne.<\/p>\n<p>Origin: Poland?<\/p>\n<p>Material: solid walnut<\/p>\n<p>Wymiary: d\u0142ugo\u015b\u0107 134 cm, g\u0142\u0119boko\u015b\u0107 60 cm, wysoko\u015b\u0107 83 cm<\/p>\n<p>Polecam bardzo atrakcyjna cena mebla, warto zainwestowa\u0107, ob\u0142\u0119dny !!!<\/p>","protected":false},"featured_media":7907,"comment_status":"closed","ping_status":"closed","template":"","meta":[],"product_cat":[17,33],"product_tag":[],"class_list":{"0":"post-7904","1":"product","2":"type-product","3":"status-publish","4":"has-post-thumbnail","6":"product_cat-meble","7":"product_cat-stoly-stoliki","9":"entry","10":"has-media","12":"first","13":"instock","14":"taxable","15":"shipping-taxable","16":"purchasable","17":"product-type-simple","18":"has-product-nav","19":"col","20":"span_1_of_3","21":"owp-content-center","22":"owp-thumbs-layout-horizontal","23":"owp-btn-normal","24":"owp-tabs-layout-horizontal"},"aioseo_notices":[],"_links":{"self":[{"href":"https:\/\/antykilion.pl\/en\/wp-json\/wp\/v2\/product\/7904","targetHints":{"allow":["GET"]}}],"collection":[{"href":"https:\/\/antykilion.pl\/en\/wp-json\/wp\/v2\/product"}],"about":[{"href":"https:\/\/antykilion.pl\/en\/wp-json\/wp\/v2\/types\/product"}],"replies":[{"embeddable":true,"href":"https:\/\/antykilion.pl\/en\/wp-json\/wp\/v2\/comments?post=7904"}],"wp:featuredmedia":[{"embeddable":true,"href":"https:\/\/antykilion.pl\/en\/wp-json\/wp\/v2\/media\/7907"}],"wp:attachment":[{"href":"https:\/\/antykilion.pl\/en\/wp-json\/wp\/v2\/media?parent=7904"}],"wp:term":[{"taxonomy":"product_cat","embeddable":true,"href":"https:\/\/antykilion.pl\/en\/wp-json\/wp\/v2\/product_cat?post=7904"},{"taxonomy":"product_tag","embeddable":true,"href":"https:\/\/antykilion.pl\/en\/wp-json\/wp\/v2\/product_tag?post=7904"}],"curies":[{"name":"wp","href":"https:\/\/api.w.org\/{rel}","templated":true}]}}