{"id":7957,"date":"2024-03-08T13:51:49","date_gmt":"2024-03-08T12:51:49","guid":{"rendered":"https:\/\/antykilion.pl\/?post_type=product&#038;p=7957"},"modified":"2024-03-08T13:51:49","modified_gmt":"2024-03-08T12:51:49","slug":"zimowy-poranek-wiktor-korecki-orginal","status":"publish","type":"product","link":"https:\/\/antykilion.pl\/en\/product\/zimowy-poranek-wiktor-korecki-orginal\/","title":{"rendered":"Zimowy poranek, Wiktor Korecki Orgina\u0142 !"},"content":{"rendered":"","protected":false},"excerpt":{"rendered":"<p>Zimowy poranek, Wiktor Korecki Orgina\u0142 !<\/p>\n<p>Technique: oil on canvas<\/p>\n<p>Very good condition<\/p>\n<p>Signature: visible in the picture<\/p>\n<p>Wymiary: p\u0142\u00f3tna 60 x 90 cm + rama 80 cm na 110 cm<\/p>\n<p>Below, information about the artist.<\/p>\n<p>Studiowa\u0142 w Szkole Rysunkowej N. I. Muraszki w Kijowie. W roku 1921 przeni\u00f3s\u0142 si\u0119 do Warszawy, gdzie otworzy\u0142 pracowni\u0119, kt\u00f3ra sp\u0142on\u0119\u0142a podczas Powstania Warszawskiego, a wraz z ni\u0105 wiele jego prac. Wielokrotnie prezentowa\u0142 swoje prace na wystawach w Towarzystwie Zach\u0119ty Sztuk Pi\u0119knych. Powr\u00f3ci\u0142 do kraju w roku 1946 i zamieszka\u0142 pod Warszaw\u0105, najpierw w Komorowie, p\u00f3\u017aniej w Milan\u00f3wku. Na jego tw\u00f3rczo\u015b\u0107 wp\u0142yn\u0119\u0142o malarstwo Che\u0142mo\u0144skiego i Rapackiego. Artysta tworzy\u0142 g\u0142\u00f3wnie pejza\u017ce mazowieckie \u2013 zachody s\u0142o\u0144ca, \u0142\u0105ki, zamglone rozlewiska, wioski lub krajobrazy zimowe z motywem le\u015bnej drogi i strumienia wij\u0105cego si\u0119 w\u015br\u00f3d \u015bnieg\u00f3w.<\/p>\n<p>Do ka\u017cdego przedmiotu Galeria wystawia certyfikat.<\/p>","protected":false},"featured_media":7958,"comment_status":"closed","ping_status":"closed","template":"","meta":[],"product_cat":[41,39,40],"product_tag":[],"class_list":{"0":"post-7957","1":"product","2":"type-product","3":"status-publish","4":"has-post-thumbnail","6":"product_cat-malarstwo-dawne","7":"product_cat-dziela-sztuki","8":"product_cat-malarstwo","10":"entry","11":"has-media","13":"first","14":"instock","15":"taxable","16":"shipping-taxable","17":"purchasable","18":"product-type-simple","19":"has-product-nav","20":"col","21":"span_1_of_3","22":"owp-content-center","23":"owp-thumbs-layout-horizontal","24":"owp-btn-normal","25":"owp-tabs-layout-horizontal"},"aioseo_notices":[],"_links":{"self":[{"href":"https:\/\/antykilion.pl\/en\/wp-json\/wp\/v2\/product\/7957","targetHints":{"allow":["GET"]}}],"collection":[{"href":"https:\/\/antykilion.pl\/en\/wp-json\/wp\/v2\/product"}],"about":[{"href":"https:\/\/antykilion.pl\/en\/wp-json\/wp\/v2\/types\/product"}],"replies":[{"embeddable":true,"href":"https:\/\/antykilion.pl\/en\/wp-json\/wp\/v2\/comments?post=7957"}],"wp:featuredmedia":[{"embeddable":true,"href":"https:\/\/antykilion.pl\/en\/wp-json\/wp\/v2\/media\/7958"}],"wp:attachment":[{"href":"https:\/\/antykilion.pl\/en\/wp-json\/wp\/v2\/media?parent=7957"}],"wp:term":[{"taxonomy":"product_cat","embeddable":true,"href":"https:\/\/antykilion.pl\/en\/wp-json\/wp\/v2\/product_cat?post=7957"},{"taxonomy":"product_tag","embeddable":true,"href":"https:\/\/antykilion.pl\/en\/wp-json\/wp\/v2\/product_tag?post=7957"}],"curies":[{"name":"wp","href":"https:\/\/api.w.org\/{rel}","templated":true}]}}