{"id":8007,"date":"2024-03-24T13:07:14","date_gmt":"2024-03-24T12:07:14","guid":{"rendered":"https:\/\/antykilion.pl\/?post_type=product&#038;p=8007"},"modified":"2024-12-29T09:25:39","modified_gmt":"2024-12-29T08:25:39","slug":"sofa-empirowa-okolo-1830-r-z-rozetami","status":"publish","type":"product","link":"https:\/\/antykilion.pl\/en\/product\/sofa-empirowa-okolo-1830-r-z-rozetami\/","title":{"rendered":"Sofa Empirowa oko\u0142o 1870\/90 r, z rozetami"},"content":{"rendered":"","protected":false},"excerpt":{"rendered":"<p>Sofa Empirowa oko\u0142o 1870\/90 r, z rozetami<\/p>\n<p>D\u0142uga, , z pe\u0142nym oparciem i bokami niemal r\u00f3wnej wysoko\u015bci, tapicerowana na bokach i siedzeniu, z dekoracyjnymi wa\u0142kami; oparcie zwie\u0144czone szerok\u0105 desk\u0105 \u0142ukowat\u0105; Boku wygi\u0119te do \u015brodka nogi szablaste. Wa\u0142ki od frontu wyko\u0144czone z\u0142oconymi rozetami.<\/p>\n<p>Stan: bardzo dobry orginalny na jednej z rolek wida\u0107 rozeschni\u0119cie naturalny efekt w meblach z tego okresu i lekkie wybarwienia. po za tym naprawione oparcie od strony plec\u00f3w. Materia\u0142 wymieniony na nowy.<\/p>\n<p>Pochodzenie; Polska, Niemcy, Austria ?,\u00a0 z epoki XIX w, oko\u0142o 1870\/90 r.<\/p>\n<p>Materia\u0142: Buk ? barwiony<\/p>\n<p>Wymiary:\u00a0 wysoko\u015b\u0107 100 cm D\u0142ugo\u015b\u0107 197 cm, g\u0142\u0119boko\u015b\u0107 75 cm, wysoko\u015b\u0107 siedziska oko\u0142o 48 cm<\/p>\n<p>Pi\u0119kny i bardzo dekoracyjny mebel<\/p>","protected":false},"featured_media":8008,"comment_status":"closed","ping_status":"closed","template":"","meta":[],"product_cat":[17,32],"product_tag":[],"class_list":{"0":"post-8007","1":"product","2":"type-product","3":"status-publish","4":"has-post-thumbnail","6":"product_cat-meble","7":"product_cat-sofy","9":"entry","10":"has-media","12":"first","13":"instock","14":"taxable","15":"shipping-taxable","16":"purchasable","17":"product-type-simple","18":"has-product-nav","19":"col","20":"span_1_of_3","21":"owp-content-center","22":"owp-thumbs-layout-horizontal","23":"owp-btn-normal","24":"owp-tabs-layout-horizontal"},"aioseo_notices":[],"_links":{"self":[{"href":"https:\/\/antykilion.pl\/en\/wp-json\/wp\/v2\/product\/8007","targetHints":{"allow":["GET"]}}],"collection":[{"href":"https:\/\/antykilion.pl\/en\/wp-json\/wp\/v2\/product"}],"about":[{"href":"https:\/\/antykilion.pl\/en\/wp-json\/wp\/v2\/types\/product"}],"replies":[{"embeddable":true,"href":"https:\/\/antykilion.pl\/en\/wp-json\/wp\/v2\/comments?post=8007"}],"wp:featuredmedia":[{"embeddable":true,"href":"https:\/\/antykilion.pl\/en\/wp-json\/wp\/v2\/media\/8008"}],"wp:attachment":[{"href":"https:\/\/antykilion.pl\/en\/wp-json\/wp\/v2\/media?parent=8007"}],"wp:term":[{"taxonomy":"product_cat","embeddable":true,"href":"https:\/\/antykilion.pl\/en\/wp-json\/wp\/v2\/product_cat?post=8007"},{"taxonomy":"product_tag","embeddable":true,"href":"https:\/\/antykilion.pl\/en\/wp-json\/wp\/v2\/product_tag?post=8007"}],"curies":[{"name":"wp","href":"https:\/\/api.w.org\/{rel}","templated":true}]}}