{"id":8135,"date":"2024-04-26T14:19:00","date_gmt":"2024-04-26T12:19:00","guid":{"rendered":"https:\/\/antykilion.pl\/?post_type=product&#038;p=8135"},"modified":"2026-04-08T07:17:49","modified_gmt":"2026-04-08T05:17:49","slug":"carl-gustav-rodde-gdansk-1830-berlin-1906-malowniczy-krajobraz-o-zachodzie-slonca","status":"publish","type":"product","link":"https:\/\/antykilion.pl\/en\/product\/carl-gustav-rodde-gdansk-1830-berlin-1906-malowniczy-krajobraz-o-zachodzie-slonca\/","title":{"rendered":"Carl Gustav Rodde (Gda\u0144sk 1830 \u2013 Berlin 1906), Malowniczy krajobraz o zachodzie s\u0142o\u0144ca"},"content":{"rendered":"","protected":false},"excerpt":{"rendered":"<p>Carl Gustav Rodde (Gda\u0144sk 1830 \u2013 Berlin 1906), Malowniczy krajobraz o zachodzie s\u0142o\u0144ca<br \/>\nObrazy artysty znajduj\u0105 si\u0119, m.in. w zbiorach Galerii Narodowej w Berlinie, w Rudolphinum w Pradze, a tak\u017ce w Muzeum w<br \/>\nGda\u0144sku.<br \/>\nCarl Gustav Rodde<\/p>\n<p>ur. 1830 &#8211; 1906, kraj: Polska\/ Niemcy<\/p>\n<p>Rodde rozpocz\u0105\u0142 karier\u0119 artystyczn\u0105 od nauki w Gda\u0144skiej Szkole Sztuki i Rzemios\u0142a pod kierunkiem Johanna Karla Schultza. W 1852 roku Rodde przeni\u00f3s\u0142 si\u0119 do Akademii Sztuk Pi\u0119knych w D\u00fcsseldorfie, gdzie do 1857 roku specjalizowa\u0142 si\u0119 w malarstwie pejza\u017cowym. Tam by\u0142 uczniem Johanna Wilhelma Schirmera od 1852 do 1854, a jego nast\u0119pca Hans Fredrik Gude uczy\u0142 go od 1855 do 1857.[1] Od 1856 do 1858 by\u0142 cz\u0142onkiem stowarzyszenia artyst\u00f3w Malkasten.[2] Po odbyciu szkolenia w D\u00fcsseldorfie w 1857 przebywa\u0142 w Monachium. W latach 1858-1861 podr\u00f3\u017cowa\u0142 do W\u0142och, gdzie w 1860 po\u015blubi\u0142 W\u0142oszk\u0119. P\u00f3\u017aniej pracowa\u0142 \u2013 przerywany kilkoma wyjazdami do ojczyzny \u017cony \u2013 w Weimarze, Gda\u0144sku, D\u00fcsseldorfie i Berlinie.\u00a0Prace (wyb\u00f3r)\u00a0Krajobraz z zachmurzonym s\u0142o\u0144cem W\u0142oska wioska nad jeziorem, 1892 Pocz\u0105tkowo Rodde malowa\u0142 motywy niemieckie, p\u00f3\u017aniej g\u0142\u00f3wnie pejza\u017ce w\u0142oskie. Gotycki ratusz i cz\u0119\u015b\u0107 frontowa D\u0142ugiego Targu w Gda\u0144sku, 1852 r Krajobraz westfalski, 1855 Krajobraz z zamkiem i wsi\u0105, 1856 Krajobraz rzeczny o zachodzie s\u0142o\u0144ca, 1857 Krajobraz z zachmurzonym s\u0142o\u0144cem[3] Wartburga Niemieckie wrzosowiska Talesstille (widok na w\u0105w\u00f3z doliny w pobli\u017cu Fachingen an der Lahn), 1878 Bazylika \u015awi\u0119tego Piotra widziana z Villa Doria Pamphili Jezioro Nemi, 1883 Wieczorna atmosfera nad jeziorem, 1886 literatura Rodde, Karol Gustav. W: Hermann Alexander M\u00fcller: Leksykon artysty biograficznego. Wydawnictwo Instytutu Bibliograficznego, Lipsk 1882, s. 445 (retrobibliothek.de). Rodde, Carl Gustav. W: Friedrich von Boetticher: Malarstwo XIX wieku. Wk\u0142ad w histori\u0119 sztuki. Tom 2\/1, k. 1\u201332: Mayer, Ludwig\u2013Rybkowski. Pani w. Boetticher&#8217;s Verlag, Drezno 1898, s. 457\u2013458 (Archiwum tekst\u00f3w \u2013 Archiwum internetowe). Rodde, Carl Gustav. W: Hans Wolfgang Singer (red.): Og\u00f3lny leksykon artyst\u00f3w. \u017byciorysy i tw\u00f3rczo\u015b\u0107 najs\u0142ynniejszych artyst\u00f3w wizualnych. Przygotowane przez Hermanna Alexandra M\u00fcllera. Wydanie pi\u0105te bez zmian. Tom 4: Raab \u2013 Vezzo. Instytut Literacki, R\u00fctten &#038; Loening, Frankfurt a. M. 1921, s. 88 (Archiwum Tekstowe \u2013 Archiwum Internetowe). Rodde, Carl Gustav. W: Hans Vollmer (red.): Og\u00f3lny leksykon artyst\u00f3w wizualnych od staro\u017cytno\u015bci do wsp\u00f3\u0142czesno\u015bci. Za\u0142o\u017cona przez Ulricha Thieme i Felixa Beckera. Tom 28: Ramsden \u2013 Rosa. E. A. Seemann, Lipsk 1934, s. 455 (biblos.pk.edu.pl).<\/p>\n<p>Bardzo malowniczy i dekoracyjny obraz !<\/p>\n<p>Ogromna rzadko\u015b\u0107 !!!<\/p>\n<p>Okazja !!!<\/p>\n<p>Technique: oil on canvas<\/p>\n<p>Stan: bardzo dobry,<\/p>\n<p>Sygnatura:Widoczna na zdj\u0119ciu C Rodde prawy dolny r\u00f3g obraz oko\u0142o 1857 r<\/p>\n<p>Wymiary:\u00a0 p\u0142\u00f3tno 40 cm na 65 cm z ram\u0105 58 cm na 83 cm<\/p>\n<p>Do ka\u017cdego przedmiotu Galeria wystawia certyfikat.<\/p>","protected":false},"featured_media":10907,"comment_status":"closed","ping_status":"closed","template":"","meta":[],"product_cat":[41,39,40],"product_tag":[],"class_list":{"0":"post-8135","1":"product","2":"type-product","3":"status-publish","4":"has-post-thumbnail","6":"product_cat-malarstwo-dawne","7":"product_cat-dziela-sztuki","8":"product_cat-malarstwo","10":"entry","11":"has-media","13":"first","14":"instock","15":"taxable","16":"shipping-taxable","17":"purchasable","18":"product-type-simple","19":"has-product-nav","20":"col","21":"span_1_of_3","22":"owp-content-center","23":"owp-thumbs-layout-horizontal","24":"owp-btn-normal","25":"owp-tabs-layout-horizontal"},"aioseo_notices":[],"_links":{"self":[{"href":"https:\/\/antykilion.pl\/en\/wp-json\/wp\/v2\/product\/8135","targetHints":{"allow":["GET"]}}],"collection":[{"href":"https:\/\/antykilion.pl\/en\/wp-json\/wp\/v2\/product"}],"about":[{"href":"https:\/\/antykilion.pl\/en\/wp-json\/wp\/v2\/types\/product"}],"replies":[{"embeddable":true,"href":"https:\/\/antykilion.pl\/en\/wp-json\/wp\/v2\/comments?post=8135"}],"wp:featuredmedia":[{"embeddable":true,"href":"https:\/\/antykilion.pl\/en\/wp-json\/wp\/v2\/media\/10907"}],"wp:attachment":[{"href":"https:\/\/antykilion.pl\/en\/wp-json\/wp\/v2\/media?parent=8135"}],"wp:term":[{"taxonomy":"product_cat","embeddable":true,"href":"https:\/\/antykilion.pl\/en\/wp-json\/wp\/v2\/product_cat?post=8135"},{"taxonomy":"product_tag","embeddable":true,"href":"https:\/\/antykilion.pl\/en\/wp-json\/wp\/v2\/product_tag?post=8135"}],"curies":[{"name":"wp","href":"https:\/\/api.w.org\/{rel}","templated":true}]}}