{"id":8173,"date":"2024-04-28T18:39:50","date_gmt":"2024-04-28T16:39:50","guid":{"rendered":"https:\/\/antykilion.pl\/?post_type=product&#038;p=8173"},"modified":"2024-04-28T18:39:50","modified_gmt":"2024-04-28T16:39:50","slug":"adriaen-van-de-velde-1636-do-1672-amsterdam-obraz-ogromny-przypisywany","status":"publish","type":"product","link":"https:\/\/antykilion.pl\/en\/product\/adriaen-van-de-velde-1636-do-1672-amsterdam-obraz-ogromny-przypisywany\/","title":{"rendered":"Adriaen van de Velde 1636 do 1672 Amsterdam , obraz ogromny przypisywany !!!"},"content":{"rendered":"","protected":false},"excerpt":{"rendered":"<p>Adriaen van de Velde 1636 do 1672 Amsterdam , obraz ogromny przypisywany !!!<\/p>\n<p>Adriaen van de Velde (chrz. 30 listopada 1636 w Amsterdamie \u2013 ur. 21 stycznia 1672 w Amsterdamie) by\u0142 holenderskim malarzem, rysownikiem i grafikiem. Jego ulubionymi tematami by\u0142y pejza\u017ce ze zwierz\u0119tami i sceny rodzajowe.[1] Malowa\u0142 tak\u017ce pla\u017ce, wydmy, lasy, sceny zimowe, portrety w pejza\u017cu, a tak\u017ce sceny mitologiczne i biblijne.[2] Nale\u017cy do grupy malarzy okre\u015blanych jako malarze holenderscy w\u0142oscy, kt\u00f3rzy \u0142\u0105czyli holenderskie pejza\u017ce rolnicze ze scenami mitologicznymi lub arkadyjskimi w scenerii w\u0142oskiej. Jego obrazy charakteryzuj\u0105 si\u0119 delikatn\u0105, starann\u0105 kompozycj\u0105 oraz mistrzostwem w zakresie efekt\u00f3w \u015bwietlnych i postaci ludzkiej.[3] \u017bycie Adriaen urodzi\u0142 si\u0119 w Amsterdamie, gdzie zosta\u0142 ochrzczony w Oude Kerk 30 listopada 1636 roku. By\u0142 synem malarza morskiego Willema van de Velde Starszego i Judith Adriaens van Leeuwen. Jego brat Willem van de Velde M\u0142odszy by\u0142 tak\u017ce malarzem morskim. Pla\u017ca w pobli\u017cu Scheveningen Pocz\u0105tkowo uczy\u0142 si\u0119 u swojego ojca. Nie chc\u0105c kontynuowa\u0107 rodzinnej tradycji malarstwa morskiego, zdecydowa\u0142 si\u0119 przenie\u015b\u0107 do Haarlemu, aby kontynuowa\u0107 nauk\u0119 w pracowni malarza pejza\u017cu Jana Wynantsa. W Haarlemie pozna\u0142 tak\u017ce Philipa Wouwermana i Paulusa Pottera, malarzy zwierz\u0105t, kt\u00f3rzy wywarli istotny wp\u0142yw na jego tw\u00f3rczo\u015b\u0107.[1] Agonia w ogrodzie Od 1657 pracowa\u0142 w Amsterdamie, gdzie 5 kwietnia 1657 po\u015blubi\u0142 katoliczk\u0119 Mari\u0119 Pieters Oudekerck (lub Ouderkerk). Nawr\u00f3ci\u0142 si\u0119 na katolicyzm, cho\u0107 jego wyznawcy cierpieli prze\u015bladowania i mogli praktykowa\u0107 swoj\u0105 wiar\u0119 jedynie w tajnych ko\u015bcio\u0142ach. Ca\u0142a pi\u0105tka jego dzieci zosta\u0142a ochrzczona w takich ko\u015bcio\u0142ach w okolicach Amsterdamu.[3] Jego c\u00f3rka wysz\u0142a za m\u0105\u017c za maklera Sodyna w Amsterdamie. By\u0142a \u017ar\u00f3d\u0142em szkicu biograficznego jej ojca autorstwa holenderskiego biografa Arnolda Houbrakena.[2] Kariera Van de Velde rozkwit\u0142a i sta\u0142 si\u0119 jednym z czo\u0142owych artyst\u00f3w krajobrazu w Republice Holenderskiej.[4] Wsp\u00f3\u0142pracowa\u0142 z innymi artystami z Amsterdamu, zazwyczaj dodaj\u0105c do swoich obraz\u00f3w sztafa\u017c lub zwierz\u0119ta.[1] Do artyst\u00f3w tych nale\u017celi jego mistrz Wynants, Meindert Hobbema, Jacob Isaakszoon van Ruisdael, Adriaen Hendriksz Verboom, Philips Koninck, Jan van der Heyden i Frederik de Moucheron. Pomimo tego, \u017ce odni\u00f3s\u0142 sukces jako artysta, przez ca\u0142e \u017cycie znajdowa\u0142 si\u0119 w powa\u017cnych tarapatach. Aby zwi\u0105za\u0107 koniec z ko\u0144cem, jego \u017cona musia\u0142a prowadzi\u0107 firm\u0119 lniarsk\u0105. Kiedy zmar\u0142, jego maj\u0105tek i dzie\u0142a zosta\u0142y zlicytowane, ale doch\u00f3d nie wystarczy\u0142 na pokrycie jego d\u0142ug\u00f3w.[3] Do jego uczni\u00f3w nale\u017celi Johannes Innevelt, Johannes van der Bent, Dirck van Bergen i Jacob Coning. Praca Para w krajobrazie Pomimo swojej kr\u00f3tkiej kariery van de Velde stworzy\u0142 obszerny zbi\u00f3r obraz\u00f3w, rysunk\u00f3w i grafik. Jego ulubionymi tematami by\u0142y \u0142\u0105ki i w\u0142oskie widoki z pasterzami i byd\u0142em. Malowa\u0142 tak\u017ce pla\u017ce, wydmy, lasy, sceny zimowe, portrety w pejza\u017cu, a tak\u017ce sceny mitologiczne i biblijne.[4] Cho\u0107 zajmowa\u0142 si\u0119 przede wszystkim pejza\u017cami letnimi, malowa\u0142 tak\u017ce sceny zimowe i pla\u017ce.[5] Jego wczesne prace, charakteryzuj\u0105ce si\u0119 \u015bcis\u0142\u0105, precyzyjn\u0105 technik\u0105 i twardym, ch\u0142odnym \u015bwiat\u0142em s\u0142onecznym, ukazuj\u0105 wp\u0142yw Paulusa Pottera. W jego dojrza\u0142ym stylu wida\u0107 wp\u0142ywy holenderskich malarzy w\u0142oskich, takich jak Karel Dujardin, Nicolaes Berchem i Jan Asselijn. Znajduje to odzwierciedlenie w sposobie, w jaki radzi sobie z delikatnym \u015bwiat\u0142em s\u0142onecznym i ciep\u0142ymi barwami w przedstawieniach w\u0142oskiego krajobrazu.[4] Swoje obrazy przygotowywa\u0142 skrupulatnie, wykonuj\u0105c rysunki przygotowawcze, z kt\u00f3rych wiele zachowa\u0142o si\u0119. Rysunki te obejmuj\u0105 szkice krajobraz\u00f3w, byd\u0142a na \u0142\u0105kach i studia postaci \u017cyciowych.[6] Liczne studia akt\u00f3w wykonane czerwon\u0105 lub czarn\u0105 kred\u0105 s\u0105 najwa\u017cniejszymi punktami jego tw\u00f3rczo\u015bci. Wykorzysta\u0142 te badania ponownie w r\u00f3\u017cnych kompozycjach.[7] Zajmowa\u0142 si\u0119 tak\u017ce dzia\u0142alno\u015bci\u0105 rytownika. Jego najwcze\u015bniejsze znane dzie\u0142a to zesp\u00f3\u0142 sze\u015bciu rycin wykonanych w 1653 roku.[6] Jego dwadzie\u015bcia kilka rycin przedstawia g\u0142\u00f3wnie byd\u0142o w krajobrazie, czasami z pasterzami. Dzie\u0142a te by\u0142y w jego czasach bardzo cenione przez kolekcjoner\u00f3w.[5] Bibliografia Adriaen van de Velde w Galerii Narodowej Adriaen van de Velde z Holenderskiego Instytutu Historii Sztuki Adriaen van de Velde: holenderski mistrz krajobrazu w Galerii Obraz\u00f3w w Dulwich Adriaen van de Velde, Pejza\u017c pasterski z dojark\u0105 doj\u0105c\u0105 krow\u0119, m\u0142odzie\u0144cem, psem i inn\u0105 krow\u0105 u podn\u00f3\u017ca drzewa, dalej dwie owce u Christie&#8217;s George S. Keyes, Susan Donahue Kuretsky, Axel R\u00fcger, Arthur K. Wheelock, Masters of Dutch Painting: Detroit Institute of Arts, Detroit Institute of Arts, 2004, s. 104-195 Adriaen van de Velde w Muzeum J. Paula Getty&#8217;ego An Van Camp, recenzja Adriaena van de Velde: holenderskiego mistrza krajobrazu autorstwa Barta Cornelisa i Marijna Schapelhoumana w Historyns of Netherlandish Art<\/p>\n<p>Technika: olej na p\u0142\u00f3tnie, rama pi\u0119kna z epoki<\/p>\n<p>Condition: very good after maintenance<\/p>\n<p>Sygnatura: widoczna na jednej z kolumn na blejtramie liczne piecz\u0119ci i numeracje oraz stara nalepka, niestety papier wypalony ze staro\u015bci<\/p>\n<p>Wymiary:\u00a0 p\u0142\u00f3tno 107 cm na 135 cm, rama oko\u0142o 120 cm na 156 cm<\/p>\n<p>Do ka\u017cdego przedmiotu Galeria wystawia certyfikat.<\/p>","protected":false},"featured_media":8174,"comment_status":"closed","ping_status":"closed","template":"","meta":[],"product_cat":[41,39,40],"product_tag":[],"class_list":{"0":"post-8173","1":"product","2":"type-product","3":"status-publish","4":"has-post-thumbnail","6":"product_cat-malarstwo-dawne","7":"product_cat-dziela-sztuki","8":"product_cat-malarstwo","10":"entry","11":"has-media","13":"first","14":"instock","15":"taxable","16":"shipping-taxable","17":"purchasable","18":"product-type-simple","19":"has-product-nav","20":"col","21":"span_1_of_3","22":"owp-content-center","23":"owp-thumbs-layout-horizontal","24":"owp-btn-normal","25":"owp-tabs-layout-horizontal"},"aioseo_notices":[],"_links":{"self":[{"href":"https:\/\/antykilion.pl\/en\/wp-json\/wp\/v2\/product\/8173","targetHints":{"allow":["GET"]}}],"collection":[{"href":"https:\/\/antykilion.pl\/en\/wp-json\/wp\/v2\/product"}],"about":[{"href":"https:\/\/antykilion.pl\/en\/wp-json\/wp\/v2\/types\/product"}],"replies":[{"embeddable":true,"href":"https:\/\/antykilion.pl\/en\/wp-json\/wp\/v2\/comments?post=8173"}],"wp:featuredmedia":[{"embeddable":true,"href":"https:\/\/antykilion.pl\/en\/wp-json\/wp\/v2\/media\/8174"}],"wp:attachment":[{"href":"https:\/\/antykilion.pl\/en\/wp-json\/wp\/v2\/media?parent=8173"}],"wp:term":[{"taxonomy":"product_cat","embeddable":true,"href":"https:\/\/antykilion.pl\/en\/wp-json\/wp\/v2\/product_cat?post=8173"},{"taxonomy":"product_tag","embeddable":true,"href":"https:\/\/antykilion.pl\/en\/wp-json\/wp\/v2\/product_tag?post=8173"}],"curies":[{"name":"wp","href":"https:\/\/api.w.org\/{rel}","templated":true}]}}