{"id":8185,"date":"2024-04-28T19:28:25","date_gmt":"2024-04-28T17:28:25","guid":{"rendered":"https:\/\/antykilion.pl\/?post_type=product&#038;p=8185"},"modified":"2024-04-28T19:31:50","modified_gmt":"2024-04-28T17:31:50","slug":"8185","status":"publish","type":"product","link":"https:\/\/antykilion.pl\/en\/product\/8185\/","title":{"rendered":"Adriaen van Ostade 1610 do 1685 Holandia, zabawa w karczmie 2 po\u0142owa XVII w"},"content":{"rendered":"","protected":false},"excerpt":{"rendered":"<p>Adriaen van Ostade 1610 do 1685 Holandia, zabawa w karczmie 2 po\u0142owa XVII w<\/p>\n<p>Adriaen van Ostade (ochrzczony jako Adriaen Jansz Hendricx 10 grudnia 1610 &#8211; pochowany 2 maja 1685) by\u0142 holenderskim malarzem dzie\u0142 rodzajowych ze Z\u0142otego Wieku, przedstawiaj\u0105cym \u017cycie codzienne zwyk\u0142ych m\u0119\u017cczyzn i kobiet. \u017bycie Ch\u0142opi w tawernie (ok. 1635) w Alte Pinakothek w Monachium Grawerowany portret Adriaena van Ostade, pokazany wraz z kilkoma jego bardziej znanymi dzie\u0142ami, autorstwa Arnolda Houbrakena w jego \u201eSchouburg\u201d, tom I, 1718 Wed\u0142ug Arnolda Houbrakena on i jego brat byli uczniami Fransa Halsa i podobnie jak on sp\u0119dzili wi\u0119kszo\u015b\u0107 \u017cycia w Haarlemie. My\u015bla\u0142, \u017ce s\u0105 to \u201eLubekowie\u201d z urodzenia, cho\u0107 okaza\u0142o si\u0119, \u017ce to nieprawda. By\u0142 najstarszym synem Jana Hendricxa Ostade, tkacza z wioski Ostade niedaleko Eindhoven.[2] Chocia\u017c Adriaen i jego brat Izaak urodzili si\u0119 w Haarlemie, jako malarze przyj\u0119li nazwisko \u201evan Ostade\u201d. Wed\u0142ug RKD w 1627 r. zosta\u0142 uczniem portrecisty Fransa Halsa, \u00f3wczesnego mistrza Jana Miense Molenaera.[3] W 1632 roku jest zarejestrowany w Utrechcie (gdzie, podobnie jak Jacob Duck, prawdopodobnie pozostawa\u0142 pod wp\u0142ywem popularnych w jego czasach wiejskich scen Joosta Cornelisza Droochsloota), ale w 1634 roku wr\u00f3ci\u0142 do Haarlemu, gdzie wst\u0105pi\u0142 do gildii Haarlem \u015bw. \u0141ukasza.[3] W wieku 26 lat wst\u0105pi\u0142 do kompanii stra\u017cy miejskiej w Haarlemie, a w wieku dwudziestu o\u015bmiu lat si\u0119 o\u017ceni\u0142. Jego \u017cona zmar\u0142a dwa lata p\u00f3\u017aniej, w 1640 r. W 1657 r. \u201ejako wdowiec\u201d po\u015blubi\u0142 Ann\u0119 Ingels.[3] Ponownie zosta\u0142 wdowcem w 1666 r.[4] Otworzy\u0142 warsztat i przyj\u0105\u0142 uczni\u00f3w. Jego wybitnymi uczniami byli Cornelis Pietersz Bega, Cornelis Dusart, Jan de Groot, Frans de Jongh, Michiel van Musscher, Isaac van Ostade, Evert Oudendijck i Jan Steen. W 1662 i ponownie w 1663 zostaje zarejestrowany jako diakon cechu \u015bw. \u0141ukasza w Haarlemie.[5] Na rampjaar (1672) spakowa\u0142 swoje rzeczy z zamiarem ucieczki do Lubeki, dlatego Houbraken czu\u0142, \u017ce ma tam rodzin\u0119.[1] Dotar\u0142 jednak a\u017c do Amsterdamu, gdzie nam\u00f3wi\u0142 go na pobyt kolekcjoner sztuki Konstantyn Sennepart, w kt\u00f3rego domu przebywa\u0142 i gdzie wykona\u0142 seri\u0119 kolorowych rysunk\u00f3w, kt\u00f3re p\u00f3\u017aniej kupiono za 1300 floren\u00f3w (wraz z kilkoma rysunkami Gerrit Battem) Jonasa Witsena [nl], gdzie Houbraken je zobaczy\u0142 i zakocha\u0142 si\u0119 w swoich portretach \u017cycia na wsi.[1] Jonas Witsen (1676\u20131715) by\u0142 cz\u0142owiekiem, kt\u00f3ry przekona\u0142 Houbrakena do przeniesienia si\u0119 z Dordrechtu do Amsterdamu. By\u0142 sekretarzem miasta i prawdopodobnie by\u0142 jego patronem. Jego nast\u0119pca, Johan van Schuylenburgh, kt\u00f3ry zosta\u0142 sekretarzem miasta w 1712 r., by\u0142 cz\u0142owiekiem, kt\u00f3remu Houbraken zadedykowa\u0142 pierwszy tom swojego Schouburga. Praca \u201eCi\u0119cie pi\u00f3ra\u201d c. . 1660, w Muzeum Sztuk Pi\u0119knych w Budapeszcie Ostade by\u0142 r\u00f3wie\u015bnikiem flamandzkich malarzy Davida Teniersa M\u0142odszego i Adriaena Brouwera. Podobnie jak oni, sp\u0119dzi\u0142 swoje \u017cycie na szkicowaniu zwyczajnego \u017cycia, przedstawiaj\u0105c sceny z karczm, jarmark\u00f3w wiejskich i dzielnic wiejskich. Kontrast pomi\u0119dzy Teniers i Ostade polega na odmiennym stanie klas rolniczych Brabancji i Holandii oraz na atmosferze i mieszkaniach charakterystycznych dla ka\u017cdego regionu. Brabancja ma wi\u0119cej s\u0142o\u0144ca i wi\u0119kszy komfort; W rezultacie Teniers jest srebrzysty i b\u0142yszcz\u0105cy, a ludzie, kt\u00f3rych maluje, s\u0105 pi\u0119knymi okazami swojej kultury. Wydaje si\u0119, \u017ce Holandia w pobli\u017cu Haarlemu bardzo ucierpia\u0142a w wyniku wojny; powietrze jest wilgotne i mgliste, a ludzie przedstawieni na Ostade s\u0105 niscy i nieprzychylni, naznaczeni pi\u0119tnem przeciwno\u015bci losu w rysach i ubiorze.[4] Brouwer, kt\u00f3ry malowa\u0142 ch\u0142opa w jego swawolach i nami\u0119tno\u015bciach, w\u0142o\u017cy\u0142 w swoje przedstawienia wi\u0119cej ducha Fransa Halsa ni\u017c jego kolega; ale typ jest taki sam jak Ostade. W pierwszych latach swojej kariery Ostade mia\u0142 sk\u0142onno\u015b\u0107 do tej samej przesady i igraszek co jego towarzysz, cho\u0107 r\u00f3\u017cni\u0142 si\u0119 od rywala bardziej og\u00f3lnym wykorzystaniem \u015bwiat\u0142a i cienia, zw\u0142aszcza wi\u0119kszym skupieniem \u015bwiat\u0142a na ma\u0142ej powierzchni w przeciwie\u0144stwie do szeroka przestrze\u0144 mroku. Tonacja jego harmonii pozostawa\u0142a przez pewien czas w skali szaro\u015bci, ale jego obr\u00f3bka jest sucha i ostro\u017cna w stylu nie stroni\u0105cym od trudno\u015bci w szczeg\u00f3\u0142ach. Pokazuje nam chaty wewn\u0105trz i na zewn\u0105trz: li\u015bcie winoro\u015bli zakrywaj\u0105 ub\u00f3stwo zewn\u0119trznych \u015bcian; w pomieszczeniach nic nie zdobi mozaiki krokwi i strzechy, zawalonych komin\u00f3w i drabinowych schod\u00f3w, rustykalnego holenderskiego domu z tamtych czas\u00f3w. Wielko\u015b\u0107 Ostade&#8217;a polega na tym, jak cz\u0119sto uchwyci\u0142 poetyck\u0105 stron\u0119 klasy ch\u0142opskiej, pomimo jej prostactwa. Dawa\u0142 magiczne \u015bwiat\u0142o blasku s\u0142o\u0144ca ich skromnym zabawom, k\u0142\u00f3tniom, a nawet spokojniejszym nastrojom rado\u015bci; ubra\u0142 wrak chat w kolorow\u0105 ro\u015blinno\u015b\u0107.[4] Swoje obrazy przygotowywa\u0142 skrupulatnie, wykonuj\u0105c rysunki przygotowawcze, z kt\u00f3rych wiele si\u0119 zachowa\u0142o. Rysunki te obejmuj\u0105 szkice krajobraz\u00f3w, byd\u0142a na \u0142\u0105kach i studia postaci \u017cyciowych.[6] Liczne studia akt\u00f3w wykonane czerwon\u0105 lub czarn\u0105 kred\u0105 stanowi\u0105 najwa\u017cniejsze elementy jego tw\u00f3rczo\u015bci. Wykorzysta\u0142 te badania ponownie w r\u00f3\u017cnych kompozycjach.[7] Zajmowa\u0142 si\u0119 tak\u017ce dzia\u0142alno\u015bci\u0105 rytownika. Jego najwcze\u015bniejsze znane dzie\u0142a to zesp\u00f3\u0142 sze\u015bciu rycin wykonanych w 1653 roku.[6] Jego dwadzie\u015bcia kilka rycin przedstawia g\u0142\u00f3wnie byd\u0142o w krajobrazie, czasami z pasterzami. Dzie\u0142a te by\u0142y w jego czasach wysoko cenione przez kolekcjoner\u00f3w.[5] Bibliografia Adriaen van de Velde w Galerii Narodowej Adriaen van de Velde z Holenderskiego Instytutu Historii Sztuki Adriaen van de Velde: holenderski mistrz krajobrazu w Galerii Obraz\u00f3w w Dulwich Adriaen van de Velde, Pejza\u017c pasterski z dojark\u0105 doj\u0105c\u0105 krow\u0119, m\u0142odzie\u0144cem, psem i inn\u0105 krow\u0105 u podn\u00f3\u017ca drzewa, dalej dwie owce u Christie&#8217;s George S. Keyes, Susan Donahue Kuretsky, Axel R\u00fcger, Arthur K. Wheelock, Masters of Dutch Painting: Detroit Institute of Arts, Detroit Institute of Arts, 2004, s. 104-195 Adriaen van de Velde w Muzeum J. Paula Getty&#8217;ego An Van Camp, recenzja Adriaena van de Velde: holenderskiego mistrza krajobrazu autorstwa Barta Cornelisa i Marijna Schapelhoumana w Historyns of Netherlandish Art<\/p>\n<p>Technika: olej na p\u0142otnie<\/p>\n<p>Very good condition<\/p>\n<p>Sygnatura: Nie znaleziono pochodzenie zakupiony z bardzo dobrej kolekcji<\/p>\n<p>Wymiary:  p\u0142\u00f3tno 67 cm na 84 cm + rama 81 cm na 98 cm<\/p>\n<p>Do ka\u017cdego przedmiotu Galeria wystawia certyfikat.<\/p>","protected":false},"featured_media":8186,"comment_status":"closed","ping_status":"closed","template":"","meta":[],"product_cat":[41,39,40],"product_tag":[],"class_list":{"0":"post-8185","1":"product","2":"type-product","3":"status-publish","4":"has-post-thumbnail","6":"product_cat-malarstwo-dawne","7":"product_cat-dziela-sztuki","8":"product_cat-malarstwo","10":"entry","11":"has-media","13":"first","14":"instock","15":"taxable","16":"shipping-taxable","17":"purchasable","18":"product-type-simple","19":"has-product-nav","20":"col","21":"span_1_of_3","22":"owp-content-center","23":"owp-thumbs-layout-horizontal","24":"owp-btn-normal","25":"owp-tabs-layout-horizontal"},"aioseo_notices":[],"_links":{"self":[{"href":"https:\/\/antykilion.pl\/en\/wp-json\/wp\/v2\/product\/8185","targetHints":{"allow":["GET"]}}],"collection":[{"href":"https:\/\/antykilion.pl\/en\/wp-json\/wp\/v2\/product"}],"about":[{"href":"https:\/\/antykilion.pl\/en\/wp-json\/wp\/v2\/types\/product"}],"replies":[{"embeddable":true,"href":"https:\/\/antykilion.pl\/en\/wp-json\/wp\/v2\/comments?post=8185"}],"wp:featuredmedia":[{"embeddable":true,"href":"https:\/\/antykilion.pl\/en\/wp-json\/wp\/v2\/media\/8186"}],"wp:attachment":[{"href":"https:\/\/antykilion.pl\/en\/wp-json\/wp\/v2\/media?parent=8185"}],"wp:term":[{"taxonomy":"product_cat","embeddable":true,"href":"https:\/\/antykilion.pl\/en\/wp-json\/wp\/v2\/product_cat?post=8185"},{"taxonomy":"product_tag","embeddable":true,"href":"https:\/\/antykilion.pl\/en\/wp-json\/wp\/v2\/product_tag?post=8185"}],"curies":[{"name":"wp","href":"https:\/\/api.w.org\/{rel}","templated":true}]}}