{"id":8188,"date":"2024-05-01T10:48:43","date_gmt":"2024-05-01T08:48:43","guid":{"rendered":"https:\/\/antykilion.pl\/?post_type=product&#038;p=8188"},"modified":"2024-05-01T10:48:44","modified_gmt":"2024-05-01T08:48:44","slug":"ogromny-krajobrazowy-z-wodospadem-sygnowany-z-1883-r-obledny","status":"publish","type":"product","link":"https:\/\/antykilion.pl\/en\/product\/ogromny-krajobrazowy-z-wodospadem-sygnowany-z-1883-r-obledny\/","title":{"rendered":"Ogromny  krajobrazowy z wodospadem sygnowany z 1883 r Ob\u0142\u0119dny"},"content":{"rendered":"","protected":false},"excerpt":{"rendered":"<p>Ogromny  krajobrazowy z wodospadem sygnowany z 1883 r Ob\u0142\u0119dny<\/p>\n<p>Bardzo malowniczy i dekoracyjny obraz !<\/p>\n<p>Technique: oil on canvas<\/p>\n<p>Very good condition<\/p>\n<p>Sygnatura: R. Ward ??? 1883<\/p>\n<p>Wymiary:  p\u0142\u00f3tno 106 cm na 85 cm z ram\u0105  oko\u0142o 146 cm na 125 cm<\/p>\n<p>Do ka\u017cdego przedmiotu Galeria wystawia certyfikat.<\/p>","protected":false},"featured_media":8189,"comment_status":"closed","ping_status":"closed","template":"","meta":[],"product_cat":[41,39,40],"product_tag":[],"class_list":{"0":"post-8188","1":"product","2":"type-product","3":"status-publish","4":"has-post-thumbnail","6":"product_cat-malarstwo-dawne","7":"product_cat-dziela-sztuki","8":"product_cat-malarstwo","10":"entry","11":"has-media","13":"first","14":"instock","15":"taxable","16":"shipping-taxable","17":"purchasable","18":"product-type-simple","19":"has-product-nav","20":"col","21":"span_1_of_3","22":"owp-content-center","23":"owp-thumbs-layout-horizontal","24":"owp-btn-normal","25":"owp-tabs-layout-horizontal"},"aioseo_notices":[],"_links":{"self":[{"href":"https:\/\/antykilion.pl\/en\/wp-json\/wp\/v2\/product\/8188","targetHints":{"allow":["GET"]}}],"collection":[{"href":"https:\/\/antykilion.pl\/en\/wp-json\/wp\/v2\/product"}],"about":[{"href":"https:\/\/antykilion.pl\/en\/wp-json\/wp\/v2\/types\/product"}],"replies":[{"embeddable":true,"href":"https:\/\/antykilion.pl\/en\/wp-json\/wp\/v2\/comments?post=8188"}],"wp:featuredmedia":[{"embeddable":true,"href":"https:\/\/antykilion.pl\/en\/wp-json\/wp\/v2\/media\/8189"}],"wp:attachment":[{"href":"https:\/\/antykilion.pl\/en\/wp-json\/wp\/v2\/media?parent=8188"}],"wp:term":[{"taxonomy":"product_cat","embeddable":true,"href":"https:\/\/antykilion.pl\/en\/wp-json\/wp\/v2\/product_cat?post=8188"},{"taxonomy":"product_tag","embeddable":true,"href":"https:\/\/antykilion.pl\/en\/wp-json\/wp\/v2\/product_tag?post=8188"}],"curies":[{"name":"wp","href":"https:\/\/api.w.org\/{rel}","templated":true}]}}