{"id":8192,"date":"2024-05-01T11:52:57","date_gmt":"2024-05-01T09:52:57","guid":{"rendered":"https:\/\/antykilion.pl\/?post_type=product&#038;p=8192"},"modified":"2024-05-25T04:43:06","modified_gmt":"2024-05-25T02:43:06","slug":"malowniczy-krajobraz-koniec-xviii-w-obledna-rama","status":"publish","type":"product","link":"https:\/\/antykilion.pl\/en\/product\/malowniczy-krajobraz-koniec-xviii-w-obledna-rama\/","title":{"rendered":"Malowniczy krajobraz koniec XVIII w, Ob\u0142\u0119dna rama !!!"},"content":{"rendered":"","protected":false},"excerpt":{"rendered":"<p>Malowniczy krajobraz koniec XVIII w, Ob\u0142\u0119dna rama !!!<\/p>\n<p>Bardzo malowniczy i dekoracyjny obraz !<\/p>\n<p>Technique: oil on canvas<\/p>\n<p>Very good condition<\/p>\n<p>Sygnatura: Nie znaleziono, liczne nalepki i oznaczenia na blejtramie i na ramie<\/p>\n<p>Wymiary:\u00a0 p\u0142\u00f3tno 88 cm na 62 cm z ram\u0105\u00a0 oko\u0142o 1112 cm na 85 cm<\/p>\n<p>Do ka\u017cdego przedmiotu Galeria wystawia certyfikat.<\/p>","protected":false},"featured_media":8197,"comment_status":"closed","ping_status":"closed","template":"","meta":[],"product_cat":[41,39,40],"product_tag":[],"class_list":{"0":"post-8192","1":"product","2":"type-product","3":"status-publish","4":"has-post-thumbnail","6":"product_cat-malarstwo-dawne","7":"product_cat-dziela-sztuki","8":"product_cat-malarstwo","10":"entry","11":"has-media","13":"first","14":"instock","15":"taxable","16":"shipping-taxable","17":"purchasable","18":"product-type-simple","19":"has-product-nav","20":"col","21":"span_1_of_3","22":"owp-content-center","23":"owp-thumbs-layout-horizontal","24":"owp-btn-normal","25":"owp-tabs-layout-horizontal"},"aioseo_notices":[],"_links":{"self":[{"href":"https:\/\/antykilion.pl\/en\/wp-json\/wp\/v2\/product\/8192","targetHints":{"allow":["GET"]}}],"collection":[{"href":"https:\/\/antykilion.pl\/en\/wp-json\/wp\/v2\/product"}],"about":[{"href":"https:\/\/antykilion.pl\/en\/wp-json\/wp\/v2\/types\/product"}],"replies":[{"embeddable":true,"href":"https:\/\/antykilion.pl\/en\/wp-json\/wp\/v2\/comments?post=8192"}],"wp:featuredmedia":[{"embeddable":true,"href":"https:\/\/antykilion.pl\/en\/wp-json\/wp\/v2\/media\/8197"}],"wp:attachment":[{"href":"https:\/\/antykilion.pl\/en\/wp-json\/wp\/v2\/media?parent=8192"}],"wp:term":[{"taxonomy":"product_cat","embeddable":true,"href":"https:\/\/antykilion.pl\/en\/wp-json\/wp\/v2\/product_cat?post=8192"},{"taxonomy":"product_tag","embeddable":true,"href":"https:\/\/antykilion.pl\/en\/wp-json\/wp\/v2\/product_tag?post=8192"}],"curies":[{"name":"wp","href":"https:\/\/api.w.org\/{rel}","templated":true}]}}