{"id":8199,"date":"2024-05-12T13:18:52","date_gmt":"2024-05-12T11:18:52","guid":{"rendered":"https:\/\/antykilion.pl\/?post_type=product&#038;p=8199"},"modified":"2024-10-18T17:42:25","modified_gmt":"2024-10-18T15:42:25","slug":"para-foteli-w-stylu-empirowym-z-czarnymi-labedziami-xix-okolo-1870-obledne","status":"publish","type":"product","link":"https:\/\/antykilion.pl\/en\/product\/para-foteli-w-stylu-empirowym-z-czarnymi-labedziami-xix-okolo-1870-obledne\/","title":{"rendered":"Para foteli \u00a0w stylu empirowym z czarnymi \u0142ab\u0119dziami XIX oko\u0142o 1870 ob\u0142\u0119dne !!!"},"content":{"rendered":"","protected":false},"excerpt":{"rendered":"<p>Para foteli \u00a0w stylu empirowym z czarnymi \u0142ab\u0119dziami XIX oko\u0142o 1870 ob\u0142\u0119dne !!!<\/p>\n<p>z oparciem zaokr\u0105glonym w linii plec\u00f3w przechodz\u0105cym w boki z rze\u017abionymi czarnymi \u0142ab\u0119dziami,\u00a0 oparcie i siedzisko tapicerowane tapicerowany, ozdobiony klasycyzuj\u0105cymi okuciami z br\u0105zu z\u0142oconego.<\/p>\n<p>Stan: bardzo dobry orginalny &#8211; widoczne \u015blady u\u017cytkowania i stare naprawy forniru z ty\u0142u oparcia oraz ramiak\u00f3w oparcia fotele stabilne nierozchwiane<\/p>\n<p>Pochodzenie; Carska Rosja<\/p>\n<p>Materia\u0142:\u00a0 maho\u0144 palisander, orzech barwiony na czarno? oraz br\u0105zy z\u0142ocone<\/p>\n<p>Wymiary:\u00a0 wysoko\u015b\u0107 110 cm D\u0142ugo\u015b\u0107 70 cm, g\u0142\u0119boko\u015b\u0107 60 cm, wysoko\u015b\u0107 siedziska oko\u0142o 45 cm<\/p>\n<p>Fotele bardzo dekoracyjne o bardzo rzadkie na rynku antykwarycznym prawdziwe dzie\u0142o sztuki rzemie\u015blniczej !!!<\/p>","protected":false},"featured_media":8201,"comment_status":"closed","ping_status":"closed","template":"","meta":[],"product_cat":[24,17],"product_tag":[],"class_list":{"0":"post-8199","1":"product","2":"type-product","3":"status-publish","4":"has-post-thumbnail","6":"product_cat-fotele","7":"product_cat-meble","9":"entry","10":"has-media","12":"first","13":"instock","14":"taxable","15":"shipping-taxable","16":"purchasable","17":"product-type-simple","18":"has-product-nav","19":"col","20":"span_1_of_3","21":"owp-content-center","22":"owp-thumbs-layout-horizontal","23":"owp-btn-normal","24":"owp-tabs-layout-horizontal"},"aioseo_notices":[],"_links":{"self":[{"href":"https:\/\/antykilion.pl\/en\/wp-json\/wp\/v2\/product\/8199","targetHints":{"allow":["GET"]}}],"collection":[{"href":"https:\/\/antykilion.pl\/en\/wp-json\/wp\/v2\/product"}],"about":[{"href":"https:\/\/antykilion.pl\/en\/wp-json\/wp\/v2\/types\/product"}],"replies":[{"embeddable":true,"href":"https:\/\/antykilion.pl\/en\/wp-json\/wp\/v2\/comments?post=8199"}],"wp:featuredmedia":[{"embeddable":true,"href":"https:\/\/antykilion.pl\/en\/wp-json\/wp\/v2\/media\/8201"}],"wp:attachment":[{"href":"https:\/\/antykilion.pl\/en\/wp-json\/wp\/v2\/media?parent=8199"}],"wp:term":[{"taxonomy":"product_cat","embeddable":true,"href":"https:\/\/antykilion.pl\/en\/wp-json\/wp\/v2\/product_cat?post=8199"},{"taxonomy":"product_tag","embeddable":true,"href":"https:\/\/antykilion.pl\/en\/wp-json\/wp\/v2\/product_tag?post=8199"}],"curies":[{"name":"wp","href":"https:\/\/api.w.org\/{rel}","templated":true}]}}