{"id":8245,"date":"2024-05-12T17:13:16","date_gmt":"2024-05-12T15:13:16","guid":{"rendered":"https:\/\/antykilion.pl\/?post_type=product&#038;p=8245"},"modified":"2024-05-12T17:13:17","modified_gmt":"2024-05-12T15:13:17","slug":"stol-ekranowy-w-stylu-biedermeier-xix-w-1820-30-r-rzadkosc","status":"publish","type":"product","link":"https:\/\/antykilion.pl\/en\/product\/stol-ekranowy-w-stylu-biedermeier-xix-w-1820-30-r-rzadkosc\/","title":{"rendered":"St\u00f3\u0142 ekranowy w stylu biedermeier XIX w 1820\/30 r rzadko\u015b\u0107 !!!"},"content":{"rendered":"","protected":false},"excerpt":{"rendered":"<p>St\u00f3\u0142 ekranowy w stylu biedermeier XIX w 1820\/30 r rzadko\u015b\u0107 !!!<\/p>\n<p>z okr\u0105g\u0142ym blatem odchylanym do pionu blatem, wsparty na toczonym trzonie, rozwidlonym w esowaty, graniasty tr\u00f3jn\u00f3g.<\/p>\n<p>Pochodzenie:\u00a0 Polska\/Niemcy<\/p>\n<p>Stan: bardzo dobry\u00a0 oczywi\u015bcie wida\u0107 drobne \u015blady u\u017cytkowania raczej tylko w formie starych rysek, drobne ubytki okleiny przy jednym z \u015blimak\u00f3w na nodze, orginalny nieruszany pr\u00f3cz bardzo drobnych napraw zachowawczych dzi\u015b st\u00f3\u0142 w stanie orginalnym to ogromna rzadko\u015b\u0107<\/p>\n<p>Materia\u0142: Okleiny i drzewo wi\u015bnia czere\u015bnia<\/p>\n<p>Wymiary: wysoko\u015b\u0107 75 cm, \u015brednica blatu 115 cm<\/p>\n<p>Pi\u0119kny Pa\u0142acowy mebel, bardzo wysokiej klasy ogromnie poszukiwany na rynku antykwarycznym !!!<\/p>","protected":false},"featured_media":8246,"comment_status":"closed","ping_status":"closed","template":"","meta":[],"product_cat":[17,33],"product_tag":[],"class_list":{"0":"post-8245","1":"product","2":"type-product","3":"status-publish","4":"has-post-thumbnail","6":"product_cat-meble","7":"product_cat-stoly-stoliki","9":"entry","10":"has-media","12":"first","13":"instock","14":"taxable","15":"shipping-taxable","16":"purchasable","17":"product-type-simple","18":"has-product-nav","19":"col","20":"span_1_of_3","21":"owp-content-center","22":"owp-thumbs-layout-horizontal","23":"owp-btn-normal","24":"owp-tabs-layout-horizontal"},"aioseo_notices":[],"_links":{"self":[{"href":"https:\/\/antykilion.pl\/en\/wp-json\/wp\/v2\/product\/8245","targetHints":{"allow":["GET"]}}],"collection":[{"href":"https:\/\/antykilion.pl\/en\/wp-json\/wp\/v2\/product"}],"about":[{"href":"https:\/\/antykilion.pl\/en\/wp-json\/wp\/v2\/types\/product"}],"replies":[{"embeddable":true,"href":"https:\/\/antykilion.pl\/en\/wp-json\/wp\/v2\/comments?post=8245"}],"wp:featuredmedia":[{"embeddable":true,"href":"https:\/\/antykilion.pl\/en\/wp-json\/wp\/v2\/media\/8246"}],"wp:attachment":[{"href":"https:\/\/antykilion.pl\/en\/wp-json\/wp\/v2\/media?parent=8245"}],"wp:term":[{"taxonomy":"product_cat","embeddable":true,"href":"https:\/\/antykilion.pl\/en\/wp-json\/wp\/v2\/product_cat?post=8245"},{"taxonomy":"product_tag","embeddable":true,"href":"https:\/\/antykilion.pl\/en\/wp-json\/wp\/v2\/product_tag?post=8245"}],"curies":[{"name":"wp","href":"https:\/\/api.w.org\/{rel}","templated":true}]}}