{"id":8349,"date":"2024-05-19T17:06:58","date_gmt":"2024-05-19T15:06:58","guid":{"rendered":"https:\/\/antykilion.pl\/?post_type=product&#038;p=8349"},"modified":"2024-05-19T17:06:59","modified_gmt":"2024-05-19T15:06:59","slug":"astry-w-wazonie-przelom-xix-na-xx-w-sliczny","status":"publish","type":"product","link":"https:\/\/antykilion.pl\/en\/product\/astry-w-wazonie-przelom-xix-na-xx-w-sliczny\/","title":{"rendered":"Astry w wazonie, Prze\u0142om XIX na XX w \u015bliczny !!!"},"content":{"rendered":"","protected":false},"excerpt":{"rendered":"<p>Astry w wazonie, Prze\u0142om XIX na XX w \u015bliczny !!!<\/p>\n<p>Bardzo dekoracyjny obraz<\/p>\n<p>Okazja !!!<\/p>\n<p>Technika: olej na desce<\/p>\n<p>Stan:\u00a0 Bardzo dobry, drobne uszkodzenie ramy w jednym z rog\u00f3w<\/p>\n<p>Sygnatura: widoczna na zdj\u0119ciu prawy dolny r\u00f3g, niestety nie mo\u017cemy odczyta\u0107<\/p>\n<p>Wymiary: deska 19 cm na 29 cm z ram\u0105 29 cm na 39 cm<\/p>\n<p>Obraz oprawiony w przepi\u0119kn\u0105 ram\u0119<\/p>\n<p>Do ka\u017cdego przedmiotu Galeria wystawia certyfikat.<\/p>","protected":false},"featured_media":8350,"comment_status":"closed","ping_status":"closed","template":"","meta":[],"product_cat":[41,39,40],"product_tag":[],"class_list":{"0":"post-8349","1":"product","2":"type-product","3":"status-publish","4":"has-post-thumbnail","6":"product_cat-malarstwo-dawne","7":"product_cat-dziela-sztuki","8":"product_cat-malarstwo","10":"entry","11":"has-media","13":"first","14":"instock","15":"taxable","16":"shipping-taxable","17":"purchasable","18":"product-type-simple","19":"has-product-nav","20":"col","21":"span_1_of_3","22":"owp-content-center","23":"owp-thumbs-layout-horizontal","24":"owp-btn-normal","25":"owp-tabs-layout-horizontal"},"aioseo_notices":[],"_links":{"self":[{"href":"https:\/\/antykilion.pl\/en\/wp-json\/wp\/v2\/product\/8349","targetHints":{"allow":["GET"]}}],"collection":[{"href":"https:\/\/antykilion.pl\/en\/wp-json\/wp\/v2\/product"}],"about":[{"href":"https:\/\/antykilion.pl\/en\/wp-json\/wp\/v2\/types\/product"}],"replies":[{"embeddable":true,"href":"https:\/\/antykilion.pl\/en\/wp-json\/wp\/v2\/comments?post=8349"}],"wp:featuredmedia":[{"embeddable":true,"href":"https:\/\/antykilion.pl\/en\/wp-json\/wp\/v2\/media\/8350"}],"wp:attachment":[{"href":"https:\/\/antykilion.pl\/en\/wp-json\/wp\/v2\/media?parent=8349"}],"wp:term":[{"taxonomy":"product_cat","embeddable":true,"href":"https:\/\/antykilion.pl\/en\/wp-json\/wp\/v2\/product_cat?post=8349"},{"taxonomy":"product_tag","embeddable":true,"href":"https:\/\/antykilion.pl\/en\/wp-json\/wp\/v2\/product_tag?post=8349"}],"curies":[{"name":"wp","href":"https:\/\/api.w.org\/{rel}","templated":true}]}}