{"id":8353,"date":"2024-05-19T17:20:39","date_gmt":"2024-05-19T15:20:39","guid":{"rendered":"https:\/\/antykilion.pl\/?post_type=product&#038;p=8353"},"modified":"2026-03-12T09:41:49","modified_gmt":"2026-03-12T08:41:49","slug":"barometr-z-termometrem-bartezago-freres-xix-w-w-stylu-empir-okolo-1800-r","status":"publish","type":"product","link":"https:\/\/antykilion.pl\/en\/product\/barometr-z-termometrem-bartezago-freres-xix-w-w-stylu-empir-okolo-1800-r\/","title":{"rendered":"Barometr z termometrem, \u00a0Bartezago Fr\u00e8res XIX w, W stylu Empir oko\u0142o 1800 r"},"content":{"rendered":"","protected":false},"excerpt":{"rendered":"<p>Barometr z termometrem, \u00a0Bartezago Fr\u00e8res XIX w, W stylu Empir oko\u0142o 1800 r<\/p>\n<p>Materia\u0142: br\u0105z, z\u0142ocony; maho\u0144 i tarcza posrebrzana\u00a0<\/p>\n<p>wys. 110 cm,<\/p>\n<p>Francja, Pary\u017c,<\/p>\n<p>Stan: Nie sprawny<\/p>\n<p>Cena okazyjna !!!<\/p>","protected":false},"featured_media":8354,"comment_status":"closed","ping_status":"closed","template":"","meta":[],"product_cat":[55,53],"product_tag":[],"class_list":{"0":"post-8353","1":"product","2":"type-product","3":"status-publish","4":"has-post-thumbnail","6":"product_cat-varia","7":"product_cat-zegary-wiszace","9":"entry","10":"has-media","12":"first","13":"instock","14":"taxable","15":"shipping-taxable","16":"purchasable","17":"product-type-simple","18":"has-product-nav","19":"col","20":"span_1_of_3","21":"owp-content-center","22":"owp-thumbs-layout-horizontal","23":"owp-btn-normal","24":"owp-tabs-layout-horizontal"},"aioseo_notices":[],"_links":{"self":[{"href":"https:\/\/antykilion.pl\/en\/wp-json\/wp\/v2\/product\/8353","targetHints":{"allow":["GET"]}}],"collection":[{"href":"https:\/\/antykilion.pl\/en\/wp-json\/wp\/v2\/product"}],"about":[{"href":"https:\/\/antykilion.pl\/en\/wp-json\/wp\/v2\/types\/product"}],"replies":[{"embeddable":true,"href":"https:\/\/antykilion.pl\/en\/wp-json\/wp\/v2\/comments?post=8353"}],"wp:featuredmedia":[{"embeddable":true,"href":"https:\/\/antykilion.pl\/en\/wp-json\/wp\/v2\/media\/8354"}],"wp:attachment":[{"href":"https:\/\/antykilion.pl\/en\/wp-json\/wp\/v2\/media?parent=8353"}],"wp:term":[{"taxonomy":"product_cat","embeddable":true,"href":"https:\/\/antykilion.pl\/en\/wp-json\/wp\/v2\/product_cat?post=8353"},{"taxonomy":"product_tag","embeddable":true,"href":"https:\/\/antykilion.pl\/en\/wp-json\/wp\/v2\/product_tag?post=8353"}],"curies":[{"name":"wp","href":"https:\/\/api.w.org\/{rel}","templated":true}]}}