{"id":8410,"date":"2024-06-06T09:48:02","date_gmt":"2024-06-06T07:48:02","guid":{"rendered":"https:\/\/antykilion.pl\/?post_type=product&#038;p=8410"},"modified":"2026-04-08T13:57:01","modified_gmt":"2026-04-08T11:57:01","slug":"hendrick-avercamp-lyzwiarze-na-lodowisku-xvii-w-okolo-1610-r-ekspertyzy","status":"publish","type":"product","link":"https:\/\/antykilion.pl\/en\/product\/hendrick-avercamp-lyzwiarze-na-lodowisku-xvii-w-okolo-1610-r-ekspertyzy\/","title":{"rendered":"Hendrick Avercamp, \u0141y\u017cwiarze na lodowisku XVII w, oko\u0142o 1610 r ekspertyzy"},"content":{"rendered":"","protected":false},"excerpt":{"rendered":"<p>Hendrick Avercamp, \u0141y\u017cwiarze na lodowisku XVII w, oko\u0142o 1610 r ekspertyzy<\/p>\n<p>Obraz posiada opinie z przeprowadzonych Bada\u0144 laboratoryjnych pr\u00f3bek warstwy malarskiej oraz prac konserwatorskich.<\/p>\n<p>Z obrazu pobrano kilka pr\u00f3bek pigment\u00f3w wraz z warstw\u0105 gruntu do analizy w celu ustalenia precyzyjnego datowania obrazu oraz zapoznania\u00a0si\u0119 z u\u017cytymi pigmentami, spoiwami i zaprawami w celu umiejscowienia obrazu w zakresie czasowym i warsztatowym.<\/p>\n<p>Zidentyfikowano pigmenty i spoiwa pochodzenia mineralnego.<\/p>\n<p>Obraz mo\u017ce pochodzi\u0107 z warsztatu XVII w malarza o czym \u015bwiadcz\u0105 u\u017cyte\u00a0pigmenty, technologia i technika malowania, charakter p\u0142\u00f3tna, stan zachowania\u00a0p\u0142\u00f3tna, warstwy malarskiej, bardzo stare retusze. Obraz malowany jest przy\u00a0u\u017cyciu bardzo oszcz\u0119dnej palety barw, zaledwie kilku kolor\u00f3w pochodzenia\u00a0mineralnego. S\u0105 to br\u0105zy, czernie, ugry, biel, b\u0142\u0119kit (smalta) oraz czerwie\u0144 i\u00a0niewielki dodatek zieleni. Warstwa gruntu jest bardzo cienko nak\u0142adana, na\u00a0podmalowaniu szaro\u015bciowym, potem warstwa malarska nak\u0142adana r\u00f3wnie\u017c\u00a0cienko i transparentnie (br\u0105zy). Rysunek detali jest delikatny, szkicowy. Ca\u0142o\u015b\u0107\u00a0tworzy przemy\u015blan\u0105 kompozycj\u0119 uk\u0142adu postaci i krajobrazu z niemal\u00a0monochromatycznym u\u017cyciem barw, a pomimo tego zbudowana s\u0105 w obrazie\u00a0planowo\u015b\u0107, przestrze\u0144, \u015bwiat\u0142o i g\u0142\u0119bia.<\/p>\n<p>Czyli dwie odr\u0119bne opinie.<\/p>\n<p>Hendrick Avercamp (ochrz. 27 stycznia 1585 w Amsterdamie, poch. 15 maja 1634 w Kampen)[1] \u2013 holenderski malarz, pejza\u017cysta.<\/p>\n<p>Curriculum vitae<\/p>\n<p>By\u0142 g\u0142uchoniemy od urodzenia[1][2][3], nazywano go Niemow\u0105 z Kampen[4]. Maj\u0105c zaledwie rok, w 1586 przeni\u00f3s\u0142 si\u0119 wraz z rodzin\u0105 do Kampen, gdzie jego ojciec zosta\u0142 miejskim aptekarzem, a p\u00f3\u017aniej lekarzem[1]. Malarstwa uczy\u0142 si\u0119 w Amsterdamie u Pietera Isaacszoona, holenderskiego manierysty[1]. Mo\u017cliwe te\u017c, \u017ce by\u0142 uczniem Davida Vinckboonsa[1] i Gillisa van Coninxloo[1][2]. Wr\u00f3ci\u0142 do Kampen w 1609 lub 1613[1][3] i pozosta\u0142 tam do \u015bmierci. Bratankiem i uczniem malarza by\u0142 Barent Avercamp[1].<\/p>\n<p>Creation<\/p>\n<p>Avercamp malowa\u0142 g\u0142\u00f3wnie realistyczne sceny rodzajowe inspirowane tw\u00f3rczo\u015bci\u0105 Pietera Bruegla starszego. Specjalizowa\u0142 si\u0119 w scenach zimowych; jego prace charakteryzuj\u0105 si\u0119 stonowan\u0105, ale bogat\u0105 kolorystyk\u0105 i doskonale oddan\u0105 perspektyw\u0105[3]. Najcz\u0119\u015bciej przedstawiaj\u0105 du\u017ce grupy niewielkich postaci, zwykle \u0142y\u017cwiarzy, na tle zimowego krajobrazu okolic Kampen[2][3]. Malowa\u0142 te\u017c portrety, obiekty architektoniczne i mariny[1][2]. Tworzy\u0142 obrazy olejne, akwarele i gwasze[2]. Jego malarstwo wywar\u0142o wp\u0142yw na tw\u00f3rczo\u015b\u0107 takich artyst\u00f3w, jak Arent Arentsz.[1][2], Esaias van de Velde[2], Anthonie Verstraelen czy R\u00e9gis Fran\u00e7ois Gignoux[1].<\/p>\n<p>Tw\u00f3rczo\u015b\u0107 artysty stanowi \u0142\u0105cznik pomi\u0119dzy pejza\u017cem dekoracyjnym takich tw\u00f3rc\u00f3w jak David Vinckboons i realizmem holenderskim reprezentowanym m.in. przez Jana van Goyena i Esaiasa van de Velde. Spotyka si\u0119 opinie, \u017ce Avercamp stworzy\u0142 nowy gatunek holenderskiego pejza\u017cu panoramicznego[5].<\/p>\n<p>Wa\u017cniejsze dzie\u0142a<br \/>\nPejza\u017c zimowy z \u0142y\u017cwiarzami, 1608, olej na desce 87,5\u00a0\u00d7\u00a0132\u00a0cm, Rijksmuseum, Amsterdam<br \/>\nScena na lodzie pod miastem, 1610<br \/>\nScena na lodzie<br \/>\nPrzypisy<br \/>\nHendrick Avercamp [online], RKD \u2013 Netherlands Institute for Art History [dost\u0119p 2024-04-26] (ang.\u00a0\u2022\u00a0niderl.).<br \/>\nAvercamp, Hendrick van called De Stomme van Kampen (&#8216;The Deaf-mute of Kampen\u2019), Benezit Dictionary of Artists, 31 pa\u017adziernika 2011, DOI:\u00a010.1093\/benz\/9780199773787.article.B00009049 [dost\u0119p 2024-04-25] (ang.).<br \/>\nAntoni\u00a0Ziemba, Avercamp, Hendrick, [w:] Robert\u00a0Genaille, Encyklopedia malarstwa flamandzkiego i holenderskiego, Warszawa: Wydawnictwa Artystyczne i Filmowe; Wydawnictwo Naukowe PWN, 2001, s.\u00a025, ISBN\u00a083-221-0686-6 (pol.).<br \/>\nAvercamp w Encyklopedia.interia.pl.<br \/>\nAvercamp w Answers.com.<br \/>\nBibliografia<br \/>\nGenaille\u00a0R. (red.), S\u0142ownik malarstwa holenderskiego i flamandzkiego, Warszawa: Wydawnictwa Artystyczne i Filmowe, 1975, s.\u00a015\u201316.<br \/>\nLinki zewn\u0119trzne<br \/>\nHendrick Avercamp w Rijksmuseum. rijksmuseum.nl. [zarchiwizowane z tego adresu (2016-04-24)]. (ang.).<br \/>\nArtcyclopedia.com (ang.<\/p>\n<p>Technique: oil on canvas<\/p>\n<p>Stan: bardzo dobry, po profesjonalne konserwacji, retusze i p\u0142\u00f3tno dublowane<\/p>\n<p>Sygnatura: widoczna przy jednym z brzeg\u00f3w lodowiska ma\u0142o czytelna ale wszystko wskazuje na to, \u017ce to ona.<\/p>\n<p>Wymiary:\u00a0 p\u0142\u00f3tna 120cm na 96 cm\u00a0 + rama\u00a0 obraz wielkoformatowy ob\u0142\u0119dny!!!<\/p>\n<p>Do ka\u017cdego przedmiotu Galeria wystawia certyfikat.<\/p>","protected":false},"featured_media":10945,"comment_status":"closed","ping_status":"closed","template":"","meta":[],"product_cat":[41,39,40],"product_tag":[],"class_list":{"0":"post-8410","1":"product","2":"type-product","3":"status-publish","4":"has-post-thumbnail","6":"product_cat-malarstwo-dawne","7":"product_cat-dziela-sztuki","8":"product_cat-malarstwo","10":"entry","11":"has-media","13":"first","14":"instock","15":"taxable","16":"shipping-taxable","17":"purchasable","18":"product-type-simple","19":"has-product-nav","20":"col","21":"span_1_of_3","22":"owp-content-center","23":"owp-thumbs-layout-horizontal","24":"owp-btn-normal","25":"owp-tabs-layout-horizontal"},"aioseo_notices":[],"_links":{"self":[{"href":"https:\/\/antykilion.pl\/en\/wp-json\/wp\/v2\/product\/8410","targetHints":{"allow":["GET"]}}],"collection":[{"href":"https:\/\/antykilion.pl\/en\/wp-json\/wp\/v2\/product"}],"about":[{"href":"https:\/\/antykilion.pl\/en\/wp-json\/wp\/v2\/types\/product"}],"replies":[{"embeddable":true,"href":"https:\/\/antykilion.pl\/en\/wp-json\/wp\/v2\/comments?post=8410"}],"wp:featuredmedia":[{"embeddable":true,"href":"https:\/\/antykilion.pl\/en\/wp-json\/wp\/v2\/media\/10945"}],"wp:attachment":[{"href":"https:\/\/antykilion.pl\/en\/wp-json\/wp\/v2\/media?parent=8410"}],"wp:term":[{"taxonomy":"product_cat","embeddable":true,"href":"https:\/\/antykilion.pl\/en\/wp-json\/wp\/v2\/product_cat?post=8410"},{"taxonomy":"product_tag","embeddable":true,"href":"https:\/\/antykilion.pl\/en\/wp-json\/wp\/v2\/product_tag?post=8410"}],"curies":[{"name":"wp","href":"https:\/\/api.w.org\/{rel}","templated":true}]}}