{"id":8437,"date":"2024-06-11T13:15:22","date_gmt":"2024-06-11T11:15:22","guid":{"rendered":"https:\/\/antykilion.pl\/?post_type=product&#038;p=8437"},"modified":"2024-06-11T13:15:22","modified_gmt":"2024-06-11T11:15:22","slug":"filizanki-bracia-kornilow-z-lat-1861-1884-xix-w-rzadkosc","status":"publish","type":"product","link":"https:\/\/antykilion.pl\/en\/product\/filizanki-bracia-kornilow-z-lat-1861-1884-xix-w-rzadkosc\/","title":{"rendered":"Fili\u017canki, Bracia Korni\u0142ow z lat 1861 &#8211; 1884 XIX w, rzadko\u015b\u0107 !!!"},"content":{"rendered":"","protected":false},"excerpt":{"rendered":"<p>Fili\u017canki, Bracia Korni\u0142ow z lat 1861 &#8211; 1884 XIX w, rzadko\u015b\u0107 !!!<\/p>\n<p>4 spodk\u00f3w pod fili\u017canki 14, 5 cm<\/p>\n<p>4 fili\u017canek \u015brednica bez ucha 8,5 cm, wysoko\u015b\u0107 6,5 cm<\/p>\n<p>stan: bardzo dobry<\/p>\n<p>Okazja !!!<br \/>\n Cena dotyczy 1 szt.<\/p>","protected":false},"featured_media":8438,"comment_status":"closed","ping_status":"closed","template":"","meta":[],"product_cat":[50],"product_tag":[],"class_list":{"0":"post-8437","1":"product","2":"type-product","3":"status-publish","4":"has-post-thumbnail","6":"product_cat-porcelana-i-fajans","8":"entry","9":"has-media","11":"first","12":"instock","13":"taxable","14":"shipping-taxable","15":"purchasable","16":"product-type-simple","17":"has-product-nav","18":"col","19":"span_1_of_3","20":"owp-content-center","21":"owp-thumbs-layout-horizontal","22":"owp-btn-normal","23":"owp-tabs-layout-horizontal"},"aioseo_notices":[],"_links":{"self":[{"href":"https:\/\/antykilion.pl\/en\/wp-json\/wp\/v2\/product\/8437","targetHints":{"allow":["GET"]}}],"collection":[{"href":"https:\/\/antykilion.pl\/en\/wp-json\/wp\/v2\/product"}],"about":[{"href":"https:\/\/antykilion.pl\/en\/wp-json\/wp\/v2\/types\/product"}],"replies":[{"embeddable":true,"href":"https:\/\/antykilion.pl\/en\/wp-json\/wp\/v2\/comments?post=8437"}],"wp:featuredmedia":[{"embeddable":true,"href":"https:\/\/antykilion.pl\/en\/wp-json\/wp\/v2\/media\/8438"}],"wp:attachment":[{"href":"https:\/\/antykilion.pl\/en\/wp-json\/wp\/v2\/media?parent=8437"}],"wp:term":[{"taxonomy":"product_cat","embeddable":true,"href":"https:\/\/antykilion.pl\/en\/wp-json\/wp\/v2\/product_cat?post=8437"},{"taxonomy":"product_tag","embeddable":true,"href":"https:\/\/antykilion.pl\/en\/wp-json\/wp\/v2\/product_tag?post=8437"}],"curies":[{"name":"wp","href":"https:\/\/api.w.org\/{rel}","templated":true}]}}