{"id":8566,"date":"2024-06-24T08:04:43","date_gmt":"2024-06-24T06:04:43","guid":{"rendered":"https:\/\/antykilion.pl\/?post_type=product&#038;p=8566"},"modified":"2024-06-24T08:04:44","modified_gmt":"2024-06-24T06:04:44","slug":"bielizniarka-pensjonarka-w-stylu-ludwika-filipa-xix-w-okolo-1860-r-piekna","status":"publish","type":"product","link":"https:\/\/antykilion.pl\/en\/product\/bielizniarka-pensjonarka-w-stylu-ludwika-filipa-xix-w-okolo-1860-r-piekna\/","title":{"rendered":"Bieli\u017aniarka \/ pensjonarka W stylu Ludwika Filipa XIX w oko\u0142o 1860 r pi\u0119kna!"},"content":{"rendered":"","protected":false},"excerpt":{"rendered":"<p>Bieli\u017aniarka \/ pensjonarka W stylu Ludwika Filipa XIX w oko\u0142o 1860 r pi\u0119kna!<\/p>\n<p>wsparta na n\u00f3\u017ckach wolutowych przednich i klockowych tylnych; front wybrzuszony, z dwuskrzyd\u0142owymi drzwiczkami; Pi\u0119kny egzemplarz<\/p>\n<p>Sygnatura:<\/p>\n<p>Stan: bardzo dobry, \u015blady u\u017cytkowania i co najwa\u017cniejsze stan orginalny !!!<\/p>\n<p>Materia\u0142: orzech czeczot<\/p>\n<p>Wymiary: wysoko\u015b\u0107 136 cm, d\u0142ugo\u015b\u0107 102 cm, szeroko\u015b\u0107 50 cm<\/p>\n<p>Ob\u0142\u0119dna !!!<\/p>","protected":false},"featured_media":8569,"comment_status":"closed","ping_status":"closed","template":"","meta":[],"product_cat":[26,27,17],"product_tag":[],"class_list":{"0":"post-8566","1":"product","2":"type-product","3":"status-publish","4":"has-post-thumbnail","6":"product_cat-komody","7":"product_cat-kredensy-bufety","8":"product_cat-meble","10":"entry","11":"has-media","13":"first","14":"instock","15":"taxable","16":"shipping-taxable","17":"purchasable","18":"product-type-simple","19":"has-product-nav","20":"col","21":"span_1_of_3","22":"owp-content-center","23":"owp-thumbs-layout-horizontal","24":"owp-btn-normal","25":"owp-tabs-layout-horizontal"},"aioseo_notices":[],"_links":{"self":[{"href":"https:\/\/antykilion.pl\/en\/wp-json\/wp\/v2\/product\/8566","targetHints":{"allow":["GET"]}}],"collection":[{"href":"https:\/\/antykilion.pl\/en\/wp-json\/wp\/v2\/product"}],"about":[{"href":"https:\/\/antykilion.pl\/en\/wp-json\/wp\/v2\/types\/product"}],"replies":[{"embeddable":true,"href":"https:\/\/antykilion.pl\/en\/wp-json\/wp\/v2\/comments?post=8566"}],"wp:featuredmedia":[{"embeddable":true,"href":"https:\/\/antykilion.pl\/en\/wp-json\/wp\/v2\/media\/8569"}],"wp:attachment":[{"href":"https:\/\/antykilion.pl\/en\/wp-json\/wp\/v2\/media?parent=8566"}],"wp:term":[{"taxonomy":"product_cat","embeddable":true,"href":"https:\/\/antykilion.pl\/en\/wp-json\/wp\/v2\/product_cat?post=8566"},{"taxonomy":"product_tag","embeddable":true,"href":"https:\/\/antykilion.pl\/en\/wp-json\/wp\/v2\/product_tag?post=8566"}],"curies":[{"name":"wp","href":"https:\/\/api.w.org\/{rel}","templated":true}]}}