{"id":8608,"date":"2024-06-25T14:35:58","date_gmt":"2024-06-25T12:35:58","guid":{"rendered":"https:\/\/antykilion.pl\/?post_type=product&#038;p=8608"},"modified":"2024-06-25T14:35:59","modified_gmt":"2024-06-25T12:35:59","slug":"matthias-czwiczek-portret-mezczyzny-w-zoltym-stroju-xvii-w-atrybucja","status":"publish","type":"product","link":"https:\/\/antykilion.pl\/en\/product\/matthias-czwiczek-portret-mezczyzny-w-zoltym-stroju-xvii-w-atrybucja\/","title":{"rendered":"Matthias Czwiczek Portret m\u0119\u017cczyzny w \u017c\u00f3\u0142tym stroju, XVII w ! atrybucja"},"content":{"rendered":"","protected":false},"excerpt":{"rendered":"<p>Matthias Czwiczek Portret m\u0119\u017cczyzny w \u017c\u00f3\u0142tym stroju, XVII w ! atrybucja<\/p>\n<p>Portret  Herbowy prawdopodobnie przedstawia Polskiego szlachcica<\/p>\n<p>Ogromna rzadko\u015b\u0107 !!!<\/p>\n<p>Technique: oil on canvas<\/p>\n<p>Stan: dobry, drobne ubytki przemalowania w szczeg\u00f3lno\u015bci w obr\u0119bie twarzy zapewne powierzchowne aby zatrzyma\u0107 \u0142uszczenie malatury<\/p>\n<p>Sygnatura: nie znaleziono<\/p>\n<p>Wymiary: p\u0142\u00f3tno 90 cm na 69 cm z ram\u0105 103 cm na 81 cm<\/p>\n<p>Do ka\u017cdego przedmiotu Galeria wystawia certyfikat.<\/p>","protected":false},"featured_media":8609,"comment_status":"closed","ping_status":"closed","template":"","meta":[],"product_cat":[41,39,40],"product_tag":[],"class_list":{"0":"post-8608","1":"product","2":"type-product","3":"status-publish","4":"has-post-thumbnail","6":"product_cat-malarstwo-dawne","7":"product_cat-dziela-sztuki","8":"product_cat-malarstwo","10":"entry","11":"has-media","13":"first","14":"instock","15":"taxable","16":"shipping-taxable","17":"purchasable","18":"product-type-simple","19":"has-product-nav","20":"col","21":"span_1_of_3","22":"owp-content-center","23":"owp-thumbs-layout-horizontal","24":"owp-btn-normal","25":"owp-tabs-layout-horizontal"},"aioseo_notices":[],"_links":{"self":[{"href":"https:\/\/antykilion.pl\/en\/wp-json\/wp\/v2\/product\/8608","targetHints":{"allow":["GET"]}}],"collection":[{"href":"https:\/\/antykilion.pl\/en\/wp-json\/wp\/v2\/product"}],"about":[{"href":"https:\/\/antykilion.pl\/en\/wp-json\/wp\/v2\/types\/product"}],"replies":[{"embeddable":true,"href":"https:\/\/antykilion.pl\/en\/wp-json\/wp\/v2\/comments?post=8608"}],"wp:featuredmedia":[{"embeddable":true,"href":"https:\/\/antykilion.pl\/en\/wp-json\/wp\/v2\/media\/8609"}],"wp:attachment":[{"href":"https:\/\/antykilion.pl\/en\/wp-json\/wp\/v2\/media?parent=8608"}],"wp:term":[{"taxonomy":"product_cat","embeddable":true,"href":"https:\/\/antykilion.pl\/en\/wp-json\/wp\/v2\/product_cat?post=8608"},{"taxonomy":"product_tag","embeddable":true,"href":"https:\/\/antykilion.pl\/en\/wp-json\/wp\/v2\/product_tag?post=8608"}],"curies":[{"name":"wp","href":"https:\/\/api.w.org\/{rel}","templated":true}]}}