{"id":8756,"date":"2024-08-04T13:38:50","date_gmt":"2024-08-04T11:38:50","guid":{"rendered":"https:\/\/antykilion.pl\/?post_type=product&#038;p=8756"},"modified":"2026-03-14T12:56:42","modified_gmt":"2026-03-14T11:56:42","slug":"stol-zlocony-w-stylu-ludwika-xvi-okolo-1870-r-z-marmurowym-blatem","status":"publish","type":"product","link":"https:\/\/antykilion.pl\/en\/product\/stol-zlocony-w-stylu-ludwika-xvi-okolo-1870-r-z-marmurowym-blatem\/","title":{"rendered":"St\u00f3\u0142 z\u0142ocony w stylu Ludwika XVI oko\u0142o 1870 r z marmurowym blatem !"},"content":{"rendered":"","protected":false},"excerpt":{"rendered":"<p>St\u00f3\u0142 z\u0142ocony w stylu Ludwika XVI oko\u0142o 1870 r z marmurowym blatem !<\/p>\n<p>St\u00f3\u0142 o prostok\u0105tnym blatem po bokach zaokr\u0105glonym stela\u017c spi\u0119ty krzy\u017cakiem zako\u0144czony sterczyn\u0105, ca\u0142o\u015b\u0107 wyko\u0144czona dekoracj\u0105 w formie kwiatowych girland\u00f3w<\/p>\n<p>Pochodzenie:\u00a0 Francja ?<\/p>\n<p>Stan: bardzo dobry\u00a0 oczywi\u015bcie wida\u0107 drobne \u015blady u\u017cytkowania raczej tylko w formie starych przetar\u0107 z\u0142oce\u0144, orginalny nieruszany, dzi\u015b st\u00f3\u0142 w stanie orginalnym to ogromna rzadko\u015b\u0107<\/p>\n<p>Materia\u0142: Buczyna? z\u0142ocenia polichromia, marmur<\/p>\n<p>Wymiary: wysoko\u015b\u0107 77 cm, d\u0142ugo\u015b\u0107 101 cm, g\u0142\u0119boko\u015b\u0107 60 cm<\/p>\n<p>Pi\u0119kny mebel i bardzo bogaty !!!<\/p>","protected":false},"featured_media":8757,"comment_status":"closed","ping_status":"closed","template":"","meta":[],"product_cat":[17,33],"product_tag":[],"class_list":{"0":"post-8756","1":"product","2":"type-product","3":"status-publish","4":"has-post-thumbnail","6":"product_cat-meble","7":"product_cat-stoly-stoliki","9":"entry","10":"has-media","12":"first","13":"instock","14":"taxable","15":"shipping-taxable","16":"purchasable","17":"product-type-simple","18":"has-product-nav","19":"col","20":"span_1_of_3","21":"owp-content-center","22":"owp-thumbs-layout-horizontal","23":"owp-btn-normal","24":"owp-tabs-layout-horizontal"},"aioseo_notices":[],"_links":{"self":[{"href":"https:\/\/antykilion.pl\/en\/wp-json\/wp\/v2\/product\/8756","targetHints":{"allow":["GET"]}}],"collection":[{"href":"https:\/\/antykilion.pl\/en\/wp-json\/wp\/v2\/product"}],"about":[{"href":"https:\/\/antykilion.pl\/en\/wp-json\/wp\/v2\/types\/product"}],"replies":[{"embeddable":true,"href":"https:\/\/antykilion.pl\/en\/wp-json\/wp\/v2\/comments?post=8756"}],"wp:featuredmedia":[{"embeddable":true,"href":"https:\/\/antykilion.pl\/en\/wp-json\/wp\/v2\/media\/8757"}],"wp:attachment":[{"href":"https:\/\/antykilion.pl\/en\/wp-json\/wp\/v2\/media?parent=8756"}],"wp:term":[{"taxonomy":"product_cat","embeddable":true,"href":"https:\/\/antykilion.pl\/en\/wp-json\/wp\/v2\/product_cat?post=8756"},{"taxonomy":"product_tag","embeddable":true,"href":"https:\/\/antykilion.pl\/en\/wp-json\/wp\/v2\/product_tag?post=8756"}],"curies":[{"name":"wp","href":"https:\/\/api.w.org\/{rel}","templated":true}]}}