{"id":8765,"date":"2024-08-04T14:06:01","date_gmt":"2024-08-04T12:06:01","guid":{"rendered":"https:\/\/antykilion.pl\/?post_type=product&#038;p=8765"},"modified":"2024-08-04T14:06:01","modified_gmt":"2024-08-04T12:06:01","slug":"stol-w-stylu-biedermeier-xix-w-okolo-1810-30-r-wieden-obledny","status":"publish","type":"product","link":"https:\/\/antykilion.pl\/en\/product\/stol-w-stylu-biedermeier-xix-w-okolo-1810-30-r-wieden-obledny\/","title":{"rendered":"St\u00f3\u0142 w stylu Biedermeier XIX w oko\u0142o 1810\/30 r Wiede\u0144, ob\u0142\u0119dny !"},"content":{"rendered":"","protected":false},"excerpt":{"rendered":"<p>St\u00f3\u0142 w stylu Biedermeier XIX w oko\u0142o 1810\/30 r Wiede\u0144, ob\u0142\u0119dny !<\/p>\n<p>St\u00f3\u0142 fornirowany czere\u015bni\u0105, ozdobiony, jaworow\u0105 intarsjami w postaci rozety. St\u00f3\u0142 z okr\u0105g\u0142ym blatem czernionym na naro\u017cach, umieszczony na sze\u015bciobocznym trzonie, zat\u0119\u017conym na bokach trzema ceownicami zako\u0144czonymi wolutami, wsparty na romboidalnej platformie o wkl\u0119s\u0142ych bokach.<\/p>\n<p>Pochodzenie:\u00a0 Wiede\u0144<\/p>\n<p>Stan: bardzo dobry, wr\u0119cz idealny orginalny<\/p>\n<p>Materia\u0142: czere\u015bnia lub wi\u015bnia<\/p>\n<p>Wymiary: wysoko\u015b\u0107 77 cm, \u015brednica blatu 107 cm<\/p>\n<p>Pi\u0119kny mebel i bardzo bogaty !!!<\/p>","protected":false},"featured_media":8766,"comment_status":"closed","ping_status":"closed","template":"","meta":[],"product_cat":[17,33],"product_tag":[],"class_list":{"0":"post-8765","1":"product","2":"type-product","3":"status-publish","4":"has-post-thumbnail","6":"product_cat-meble","7":"product_cat-stoly-stoliki","9":"entry","10":"has-media","12":"first","13":"instock","14":"taxable","15":"shipping-taxable","16":"purchasable","17":"product-type-simple","18":"has-product-nav","19":"col","20":"span_1_of_3","21":"owp-content-center","22":"owp-thumbs-layout-horizontal","23":"owp-btn-normal","24":"owp-tabs-layout-horizontal"},"aioseo_notices":[],"_links":{"self":[{"href":"https:\/\/antykilion.pl\/en\/wp-json\/wp\/v2\/product\/8765","targetHints":{"allow":["GET"]}}],"collection":[{"href":"https:\/\/antykilion.pl\/en\/wp-json\/wp\/v2\/product"}],"about":[{"href":"https:\/\/antykilion.pl\/en\/wp-json\/wp\/v2\/types\/product"}],"replies":[{"embeddable":true,"href":"https:\/\/antykilion.pl\/en\/wp-json\/wp\/v2\/comments?post=8765"}],"wp:featuredmedia":[{"embeddable":true,"href":"https:\/\/antykilion.pl\/en\/wp-json\/wp\/v2\/media\/8766"}],"wp:attachment":[{"href":"https:\/\/antykilion.pl\/en\/wp-json\/wp\/v2\/media?parent=8765"}],"wp:term":[{"taxonomy":"product_cat","embeddable":true,"href":"https:\/\/antykilion.pl\/en\/wp-json\/wp\/v2\/product_cat?post=8765"},{"taxonomy":"product_tag","embeddable":true,"href":"https:\/\/antykilion.pl\/en\/wp-json\/wp\/v2\/product_tag?post=8765"}],"curies":[{"name":"wp","href":"https:\/\/api.w.org\/{rel}","templated":true}]}}