{"id":8782,"date":"2024-08-04T16:52:35","date_gmt":"2024-08-04T14:52:35","guid":{"rendered":"https:\/\/antykilion.pl\/?post_type=product&#038;p=8782"},"modified":"2026-03-14T12:57:19","modified_gmt":"2026-03-14T11:57:19","slug":"stolik-do-gry-konsola-w-stylu-napoleona-iii-xix-w-okolo-1870-r-piekny","status":"publish","type":"product","link":"https:\/\/antykilion.pl\/en\/product\/stolik-do-gry-konsola-w-stylu-napoleona-iii-xix-w-okolo-1870-r-piekny\/","title":{"rendered":"Stolik do gry konsola w stylu Napoleona III XIX w oko\u0142o 1870 r Pi\u0119kny"},"content":{"rendered":"","protected":false},"excerpt":{"rendered":"<p>Stolik do gry konsola w stylu Napoleona III XIX w oko\u0142o 1870 r Pi\u0119kny<\/p>\n<p>Stolik prostok\u0105tny, z otwieran\u0105 klap\u0105 w \u015brodku sukno, wsparty na czterech esowatych nogach. Fornirowany i bogato intarsjowany.<\/p>\n<p>Stan: Bardzo dobry orginalny , blat nieco podniesiony do g\u00f3ry, ale mu to nie przeszkadza<\/p>\n<p>Pochodzenie: Francja Pary\u017c<\/p>\n<p>Materia\u0142: Fornirowane jaworem, palisandrem, bukszpanem, cytryn\u0105 i cz\u0119\u015bciowo barwionym klonem<\/p>\n<p>Wymiary:Wysoko\u015b\u0107 72 cm, d\u0142ugo\u015b\u0107 84 cm, szer. 82 cm po roz\u0142o\u017ceniu<\/p>\n<p>Ob\u0142\u0119dny !!!<\/p>","protected":false},"featured_media":8783,"comment_status":"closed","ping_status":"closed","template":"","meta":[],"product_cat":[17,33],"product_tag":[],"class_list":{"0":"post-8782","1":"product","2":"type-product","3":"status-publish","4":"has-post-thumbnail","6":"product_cat-meble","7":"product_cat-stoly-stoliki","9":"entry","10":"has-media","12":"first","13":"instock","14":"taxable","15":"shipping-taxable","16":"purchasable","17":"product-type-simple","18":"has-product-nav","19":"col","20":"span_1_of_3","21":"owp-content-center","22":"owp-thumbs-layout-horizontal","23":"owp-btn-normal","24":"owp-tabs-layout-horizontal"},"aioseo_notices":[],"_links":{"self":[{"href":"https:\/\/antykilion.pl\/en\/wp-json\/wp\/v2\/product\/8782","targetHints":{"allow":["GET"]}}],"collection":[{"href":"https:\/\/antykilion.pl\/en\/wp-json\/wp\/v2\/product"}],"about":[{"href":"https:\/\/antykilion.pl\/en\/wp-json\/wp\/v2\/types\/product"}],"replies":[{"embeddable":true,"href":"https:\/\/antykilion.pl\/en\/wp-json\/wp\/v2\/comments?post=8782"}],"wp:featuredmedia":[{"embeddable":true,"href":"https:\/\/antykilion.pl\/en\/wp-json\/wp\/v2\/media\/8783"}],"wp:attachment":[{"href":"https:\/\/antykilion.pl\/en\/wp-json\/wp\/v2\/media?parent=8782"}],"wp:term":[{"taxonomy":"product_cat","embeddable":true,"href":"https:\/\/antykilion.pl\/en\/wp-json\/wp\/v2\/product_cat?post=8782"},{"taxonomy":"product_tag","embeddable":true,"href":"https:\/\/antykilion.pl\/en\/wp-json\/wp\/v2\/product_tag?post=8782"}],"curies":[{"name":"wp","href":"https:\/\/api.w.org\/{rel}","templated":true}]}}