{"id":8789,"date":"2024-08-04T17:16:41","date_gmt":"2024-08-04T15:16:41","guid":{"rendered":"https:\/\/antykilion.pl\/?post_type=product&#038;p=8789"},"modified":"2024-08-04T17:16:42","modified_gmt":"2024-08-04T15:16:42","slug":"stolik-etazerka-w-stylu-ludwika-xvi-xix-w-okolo-1870-r-styl-francois-linke","status":"publish","type":"product","link":"https:\/\/antykilion.pl\/en\/product\/stolik-etazerka-w-stylu-ludwika-xvi-xix-w-okolo-1870-r-styl-francois-linke\/","title":{"rendered":"Stolik eta\u017cerka w stylu ludwika XVI XIX w oko\u0142o 1870 r styl Francois Linke !!!"},"content":{"rendered":"","protected":false},"excerpt":{"rendered":"<p>Stolik eta\u017cerka w stylu ludwika XVI XIX w oko\u0142o 1870 r styl Francois Linke !!!<\/p>\n<p>Stolik prostok\u0105tny, z szufladk\u0105, wsparty na czterech  n\u00f3\u017ckach po\u0142\u0105czonych dwiema p\u00f3lkami. Fornirowany i bogato intarsjowany w formie jode\u0142ki Wszystko bogato dekorowane br\u0105zami z\u0142oconymi na szufladzie plakieta z puttem.<\/p>\n<p>Stan: Bardzo dobry orgiinalny , oczywi\u015bcie wida\u0107 drobne \u015blady u\u017cytkowania<\/p>\n<p>Pochodzenie: Francja nie znale\u017ali\u015bmy sygnatury, ale wszystko wskazuje na warsztat Francois Linke<\/p>\n<p>Materia\u0142: okleina Maho\u0144 piramidalny<\/p>\n<p>Wymiary:Wysoko\u015b\u0107 73 cm, d\u0142ugo\u015b\u0107 87 cm, szer. 61 cm<\/p>\n<p>Stolik niesamowicie elegancki w formie.<\/p>","protected":false},"featured_media":8790,"comment_status":"closed","ping_status":"closed","template":"","meta":[],"product_cat":[17,33],"product_tag":[],"class_list":{"0":"post-8789","1":"product","2":"type-product","3":"status-publish","4":"has-post-thumbnail","6":"product_cat-meble","7":"product_cat-stoly-stoliki","9":"entry","10":"has-media","12":"first","13":"instock","14":"taxable","15":"shipping-taxable","16":"purchasable","17":"product-type-simple","18":"has-product-nav","19":"col","20":"span_1_of_3","21":"owp-content-center","22":"owp-thumbs-layout-horizontal","23":"owp-btn-normal","24":"owp-tabs-layout-horizontal"},"aioseo_notices":[],"_links":{"self":[{"href":"https:\/\/antykilion.pl\/en\/wp-json\/wp\/v2\/product\/8789","targetHints":{"allow":["GET"]}}],"collection":[{"href":"https:\/\/antykilion.pl\/en\/wp-json\/wp\/v2\/product"}],"about":[{"href":"https:\/\/antykilion.pl\/en\/wp-json\/wp\/v2\/types\/product"}],"replies":[{"embeddable":true,"href":"https:\/\/antykilion.pl\/en\/wp-json\/wp\/v2\/comments?post=8789"}],"wp:featuredmedia":[{"embeddable":true,"href":"https:\/\/antykilion.pl\/en\/wp-json\/wp\/v2\/media\/8790"}],"wp:attachment":[{"href":"https:\/\/antykilion.pl\/en\/wp-json\/wp\/v2\/media?parent=8789"}],"wp:term":[{"taxonomy":"product_cat","embeddable":true,"href":"https:\/\/antykilion.pl\/en\/wp-json\/wp\/v2\/product_cat?post=8789"},{"taxonomy":"product_tag","embeddable":true,"href":"https:\/\/antykilion.pl\/en\/wp-json\/wp\/v2\/product_tag?post=8789"}],"curies":[{"name":"wp","href":"https:\/\/api.w.org\/{rel}","templated":true}]}}