{"id":8808,"date":"2024-08-12T12:17:38","date_gmt":"2024-08-12T10:17:38","guid":{"rendered":"https:\/\/antykilion.pl\/?post_type=product&#038;p=8808"},"modified":"2024-08-13T12:11:55","modified_gmt":"2024-08-13T10:11:55","slug":"muzealny-zegar-w-stylu-klasycystycznym-biedermeier-xix-w-okolo-1800-r","status":"publish","type":"product","link":"https:\/\/antykilion.pl\/en\/product\/muzealny-zegar-w-stylu-klasycystycznym-biedermeier-xix-w-okolo-1800-r\/","title":{"rendered":"Muzealny zegar w stylu Klasycystycznym, Biedermeier XIX w oko\u0142o 1800 r !!!"},"content":{"rendered":"","protected":false},"excerpt":{"rendered":"<p>Muzealny zegar w stylu Klasycystycznym, Biedermeier XIX w oko\u0142o 1800 r !!!<\/p>\n<p>Zegar pod\u0142ogowy- szafowy<\/p>\n<p>dwucz\u0119\u015bciowy, z prostym, jednoskrzyd\u0142owym trzonem, prostok\u0105tn\u0105 szafk\u0105 mechanizmu zako\u0144czon\u0105 prostok\u0105tn\u0105 g\u0142ow\u0105, zamykan\u0105 jednoskrzyd\u0142owo, z okr\u0105g\u0142\u0105, przeszklon\u0105 rezerw\u0105 w miejscu tarczy z wypuk\u0142ym szk\u0142em  i prostok\u0105tn\u0105, smuk\u0142\u0105 podstaw\u0105, wspart\u0105 na czterech graniastych nogach. Ca\u0142o\u015b\u0107 fornirowana orzechem, czeczot\u0119 z elementami czernionymi oraz bardzo bogat\u0105 intarsj\u0105 w wzory typowe dla kalsycyzmu.  Mechanizm p\u0142ytowy, stalowy, z wychwytem kotwicznym, z malowan\u0105 na bia\u0142o i grawerowan\u0105 mosi\u0119\u017cn\u0105 obw\u00f3dk\u0105, z a\u017curowymi mosi\u0119\u017cnymi wskaz\u00f3wkami, z mosi\u0119\u017cnym dzwonnikiem, bij\u0105cy godziny. Szyldy zamk\u00f3w z ko\u015bci s\u0142oniowej trapezoidalne. Zamek skrzyd\u0142a drzwi trzonu stalowy, wpuszczany, hakowy. Skrzyd\u0142o drzwi szafki mechanizmu zamykana na haczyk umieszczony na lewym boku.<\/p>\n<p>Pot\u0119\u017cny zegar szafowo \u2013 pod\u0142ogowy, o cechach typowo dla klasycyzmu lub wczesnego biedermeieru<\/p>\n<p>Materia\u0142: orzech ob\u0142\u00f3g i czere\u015bnia? oraz kilka innych fornir\u00f3w umieszczonych w intarsjach<\/p>\n<p>Wymiary: wys. 232 cm, szer. 57 cm, g\u0142\u0119b. 28 cm.<\/p>\n<p>Pochodzenie: Europa \u015brodkowa Polska Lub Niemcy<\/p>\n<p>Stan: Bardzo dobry, oczywi\u015bcie widoczne drobne \u015blady u\u017cytkowania jeden z zawis\u00f3w w drzwiczkach uszkodzony, mechanizm po przegl\u0105dzie zegarmistrzowskim<\/p>\n<p>Beautiful makes an impression !!!<\/p>\n<p>Muzealny okaz !!!<\/p>","protected":false},"featured_media":8809,"comment_status":"closed","ping_status":"closed","template":"","meta":[],"product_cat":[52,51],"product_tag":[],"class_list":{"0":"post-8808","1":"product","2":"type-product","3":"status-publish","4":"has-post-thumbnail","6":"product_cat-zegary-stojace","7":"product_cat-zegary","9":"entry","10":"has-media","12":"first","13":"instock","14":"taxable","15":"shipping-taxable","16":"purchasable","17":"product-type-simple","18":"has-product-nav","19":"col","20":"span_1_of_3","21":"owp-content-center","22":"owp-thumbs-layout-horizontal","23":"owp-btn-normal","24":"owp-tabs-layout-horizontal"},"aioseo_notices":[],"_links":{"self":[{"href":"https:\/\/antykilion.pl\/en\/wp-json\/wp\/v2\/product\/8808","targetHints":{"allow":["GET"]}}],"collection":[{"href":"https:\/\/antykilion.pl\/en\/wp-json\/wp\/v2\/product"}],"about":[{"href":"https:\/\/antykilion.pl\/en\/wp-json\/wp\/v2\/types\/product"}],"replies":[{"embeddable":true,"href":"https:\/\/antykilion.pl\/en\/wp-json\/wp\/v2\/comments?post=8808"}],"wp:featuredmedia":[{"embeddable":true,"href":"https:\/\/antykilion.pl\/en\/wp-json\/wp\/v2\/media\/8809"}],"wp:attachment":[{"href":"https:\/\/antykilion.pl\/en\/wp-json\/wp\/v2\/media?parent=8808"}],"wp:term":[{"taxonomy":"product_cat","embeddable":true,"href":"https:\/\/antykilion.pl\/en\/wp-json\/wp\/v2\/product_cat?post=8808"},{"taxonomy":"product_tag","embeddable":true,"href":"https:\/\/antykilion.pl\/en\/wp-json\/wp\/v2\/product_tag?post=8808"}],"curies":[{"name":"wp","href":"https:\/\/api.w.org\/{rel}","templated":true}]}}