{"id":8861,"date":"2024-09-29T17:51:54","date_gmt":"2024-09-29T15:51:54","guid":{"rendered":"https:\/\/antykilion.pl\/?post_type=product&#038;p=8861"},"modified":"2024-09-29T17:51:55","modified_gmt":"2024-09-29T15:51:55","slug":"para-olbrzymich-foteli-xix-wiek-w-stylu-ludwika-xv-okolo-1890-r-przepiekne","status":"publish","type":"product","link":"https:\/\/antykilion.pl\/en\/product\/para-olbrzymich-foteli-xix-wiek-w-stylu-ludwika-xv-okolo-1890-r-przepiekne\/","title":{"rendered":"Para olbrzymich Foteli XIX wiek, w stylu ludwika XV oko\u0142o 1890 r przepi\u0119kne"},"content":{"rendered":"","protected":false},"excerpt":{"rendered":"<p>Para olbrzymich Foteli XIX wiek, w stylu ludwika XV oko\u0142o 1890 r przepi\u0119kne<\/p>\n<p>Fotele w stylu Ludwika XV<\/p>\n<p>o falistych i profilowanych kszta\u0142tach konstrukcji, tapicerowany na siedzisku, oparciu i na por\u0119czach, wsparte na czterech nogach,  zar\u00f3wno przednich jak i tylnych kabriolowych zako\u0144czonych sto\u017ckowato,<\/p>\n<p>The backrests slightly tilted back, similar in shape to a rectangle, with carved tops in the form of shells and acanthus leaves. Seats wider at the front, with a curved frame on the sides, profiled at the front, fastened at the bottom with belts with springs. Handrails chiseled, bent outwards, slightly set back in relation to the front flank.<\/p>\n<p>Konstrukcja Buczyna z\u0142ocona, bogata snycerka.,<\/p>\n<p>Powstanie: Francja, II po\u0142. XIX w.<\/p>\n<p>Stan: bardzo dobry gdzieniegdzie poprawy z\u0142oce\u0144 ale to normalne, poduchy wyjmowane wi\u0119c mo\u017cna wymieni\u0107 obicie chocia\u017c to jest bez zarzut\u00f3w<\/p>\n<p>Wymiary: wysoko\u015b\u0107 siedziska oko\u0142o 37 cm, wysoko\u015b\u0107 oparcia oko\u0142o 102 cm. szeroko\u015b\u0107 oko\u0142o 90 cm<\/p>\n<p>Fotele bardzo dekoracyjne ob\u0142\u0119dne<\/p>","protected":false},"featured_media":8862,"comment_status":"closed","ping_status":"closed","template":"","meta":[],"product_cat":[24,17],"product_tag":[],"class_list":{"0":"post-8861","1":"product","2":"type-product","3":"status-publish","4":"has-post-thumbnail","6":"product_cat-fotele","7":"product_cat-meble","9":"entry","10":"has-media","12":"first","13":"instock","14":"taxable","15":"shipping-taxable","16":"purchasable","17":"product-type-simple","18":"has-product-nav","19":"col","20":"span_1_of_3","21":"owp-content-center","22":"owp-thumbs-layout-horizontal","23":"owp-btn-normal","24":"owp-tabs-layout-horizontal"},"aioseo_notices":[],"_links":{"self":[{"href":"https:\/\/antykilion.pl\/en\/wp-json\/wp\/v2\/product\/8861","targetHints":{"allow":["GET"]}}],"collection":[{"href":"https:\/\/antykilion.pl\/en\/wp-json\/wp\/v2\/product"}],"about":[{"href":"https:\/\/antykilion.pl\/en\/wp-json\/wp\/v2\/types\/product"}],"replies":[{"embeddable":true,"href":"https:\/\/antykilion.pl\/en\/wp-json\/wp\/v2\/comments?post=8861"}],"wp:featuredmedia":[{"embeddable":true,"href":"https:\/\/antykilion.pl\/en\/wp-json\/wp\/v2\/media\/8862"}],"wp:attachment":[{"href":"https:\/\/antykilion.pl\/en\/wp-json\/wp\/v2\/media?parent=8861"}],"wp:term":[{"taxonomy":"product_cat","embeddable":true,"href":"https:\/\/antykilion.pl\/en\/wp-json\/wp\/v2\/product_cat?post=8861"},{"taxonomy":"product_tag","embeddable":true,"href":"https:\/\/antykilion.pl\/en\/wp-json\/wp\/v2\/product_tag?post=8861"}],"curies":[{"name":"wp","href":"https:\/\/api.w.org\/{rel}","templated":true}]}}