{"id":8867,"date":"2024-09-29T18:59:51","date_gmt":"2024-09-29T16:59:51","guid":{"rendered":"https:\/\/antykilion.pl\/?post_type=product&#038;p=8867"},"modified":"2026-03-14T12:36:19","modified_gmt":"2026-03-14T11:36:19","slug":"krzesla-intarsjowane-4-szt-w-stylu-biedermeier-xix-w-okolo-1830-r","status":"publish","type":"product","link":"https:\/\/antykilion.pl\/en\/product\/krzesla-intarsjowane-4-szt-w-stylu-biedermeier-xix-w-okolo-1830-r\/","title":{"rendered":"Krzes\u0142a intarsjowane 4 szt. w stylu biedermeier XIX w oko\u0142o 1830 r"},"content":{"rendered":"","protected":false},"excerpt":{"rendered":"<p>Krzes\u0142a intarsjowane 4 szt. w stylu biedermeier XIX w oko\u0142o 1830 r<\/p>\n<p>siedziska poduchy wyjmowalne\u00a0 z oparciami lekko wygi\u0119tymi do ty\u0142u, zwie\u0144czonymi szerokim ramiakiem wolutowo wygi\u0119tym ku do\u0142owi, wype\u0142nionymi desk\u0105 po\u015brodku, wy\u015bcie\u0142ane na siedzeniach o trapezoidalnym kszta\u0142cie, wsparte na czterech graniastych nogach, lekko wygi\u0119tych do przodu. Poduchy siedziska wyjmowane<\/p>\n<p>Konstrukcja masyw brzoza, fornir palisander oraz wiele innych w intarsjach<\/p>\n<p>Powstanie: Europa\u00a0<\/p>\n<p>Stan: bardzo dobry konstrukcyjnie, poprawkowe klejenia w ramiaku, drobne ubytki w fornirze ale wed\u0142ug mnie ma\u0142o istotne, materia\u0142 dobry ale uwa\u017cam. \u017ce lepiej wymieni\u0107 na co\u015b bardziej klasycznego.<\/p>\n<p>Wymiary: wysoko\u015b\u0107 siedziska oko\u0142o 48 cm, wysoko\u015b\u0107 oparcia oko\u0142o 92 cm. szeroko\u015b\u0107 46 cm<\/p>\n<p>Bardzo \u0142adne i chyba jedne z bardziej poszukiwanych na rynku antykwarycznym !<\/p>","protected":false},"featured_media":8868,"comment_status":"closed","ping_status":"closed","template":"","meta":[],"product_cat":[28,17],"product_tag":[],"class_list":{"0":"post-8867","1":"product","2":"type-product","3":"status-publish","4":"has-post-thumbnail","6":"product_cat-krzesla","7":"product_cat-meble","9":"entry","10":"has-media","12":"first","13":"instock","14":"taxable","15":"shipping-taxable","16":"purchasable","17":"product-type-simple","18":"has-product-nav","19":"col","20":"span_1_of_3","21":"owp-content-center","22":"owp-thumbs-layout-horizontal","23":"owp-btn-normal","24":"owp-tabs-layout-horizontal"},"aioseo_notices":[],"_links":{"self":[{"href":"https:\/\/antykilion.pl\/en\/wp-json\/wp\/v2\/product\/8867","targetHints":{"allow":["GET"]}}],"collection":[{"href":"https:\/\/antykilion.pl\/en\/wp-json\/wp\/v2\/product"}],"about":[{"href":"https:\/\/antykilion.pl\/en\/wp-json\/wp\/v2\/types\/product"}],"replies":[{"embeddable":true,"href":"https:\/\/antykilion.pl\/en\/wp-json\/wp\/v2\/comments?post=8867"}],"wp:featuredmedia":[{"embeddable":true,"href":"https:\/\/antykilion.pl\/en\/wp-json\/wp\/v2\/media\/8868"}],"wp:attachment":[{"href":"https:\/\/antykilion.pl\/en\/wp-json\/wp\/v2\/media?parent=8867"}],"wp:term":[{"taxonomy":"product_cat","embeddable":true,"href":"https:\/\/antykilion.pl\/en\/wp-json\/wp\/v2\/product_cat?post=8867"},{"taxonomy":"product_tag","embeddable":true,"href":"https:\/\/antykilion.pl\/en\/wp-json\/wp\/v2\/product_tag?post=8867"}],"curies":[{"name":"wp","href":"https:\/\/api.w.org\/{rel}","templated":true}]}}