{"id":8879,"date":"2024-09-29T20:13:15","date_gmt":"2024-09-29T18:13:15","guid":{"rendered":"https:\/\/antykilion.pl\/?post_type=product&#038;p=8879"},"modified":"2026-03-14T12:56:01","modified_gmt":"2026-03-14T11:56:01","slug":"stol-w-stylu-neorokoko-xix-w-piekny-2","status":"publish","type":"product","link":"https:\/\/antykilion.pl\/en\/product\/stol-w-stylu-neorokoko-xix-w-piekny-2\/","title":{"rendered":"St\u00f3\u0142 w stylu neorokoko XIX w, pi\u0119kny!!!"},"content":{"rendered":"","protected":false},"excerpt":{"rendered":"<p>St\u00f3\u0142 w stylu neorokoko XIX w, pi\u0119kny!!!<\/p>\n<p>St\u00f3\u0142 zbli\u017cony do ko\u0142a, o nogach spi\u0119tych krzy\u017cakiem z kwiatonem po\u015brodku. Blat obwiedziony obramieniem, wype\u0142niony wzorzystym fornirem.<\/p>\n<p>Stan. Bardzo dobry, zwyk\u0142e \u015blady u\u017cytkowania,<\/p>\n<p>Materia\u0142: \u2013 orzech i orzech Kaukaski<\/p>\n<p>Wymiary: wysoko\u015b\u0107 70 cm, szeroko\u015b\u0107 83 cm, d\u0142ugo\u015b\u0107 121 cm<\/p>\n<p>Pochodzenie: Europa \u015arodkowa- Polska 2 po\u0142. XIX w.<\/p>\n<p>Beautiful!!!<\/p>","protected":false},"featured_media":8880,"comment_status":"closed","ping_status":"closed","template":"","meta":[],"product_cat":[17,33],"product_tag":[],"class_list":{"0":"post-8879","1":"product","2":"type-product","3":"status-publish","4":"has-post-thumbnail","6":"product_cat-meble","7":"product_cat-stoly-stoliki","9":"entry","10":"has-media","12":"first","13":"instock","14":"taxable","15":"shipping-taxable","16":"purchasable","17":"product-type-simple","18":"has-product-nav","19":"col","20":"span_1_of_3","21":"owp-content-center","22":"owp-thumbs-layout-horizontal","23":"owp-btn-normal","24":"owp-tabs-layout-horizontal"},"aioseo_notices":[],"_links":{"self":[{"href":"https:\/\/antykilion.pl\/en\/wp-json\/wp\/v2\/product\/8879","targetHints":{"allow":["GET"]}}],"collection":[{"href":"https:\/\/antykilion.pl\/en\/wp-json\/wp\/v2\/product"}],"about":[{"href":"https:\/\/antykilion.pl\/en\/wp-json\/wp\/v2\/types\/product"}],"replies":[{"embeddable":true,"href":"https:\/\/antykilion.pl\/en\/wp-json\/wp\/v2\/comments?post=8879"}],"wp:featuredmedia":[{"embeddable":true,"href":"https:\/\/antykilion.pl\/en\/wp-json\/wp\/v2\/media\/8880"}],"wp:attachment":[{"href":"https:\/\/antykilion.pl\/en\/wp-json\/wp\/v2\/media?parent=8879"}],"wp:term":[{"taxonomy":"product_cat","embeddable":true,"href":"https:\/\/antykilion.pl\/en\/wp-json\/wp\/v2\/product_cat?post=8879"},{"taxonomy":"product_tag","embeddable":true,"href":"https:\/\/antykilion.pl\/en\/wp-json\/wp\/v2\/product_tag?post=8879"}],"curies":[{"name":"wp","href":"https:\/\/api.w.org\/{rel}","templated":true}]}}